{"id":8654,"date":"2021-06-21T04:23:24","date_gmt":"2021-06-21T04:23:24","guid":{"rendered":"https:\/\/fireball.ch\/?page_id=8654"},"modified":"2021-08-01T19:30:13","modified_gmt":"2021-08-01T19:30:13","slug":"bericht-thunersee","status":"publish","type":"page","link":"https:\/\/fireball.ch\/index.php\/regatta\/resultate-und-berichte\/bericht-thunersee\/","title":{"rendered":"Thunersee 2021"},"content":{"rendered":"\t\t<div data-elementor-type=\"wp-page\" data-elementor-id=\"8654\" class=\"elementor elementor-8654\" data-elementor-post-type=\"page\">\n\t\t\t\t\t\t<section class=\"elementor-section elementor-top-section elementor-element elementor-element-f09bb20 elementor-section-full_width elementor-section-stretched elementor-section-height-default elementor-section-height-default\" data-id=\"f09bb20\" data-element_type=\"section\" data-settings=\"{&quot;stretch_section&quot;:&quot;section-stretched&quot;}\">\n\t\t\t\t\t\t<div class=\"elementor-container elementor-column-gap-default\">\n\t\t\t\t\t<div class=\"elementor-column elementor-col-100 elementor-top-column elementor-element elementor-element-1d86ee4\" data-id=\"1d86ee4\" data-element_type=\"column\">\n\t\t\t<div class=\"elementor-widget-wrap elementor-element-populated\">\n\t\t\t\t\t\t<div class=\"elementor-element elementor-element-337827b elementor-widget elementor-widget-image\" data-id=\"337827b\" data-element_type=\"widget\" data-widget_type=\"image.default\">\n\t\t\t\t<div class=\"elementor-widget-container\">\n\t\t\t\t\t\t\t\t\t\t\t\t\t\t\t<img fetchpriority=\"high\" decoding=\"async\" width=\"2048\" height=\"292\" src=\"https:\/\/fireball.ch\/wp-content\/uploads\/2021\/04\/Bericht-2048x292.png\" class=\"attachment-2048x2048 size-2048x2048 wp-image-7535\" alt=\"\" srcset=\"https:\/\/fireball.ch\/wp-content\/uploads\/2021\/04\/Bericht-2048x292.png 2048w, https:\/\/fireball.ch\/wp-content\/uploads\/2021\/04\/Bericht-300x43.png 300w, https:\/\/fireball.ch\/wp-content\/uploads\/2021\/04\/Bericht-1024x146.png 1024w, https:\/\/fireball.ch\/wp-content\/uploads\/2021\/04\/Bericht-768x109.png 768w, https:\/\/fireball.ch\/wp-content\/uploads\/2021\/04\/Bericht-1536x219.png 1536w\" sizes=\"(max-width: 2048px) 100vw, 2048px\" \/>\t\t\t\t\t\t\t\t\t\t\t\t\t\t\t<\/div>\n\t\t\t\t<\/div>\n\t\t\t\t\t<\/div>\n\t\t<\/div>\n\t\t\t\t\t<\/div>\n\t\t<\/section>\n\t\t\t\t<section class=\"elementor-section elementor-top-section elementor-element elementor-element-218a22d elementor-section-boxed elementor-section-height-default elementor-section-height-default\" data-id=\"218a22d\" data-element_type=\"section\">\n\t\t\t\t\t\t<div class=\"elementor-container elementor-column-gap-default\">\n\t\t\t\t\t<div class=\"elementor-column elementor-col-100 elementor-top-column elementor-element elementor-element-e88c154\" data-id=\"e88c154\" data-element_type=\"column\">\n\t\t\t<div class=\"elementor-widget-wrap elementor-element-populated\">\n\t\t\t\t\t\t<div class=\"elementor-element elementor-element-7250e78 elementor-widget elementor-widget-spacer\" data-id=\"7250e78\" data-element_type=\"widget\" data-widget_type=\"spacer.default\">\n\t\t\t\t<div class=\"elementor-widget-container\">\n\t\t\t\t\t\t\t<div class=\"elementor-spacer\">\n\t\t\t<div class=\"elementor-spacer-inner\"><\/div>\n\t\t<\/div>\n\t\t\t\t\t\t<\/div>\n\t\t\t\t<\/div>\n\t\t\t\t\t<\/div>\n\t\t<\/div>\n\t\t\t\t\t<\/div>\n\t\t<\/section>\n\t\t\t\t<section class=\"elementor-section elementor-top-section elementor-element elementor-element-36e1b65 elementor-section-boxed elementor-section-height-default elementor-section-height-default\" data-id=\"36e1b65\" data-element_type=\"section\">\n\t\t\t\t\t\t<div class=\"elementor-container elementor-column-gap-default\">\n\t\t\t\t\t<div class=\"elementor-column elementor-col-100 elementor-top-column elementor-element elementor-element-85a2a1c\" data-id=\"85a2a1c\" data-element_type=\"column\">\n\t\t\t<div class=\"elementor-widget-wrap elementor-element-populated\">\n\t\t\t\t\t\t<div class=\"elementor-element elementor-element-dce2f0d elementor-widget elementor-widget-heading\" data-id=\"dce2f0d\" data-element_type=\"widget\" data-widget_type=\"heading.default\">\n\t\t\t\t<div class=\"elementor-widget-container\">\n\t\t\t\t\t<h3 class=\"elementor-heading-title elementor-size-default\">Swiss Cup Thunersee in Thun, 19.\/20. Juni 2021<\/h3>\t\t\t\t<\/div>\n\t\t\t\t<\/div>\n\t\t\t\t\t<\/div>\n\t\t<\/div>\n\t\t\t\t\t<\/div>\n\t\t<\/section>\n\t\t\t\t<section class=\"elementor-section elementor-top-section elementor-element elementor-element-0c419cc elementor-section-boxed elementor-section-height-default elementor-section-height-default\" data-id=\"0c419cc\" data-element_type=\"section\">\n\t\t\t\t\t\t<div class=\"elementor-container elementor-column-gap-default\">\n\t\t\t\t\t<div class=\"elementor-column elementor-col-100 elementor-top-column elementor-element elementor-element-53bbc9a\" data-id=\"53bbc9a\" data-element_type=\"column\">\n\t\t\t<div class=\"elementor-widget-wrap elementor-element-populated\">\n\t\t\t\t\t\t<div class=\"elementor-element elementor-element-c959b52 elementor-widget elementor-widget-text-editor\" data-id=\"c959b52\" data-element_type=\"widget\" data-widget_type=\"text-editor.default\">\n\t\t\t\t<div class=\"elementor-widget-container\">\n\t\t\t\t\t\t\t\t\t<p><strong><em>Hochsommerliches Wetter. Etwas verhaltene Thermik am Samstag. Sonntag leichter F\u00f6hn. Spannung bis zum Schluss. 1. Bacher\/M. Bacher, 2. Ch. H\u00e4rdi\/Landerer, 3. Venhoda\/S. Zaugg<\/em><\/strong><\/p>\t\t\t\t\t\t\t\t<\/div>\n\t\t\t\t<\/div>\n\t\t\t\t\t<\/div>\n\t\t<\/div>\n\t\t\t\t\t<\/div>\n\t\t<\/section>\n\t\t\t\t<section class=\"elementor-section elementor-top-section elementor-element elementor-element-173cf4b elementor-section-boxed elementor-section-height-default elementor-section-height-default\" data-id=\"173cf4b\" data-element_type=\"section\">\n\t\t\t\t\t\t<div class=\"elementor-container elementor-column-gap-default\">\n\t\t\t\t\t<div class=\"elementor-column elementor-col-100 elementor-top-column elementor-element elementor-element-bcd780a\" data-id=\"bcd780a\" data-element_type=\"column\">\n\t\t\t<div class=\"elementor-widget-wrap elementor-element-populated\">\n\t\t\t\t\t\t<div class=\"elementor-element elementor-element-b5bc6e5 elementor-widget elementor-widget-text-editor\" data-id=\"b5bc6e5\" data-element_type=\"widget\" data-widget_type=\"text-editor.default\">\n\t\t\t\t<div class=\"elementor-widget-container\">\n\t\t\t\t\t\t\t\t\t<p>Die immer noch bestehenden Corona-Massnahmen konnten im ger\u00e4umigen TYC eingehalten werden. Die 16 Teams aufzunehmen war kein Problem. Statt duschen konnte man baden im See, das Nachtessen konnte draussen stattfinden.<\/p><p>Die Thermik setzte am Samstagnachmittag leicht versp\u00e4tet ein. Der Start wurde vor Oberhofen gelegt, so dass die Anfahrt etwas l\u00e4nger dauerte. 2 Rennen konnten in voller L\u00e4nge gefahren werden, das 3. abgek\u00fcrzt wegen einschlafendem Wind. Souver\u00e4n Bacher\/M. Bacher mit 2 Laufsiegen. Knapp dahinter Ch. H\u00e4rdi\/Landerer mit 2 Zweiten.<\/p><p>Das TYC Nachtessen wurde unter den lauschigen B\u00e4umen serviert. So konnten wir ohne Sorge l\u00e4nger sitzen bleiben, bis die ersten Regentropfen fielen &#8230;<\/p><p>Der Sonntagmorgen fing verhangen an mit glattem See. Erst gegen Mittag kam leichter F\u00f6hn auf, was noch Hoffnung gab, vor den angesagten Gewittern doch noch ein, zwei L\u00e4ufe zu fahren. Mit Start vor dem TYC konnte auch schnell begonnen werden. Bacher\/M. Bacher unterstrichen ihre Ambitionen mit dem Bergpreis auf der ersten Runde. Venhoda\/S. Zaugg wollten aber auch noch ein W\u00f6rtchen um den Gesamtsieg mitreden und fingen sie sp\u00e4ter ab.\u00a0 Ch. H\u00e4rdi\/Landerer luden dagegen Punkte auf, wie auch Mermod\/Mermod M. Trotzdem blieb die Sache mit einem weiteren Rennen spannend. Dieses gewannen Mermods vor Ch. H\u00e4rdi\/Landerer. In dieser Konstellation blieb es bei der Rangierung vom Vorabend, die ersten 4 je getrennt durch einen Punkt mit Bacher\/M. Bacher als gl\u00e4nzende Sieger.<\/p><p>Die umsichtige WFL schickte uns, obwohl noch Zeit zur Verf\u00fcgung gestanden h\u00e4tte, an Land wegen der sich abzeichnenden Gewitterfront.\u00a0 Ob das Starten wirklich nur mit immer U-Flagge m\u00f6glich ist, w\u00e4re zu \u00fcberdenken. Es ist zu hoffen, dass das nicht Usus wird.<\/p><p>Danke dem TYC f\u00fcr das sch\u00f6ne Wochenende.<\/p><p>\u00a0<\/p>\t\t\t\t\t\t\t\t<\/div>\n\t\t\t\t<\/div>\n\t\t\t\t\t<\/div>\n\t\t<\/div>\n\t\t\t\t\t<\/div>\n\t\t<\/section>\n\t\t\t\t<section class=\"elementor-section elementor-top-section elementor-element elementor-element-0596446 elementor-section-boxed elementor-section-height-default elementor-section-height-default\" data-id=\"0596446\" data-element_type=\"section\">\n\t\t\t\t\t\t<div class=\"elementor-container elementor-column-gap-default\">\n\t\t\t\t\t<div class=\"elementor-column elementor-col-100 elementor-top-column elementor-element elementor-element-9c3a051\" data-id=\"9c3a051\" data-element_type=\"column\">\n\t\t\t<div class=\"elementor-widget-wrap elementor-element-populated\">\n\t\t\t\t\t\t<div class=\"elementor-element elementor-element-fadb207 elementor-widget elementor-widget-text-editor\" data-id=\"fadb207\" data-element_type=\"widget\" data-widget_type=\"text-editor.default\">\n\t\t\t\t<div class=\"elementor-widget-container\">\n\t\t\t\t\t\t\t\t\t<p><strong>Rangliste<\/strong><br \/><i>16 Teams, 5 L\u00e4ufe, 1 Streicher, Wind W&amp;S 3\/2 Bft.<\/i><\/p>\t\t\t\t\t\t\t\t<\/div>\n\t\t\t\t<\/div>\n\t\t\t\t<div class=\"elementor-element elementor-element-650cf8e elementor-widget elementor-widget-html\" data-id=\"650cf8e\" data-element_type=\"widget\" data-widget_type=\"html.default\">\n\t\t\t\t<div class=\"elementor-widget-container\">\n\t\t\t\t\t\r\n<table style=\"width: 24em;\">\r\n<tr>\r\n    <td><i>Rang<\/i><\/td>\r\n    <td><i>Team<\/i><\/td>\r\n    <td><i>Punkte<\/i><\/td>\r\n    <td><i>Total<\/i><\/td>\r\n<\/tr>\r\n   \r\n<tr>\r\n <td> 1.<br> SUI<\/td>\r\n <td> Bacher<br>M. Bacher<\/td>\r\n <td> 1-1-4-2-10<\/td>\r\n <td> <b>8<\/b><\/td>\r\n<\/tr>\r\n <td> 2.<br>SUI<\/td>\r\n \r\n <td> Ch. H\u00e4rdi <br> Landerer C.<\/td>\r\n <td> 2-2-3-5-2<\/td>\r\n <td> <b>9<\/b><\/td>\r\n<\/tr>\r\n<tr>\r\n <td> 3.<br>SUI<\/td>\r\n <td> Venhoda K. <br> S. Zaugg<\/td>\r\n <td> 3-5-1-1-11<\/td>\r\n <td> <b>10<\/b><\/td>\r\n<\/tr>\r\n<tr>\r\n<tr>\r\n <td> 4.<br>SUI<\/td>\r\n \r\n <td> Mermod <br> Mermod M.<\/td>\r\n <td> 5-3-2-7-1<\/td>\r\n <td> <b>11<\/b><\/td>\r\n<\/tr>\r\n<tr>\r\n <td> 5.<br>SUI<\/td>\r\n \r\n <td> L. Brugger <br> A. Studer <\/td>\r\n <td> 8-11-9-3-3<\/td>\r\n <td> <b>23<\/b><\/td>\r\n<\/tr>\r\n<tr>\r\n <td> 6.<br>SUI<\/td>\r\n \r\n <td> M. Suter <br> Sahli<\/td>\r\n <td> 4-6-6-8-8<\/td>\r\n <td> <b>24<\/b><\/td>\r\n<\/tr>\r\n<tr>\r\n <td> 7.<br>SUI<\/td>\r\n \r\n <td> Liechti <br> G. Ernst<\/td>\r\n <td> 11-9-8-4-5<\/td>\r\n <td> <b>26<\/b><\/td>\r\n<\/tr>\r\n<tr>\r\n <td> 8.<br>SUI<\/td>\r\n\r\n <td> Ch. Suri <br> M. Liechti<\/td>\r\n <td> 7-8-5-6-9<\/td>\r\n <td> <b>26<\/b><\/td>\r\n<\/tr>\r\n<tr>\r\n <td> 9.<br>SUI<\/td>\r\n\r\n <td> Giovanoli <br> S. Giovanoli<\/td>\r\n <td> 9-7-11-9-7<\/td>\r\n <td> <b>32<\/b><\/td>\r\n<\/tr>\r\n<tr>\r\n <td> 10.<br>SUI<\/td>\r\n \r\n <td> D\u00fcscher <br> Venhoda T.<\/td>\r\n <td> 12-10-10-10-6<\/td>\r\n <td> <b>36<\/b><\/td>\r\n<\/tr>\r\n<tr>\r\n <td> 11.<br>SUI<\/td>\r\n \r\n <td> Schneibel <br> Fl\u00fcck<\/td>\r\n <td> 6-12-7-12-14<\/td>\r\n <td> <b>37<\/b><\/td>\r\n<\/tr>\r\n<tr>\r\n <td> 12.<br>SUI<\/td>\r\n \r\n <td> R. Baumgartner <br> Sch\u00e4rer<\/td>\r\n <td> 10-4-UFD-UFD-13<\/td>\r\n <td> <b>44<\/b><\/td>\r\n<\/tr>\r\n<tr>\r\n <td> 13.<br>SUI<\/td>\r\n\r\n <td> Meinl <br> Haueter<\/td>\r\n <td> 13-14-13-13-16<\/td>\r\n <td> <b>53<\/b><\/td>\r\n<\/tr>\r\n<tr>\r\n <td> 14.<br>SUI<\/td>\r\n\r\n <td> Gautschi <br>Sa: T. Gautschi<br>So: S. Kramer<\/td>\r\n <td> DNC-13-12-DNS-12<\/td>\r\n <td> <b>54<\/b><\/td>\r\n<\/tr>\r\n<tr>\r\n <td> 15.<br>SUI<\/td>\r\n\r\n <td> Moser <br> M. Sch\u00fcrch<\/td>\r\n <td> DNC-DNC-DNC-UFD-4<\/td>\r\n <td> <b>55<\/b><\/td>\r\n<\/tr>\r\n<tr>\r\n<tr>\r\n <td> 16.<br>SUI<\/td>\r\n\r\n <td> M. Erne <br> Blackman<\/td>\r\n <td> DNC-DNC-DNC-11-15<\/td>\r\n <td> <b>60<\/b><\/td>\r\n<\/tr>\r\n<tr>    \r\n<\/table>\t\t\t\t<\/div>\n\t\t\t\t<\/div>\n\t\t\t\t\t<\/div>\n\t\t<\/div>\n\t\t\t\t\t<\/div>\n\t\t<\/section>\n\t\t\t\t<section class=\"elementor-section elementor-top-section elementor-element elementor-element-1bfc96c elementor-section-boxed elementor-section-height-default elementor-section-height-default\" data-id=\"1bfc96c\" data-element_type=\"section\">\n\t\t\t\t\t\t<div class=\"elementor-container elementor-column-gap-default\">\n\t\t\t\t\t<div class=\"elementor-column elementor-col-100 elementor-top-column elementor-element elementor-element-cc24936\" data-id=\"cc24936\" data-element_type=\"column\">\n\t\t\t<div class=\"elementor-widget-wrap elementor-element-populated\">\n\t\t\t\t\t\t<div class=\"elementor-element elementor-element-87c97aa elementor-widget elementor-widget-text-editor\" data-id=\"87c97aa\" data-element_type=\"widget\" data-widget_type=\"text-editor.default\">\n\t\t\t\t<div class=\"elementor-widget-container\">\n\t\t\t\t\t\t\t\t\t<p style=\"text-align: center;\"><a href=\"#\">zur\u00fcck<\/a><\/p>\t\t\t\t\t\t\t\t<\/div>\n\t\t\t\t<\/div>\n\t\t\t\t\t<\/div>\n\t\t<\/div>\n\t\t\t\t\t<\/div>\n\t\t<\/section>\n\t\t\t\t<\/div>\n\t\t","protected":false},"excerpt":{"rendered":"<p>Swiss Cup Thunersee in Thun, 19.\/20. Juni 2021 Hochsommerliches Wetter. Etwas verhaltene Thermik am Samstag. Sonntag leichter F\u00f6hn. Spannung bis zum Schluss. 1. Bacher\/M. Bacher, 2. Ch. H\u00e4rdi\/Landerer, 3. Venhoda\/S. Zaugg Die immer noch bestehenden Corona-Massnahmen konnten im ger\u00e4umigen TYC eingehalten werden. Die 16 Teams aufzunehmen war kein Problem. Statt duschen konnte man baden im [&hellip;]<\/p>\n","protected":false},"author":3,"featured_media":0,"parent":555,"menu_order":61,"comment_status":"closed","ping_status":"closed","template":"","meta":{"site-sidebar-layout":"no-sidebar","site-content-layout":"page-builder","ast-site-content-layout":"default","site-content-style":"default","site-sidebar-style":"default","ast-global-header-display":"","ast-banner-title-visibility":"","ast-main-header-display":"","ast-hfb-above-header-display":"","ast-hfb-below-header-display":"","ast-hfb-mobile-header-display":"","site-post-title":"disabled","ast-breadcrumbs-content":"","ast-featured-img":"disabled","footer-sml-layout":"","theme-transparent-header-meta":"default","adv-header-id-meta":"","stick-header-meta":"","header-above-stick-meta":"","header-main-stick-meta":"","header-below-stick-meta":"","astra-migrate-meta-layouts":"default","ast-page-background-enabled":"default","ast-page-background-meta":{"desktop":{"background-color":"var(--ast-global-color-4)","background-image":"","background-repeat":"repeat","background-position":"center center","background-size":"auto","background-attachment":"scroll","background-type":"","background-media":"","overlay-type":"","overlay-color":"","overlay-opacity":"","overlay-gradient":""},"tablet":{"background-color":"","background-image":"","background-repeat":"repeat","background-position":"center center","background-size":"auto","background-attachment":"scroll","background-type":"","background-media":"","overlay-type":"","overlay-color":"","overlay-opacity":"","overlay-gradient":""},"mobile":{"background-color":"","background-image":"","background-repeat":"repeat","background-position":"center center","background-size":"auto","background-attachment":"scroll","background-type":"","background-media":"","overlay-type":"","overlay-color":"","overlay-opacity":"","overlay-gradient":""}},"ast-content-background-meta":{"desktop":{"background-color":"var(--ast-global-color-5)","background-image":"","background-repeat":"repeat","background-position":"center center","background-size":"auto","background-attachment":"scroll","background-type":"","background-media":"","overlay-type":"","overlay-color":"","overlay-opacity":"","overlay-gradient":""},"tablet":{"background-color":"var(--ast-global-color-5)","background-image":"","background-repeat":"repeat","background-position":"center center","background-size":"auto","background-attachment":"scroll","background-type":"","background-media":"","overlay-type":"","overlay-color":"","overlay-opacity":"","overlay-gradient":""},"mobile":{"background-color":"var(--ast-global-color-5)","background-image":"","background-repeat":"repeat","background-position":"center center","background-size":"auto","background-attachment":"scroll","background-type":"","background-media":"","overlay-type":"","overlay-color":"","overlay-opacity":"","overlay-gradient":""}},"footnotes":""},"class_list":["post-8654","page","type-page","status-publish","hentry"],"yoast_head":"<!-- This site is optimized with the Yoast SEO plugin v27.4 - https:\/\/yoast.com\/product\/yoast-seo-wordpress\/ -->\r\n<title>Thunersee 2021 -<\/title>\r\n<meta name=\"robots\" content=\"index, follow, max-snippet:-1, max-image-preview:large, max-video-preview:-1\" \/>\r\n<link rel=\"canonical\" href=\"https:\/\/fireball.ch\/index.php\/regatta\/resultate-und-berichte\/bericht-thunersee\/\" \/>\r\n<meta property=\"og:locale\" content=\"de_DE\" \/>\r\n<meta property=\"og:type\" content=\"article\" \/>\r\n<meta property=\"og:title\" content=\"Thunersee 2021 -\" \/>\r\n<meta property=\"og:description\" content=\"Swiss Cup Thunersee in Thun, 19.\/20. Juni 2021 Hochsommerliches Wetter. Etwas verhaltene Thermik am Samstag. Sonntag leichter F\u00f6hn. Spannung bis zum Schluss. 1. Bacher\/M. Bacher, 2. Ch. H\u00e4rdi\/Landerer, 3. Venhoda\/S. Zaugg Die immer noch bestehenden Corona-Massnahmen konnten im ger\u00e4umigen TYC eingehalten werden. Die 16 Teams aufzunehmen war kein Problem. Statt duschen konnte man baden im [&hellip;]\" \/>\r\n<meta property=\"og:url\" content=\"https:\/\/fireball.ch\/index.php\/regatta\/resultate-und-berichte\/bericht-thunersee\/\" \/>\r\n<meta property=\"article:modified_time\" content=\"2021-08-01T19:30:13+00:00\" \/>\r\n<meta property=\"og:image\" content=\"https:\/\/fireball.ch\/wp-content\/uploads\/2021\/04\/Bericht-2048x292.png\" \/>\r\n<meta name=\"twitter:card\" content=\"summary_large_image\" \/>\r\n<meta name=\"twitter:label1\" content=\"Gesch\u00e4tzte Lesezeit\" \/>\n\t<meta name=\"twitter:data1\" content=\"1\u00a0Minute\" \/>\r\n<script type=\"application\/ld+json\" class=\"yoast-schema-graph\">{\"@context\":\"https:\\\/\\\/schema.org\",\"@graph\":[{\"@type\":\"WebPage\",\"@id\":\"https:\\\/\\\/fireball.ch\\\/index.php\\\/regatta\\\/resultate-und-berichte\\\/bericht-thunersee\\\/\",\"url\":\"https:\\\/\\\/fireball.ch\\\/index.php\\\/regatta\\\/resultate-und-berichte\\\/bericht-thunersee\\\/\",\"name\":\"Thunersee 2021 -\",\"isPartOf\":{\"@id\":\"https:\\\/\\\/fireball.ch\\\/#website\"},\"primaryImageOfPage\":{\"@id\":\"https:\\\/\\\/fireball.ch\\\/index.php\\\/regatta\\\/resultate-und-berichte\\\/bericht-thunersee\\\/#primaryimage\"},\"image\":{\"@id\":\"https:\\\/\\\/fireball.ch\\\/index.php\\\/regatta\\\/resultate-und-berichte\\\/bericht-thunersee\\\/#primaryimage\"},\"thumbnailUrl\":\"https:\\\/\\\/fireball.ch\\\/wp-content\\\/uploads\\\/2021\\\/04\\\/Bericht-2048x292.png\",\"datePublished\":\"2021-06-21T04:23:24+00:00\",\"dateModified\":\"2021-08-01T19:30:13+00:00\",\"breadcrumb\":{\"@id\":\"https:\\\/\\\/fireball.ch\\\/index.php\\\/regatta\\\/resultate-und-berichte\\\/bericht-thunersee\\\/#breadcrumb\"},\"inLanguage\":\"de\",\"potentialAction\":[{\"@type\":\"ReadAction\",\"target\":[\"https:\\\/\\\/fireball.ch\\\/index.php\\\/regatta\\\/resultate-und-berichte\\\/bericht-thunersee\\\/\"]}]},{\"@type\":\"ImageObject\",\"inLanguage\":\"de\",\"@id\":\"https:\\\/\\\/fireball.ch\\\/index.php\\\/regatta\\\/resultate-und-berichte\\\/bericht-thunersee\\\/#primaryimage\",\"url\":\"https:\\\/\\\/fireball.ch\\\/wp-content\\\/uploads\\\/2021\\\/04\\\/Bericht.png\",\"contentUrl\":\"https:\\\/\\\/fireball.ch\\\/wp-content\\\/uploads\\\/2021\\\/04\\\/Bericht.png\",\"width\":2845,\"height\":405},{\"@type\":\"BreadcrumbList\",\"@id\":\"https:\\\/\\\/fireball.ch\\\/index.php\\\/regatta\\\/resultate-und-berichte\\\/bericht-thunersee\\\/#breadcrumb\",\"itemListElement\":[{\"@type\":\"ListItem\",\"position\":1,\"name\":\"Startseite\",\"item\":\"https:\\\/\\\/fireball.ch\\\/\"},{\"@type\":\"ListItem\",\"position\":2,\"name\":\"Regatta\",\"item\":\"https:\\\/\\\/fireball.ch\\\/index.php\\\/regatta\\\/\"},{\"@type\":\"ListItem\",\"position\":3,\"name\":\"Resultate und Berichte\",\"item\":\"https:\\\/\\\/fireball.ch\\\/index.php\\\/regatta\\\/resultate-und-berichte\\\/\"},{\"@type\":\"ListItem\",\"position\":4,\"name\":\"Thunersee 2021\"}]},{\"@type\":\"WebSite\",\"@id\":\"https:\\\/\\\/fireball.ch\\\/#website\",\"url\":\"https:\\\/\\\/fireball.ch\\\/\",\"name\":\"Swiss Fireball\",\"description\":\"\",\"publisher\":{\"@id\":\"https:\\\/\\\/fireball.ch\\\/#organization\"},\"potentialAction\":[{\"@type\":\"SearchAction\",\"target\":{\"@type\":\"EntryPoint\",\"urlTemplate\":\"https:\\\/\\\/fireball.ch\\\/?s={search_term_string}\"},\"query-input\":{\"@type\":\"PropertyValueSpecification\",\"valueRequired\":true,\"valueName\":\"search_term_string\"}}],\"inLanguage\":\"de\"},{\"@type\":\"Organization\",\"@id\":\"https:\\\/\\\/fireball.ch\\\/#organization\",\"name\":\"Swiss Fireball\",\"url\":\"https:\\\/\\\/fireball.ch\\\/\",\"logo\":{\"@type\":\"ImageObject\",\"inLanguage\":\"de\",\"@id\":\"https:\\\/\\\/fireball.ch\\\/#\\\/schema\\\/logo\\\/image\\\/\",\"url\":\"https:\\\/\\\/fireball.ch\\\/wp-content\\\/uploads\\\/2021\\\/01\\\/cropped-logo_fireball.png\",\"contentUrl\":\"https:\\\/\\\/fireball.ch\\\/wp-content\\\/uploads\\\/2021\\\/01\\\/cropped-logo_fireball.png\",\"width\":220,\"height\":59,\"caption\":\"Swiss Fireball\"},\"image\":{\"@id\":\"https:\\\/\\\/fireball.ch\\\/#\\\/schema\\\/logo\\\/image\\\/\"}}]}<\/script>\r\n<!-- \/ Yoast SEO plugin. -->","yoast_head_json":{"title":"Thunersee 2021 -","robots":{"index":"index","follow":"follow","max-snippet":"max-snippet:-1","max-image-preview":"max-image-preview:large","max-video-preview":"max-video-preview:-1"},"canonical":"https:\/\/fireball.ch\/index.php\/regatta\/resultate-und-berichte\/bericht-thunersee\/","og_locale":"de_DE","og_type":"article","og_title":"Thunersee 2021 -","og_description":"Swiss Cup Thunersee in Thun, 19.\/20. Juni 2021 Hochsommerliches Wetter. Etwas verhaltene Thermik am Samstag. Sonntag leichter F\u00f6hn. Spannung bis zum Schluss. 1. Bacher\/M. Bacher, 2. Ch. H\u00e4rdi\/Landerer, 3. Venhoda\/S. Zaugg Die immer noch bestehenden Corona-Massnahmen konnten im ger\u00e4umigen TYC eingehalten werden. Die 16 Teams aufzunehmen war kein Problem. Statt duschen konnte man baden im [&hellip;]","og_url":"https:\/\/fireball.ch\/index.php\/regatta\/resultate-und-berichte\/bericht-thunersee\/","article_modified_time":"2021-08-01T19:30:13+00:00","og_image":[{"url":"https:\/\/fireball.ch\/wp-content\/uploads\/2021\/04\/Bericht-2048x292.png","type":"","width":"","height":""}],"twitter_card":"summary_large_image","twitter_misc":{"Gesch\u00e4tzte Lesezeit":"1\u00a0Minute"},"schema":{"@context":"https:\/\/schema.org","@graph":[{"@type":"WebPage","@id":"https:\/\/fireball.ch\/index.php\/regatta\/resultate-und-berichte\/bericht-thunersee\/","url":"https:\/\/fireball.ch\/index.php\/regatta\/resultate-und-berichte\/bericht-thunersee\/","name":"Thunersee 2021 -","isPartOf":{"@id":"https:\/\/fireball.ch\/#website"},"primaryImageOfPage":{"@id":"https:\/\/fireball.ch\/index.php\/regatta\/resultate-und-berichte\/bericht-thunersee\/#primaryimage"},"image":{"@id":"https:\/\/fireball.ch\/index.php\/regatta\/resultate-und-berichte\/bericht-thunersee\/#primaryimage"},"thumbnailUrl":"https:\/\/fireball.ch\/wp-content\/uploads\/2021\/04\/Bericht-2048x292.png","datePublished":"2021-06-21T04:23:24+00:00","dateModified":"2021-08-01T19:30:13+00:00","breadcrumb":{"@id":"https:\/\/fireball.ch\/index.php\/regatta\/resultate-und-berichte\/bericht-thunersee\/#breadcrumb"},"inLanguage":"de","potentialAction":[{"@type":"ReadAction","target":["https:\/\/fireball.ch\/index.php\/regatta\/resultate-und-berichte\/bericht-thunersee\/"]}]},{"@type":"ImageObject","inLanguage":"de","@id":"https:\/\/fireball.ch\/index.php\/regatta\/resultate-und-berichte\/bericht-thunersee\/#primaryimage","url":"https:\/\/fireball.ch\/wp-content\/uploads\/2021\/04\/Bericht.png","contentUrl":"https:\/\/fireball.ch\/wp-content\/uploads\/2021\/04\/Bericht.png","width":2845,"height":405},{"@type":"BreadcrumbList","@id":"https:\/\/fireball.ch\/index.php\/regatta\/resultate-und-berichte\/bericht-thunersee\/#breadcrumb","itemListElement":[{"@type":"ListItem","position":1,"name":"Startseite","item":"https:\/\/fireball.ch\/"},{"@type":"ListItem","position":2,"name":"Regatta","item":"https:\/\/fireball.ch\/index.php\/regatta\/"},{"@type":"ListItem","position":3,"name":"Resultate und Berichte","item":"https:\/\/fireball.ch\/index.php\/regatta\/resultate-und-berichte\/"},{"@type":"ListItem","position":4,"name":"Thunersee 2021"}]},{"@type":"WebSite","@id":"https:\/\/fireball.ch\/#website","url":"https:\/\/fireball.ch\/","name":"Swiss Fireball","description":"","publisher":{"@id":"https:\/\/fireball.ch\/#organization"},"potentialAction":[{"@type":"SearchAction","target":{"@type":"EntryPoint","urlTemplate":"https:\/\/fireball.ch\/?s={search_term_string}"},"query-input":{"@type":"PropertyValueSpecification","valueRequired":true,"valueName":"search_term_string"}}],"inLanguage":"de"},{"@type":"Organization","@id":"https:\/\/fireball.ch\/#organization","name":"Swiss Fireball","url":"https:\/\/fireball.ch\/","logo":{"@type":"ImageObject","inLanguage":"de","@id":"https:\/\/fireball.ch\/#\/schema\/logo\/image\/","url":"https:\/\/fireball.ch\/wp-content\/uploads\/2021\/01\/cropped-logo_fireball.png","contentUrl":"https:\/\/fireball.ch\/wp-content\/uploads\/2021\/01\/cropped-logo_fireball.png","width":220,"height":59,"caption":"Swiss Fireball"},"image":{"@id":"https:\/\/fireball.ch\/#\/schema\/logo\/image\/"}}]}},"_links":{"self":[{"href":"https:\/\/fireball.ch\/index.php\/wp-json\/wp\/v2\/pages\/8654","targetHints":{"allow":["GET"]}}],"collection":[{"href":"https:\/\/fireball.ch\/index.php\/wp-json\/wp\/v2\/pages"}],"about":[{"href":"https:\/\/fireball.ch\/index.php\/wp-json\/wp\/v2\/types\/page"}],"author":[{"embeddable":true,"href":"https:\/\/fireball.ch\/index.php\/wp-json\/wp\/v2\/users\/3"}],"replies":[{"embeddable":true,"href":"https:\/\/fireball.ch\/index.php\/wp-json\/wp\/v2\/comments?post=8654"}],"version-history":[{"count":30,"href":"https:\/\/fireball.ch\/index.php\/wp-json\/wp\/v2\/pages\/8654\/revisions"}],"predecessor-version":[{"id":9166,"href":"https:\/\/fireball.ch\/index.php\/wp-json\/wp\/v2\/pages\/8654\/revisions\/9166"}],"up":[{"embeddable":true,"href":"https:\/\/fireball.ch\/index.php\/wp-json\/wp\/v2\/pages\/555"}],"wp:attachment":[{"href":"https:\/\/fireball.ch\/index.php\/wp-json\/wp\/v2\/media?parent=8654"}],"curies":[{"name":"wp","href":"https:\/\/api.w.org\/{rel}","templated":true}]}}