{"id":21334,"date":"2026-04-26T20:21:04","date_gmt":"2026-04-26T20:21:07","guid":{"rendered":"https:\/\/fireball.ch\/?page_id=21334"},"modified":"2026-04-28T11:07:10","modified_gmt":"2026-04-28T11:07:10","slug":"mammern-2025-2","status":"publish","type":"page","link":"https:\/\/fireball.ch\/index.php\/regatta\/resultate-und-berichte\/mammern-2025-2\/","title":{"rendered":"Mammern 2025"},"content":{"rendered":"\t\t<div data-elementor-type=\"wp-page\" data-elementor-id=\"21334\" class=\"elementor elementor-21334\" data-elementor-post-type=\"page\">\n\t\t\t\t\t\t<section class=\"elementor-section elementor-top-section elementor-element elementor-element-58809fff elementor-section-boxed elementor-section-height-default elementor-section-height-default\" data-id=\"58809fff\" data-element_type=\"section\">\n\t\t\t\t\t\t<div class=\"elementor-container elementor-column-gap-default\">\n\t\t\t\t\t<div class=\"elementor-column elementor-col-100 elementor-top-column elementor-element elementor-element-5681d0cc\" data-id=\"5681d0cc\" data-element_type=\"column\">\n\t\t\t<div class=\"elementor-widget-wrap elementor-element-populated\">\n\t\t\t\t\t\t<div class=\"elementor-element elementor-element-1883cf21 elementor-widget elementor-widget-text-editor\" data-id=\"1883cf21\" data-element_type=\"widget\" data-widget_type=\"text-editor.default\">\n\t\t\t\t<div class=\"elementor-widget-container\">\n\t\t\t\t\t\t\t\t\t<p><img fetchpriority=\"high\" decoding=\"async\" src=\"https:\/\/fireball.ch\/wp-content\/uploads\/2021\/04\/Bericht-2048x292.png\" sizes=\"(max-width: 2048px) 100vw, 2048px\" srcset=\"https:\/\/fireball.ch\/wp-content\/uploads\/2021\/04\/Bericht-2048x292.png 2048w, https:\/\/fireball.ch\/wp-content\/uploads\/2021\/04\/Bericht-300x43.png 300w, https:\/\/fireball.ch\/wp-content\/uploads\/2021\/04\/Bericht-1024x146.png 1024w, https:\/\/fireball.ch\/wp-content\/uploads\/2021\/04\/Bericht-768x109.png 768w, https:\/\/fireball.ch\/wp-content\/uploads\/2021\/04\/Bericht-1536x219.png 1536w\" alt=\"\" width=\"2048\" height=\"292\" \/><\/p><h3>Swiss Cup Untersee in Mammern, 25.\/26. April 2026<\/h3><p><strong><em>SUI-Saisonstart. Sonnig und warm. Am Samstag nicht genug Wind. Am Sonntag etwas besser mit leichter Bise. 3 Rennen mit 14 Teams.<\/em><\/strong><\/p><p>Mammern ist gewohnt an grossen Aufmarsch. Trotz gut 80 Teilnemenden kein Chaos auf dem Regattaplatz dank guter Organisation. Ohne eigene Infrastruktur mit Entgegenkommen der Anwohnenden und der Gemeinde wird die Masse handelbar.<\/p><p>Erst im Lauf des Samstagachmittags traf der angesagte leichte Westwind in Mammern ein. Bei den ersten Anzeichen wurden die 40 Finns, fast 20 Contender und die Fireballs auf den See gebeten. Der Kurs war fertig aufgebaut als die Brise leider wieder abflaute. Nach etwas Warten war bei erneuten B\u00f6enstrichen wieder\u00a0 Hoffnung da, dass ein baldiger Start erfolgen k\u00f6nnte. Aber das Spiel wiederholte sich. Bis nach 17 Uhr sabilisierte sich die Lage nicht so, dass ein vern\u00fcnftiges Rennen m\u00f6glich gewesen w\u00e4re. Der Abbruch f\u00fcr den Tag &#8211; die logische Konsequenz.<\/p><p>Der n\u00e4chste Programmpunkt war an Land: gespendete Fl\u00fcssigkeiten vor dem gemeinsamen Abendessen in der Turnhalle. Das klappte hervorragend, w\u00e4hrend draussen nun konstanter Wind blies&#8230;<\/p><p>Um 10 Uhr wollte die Wettfahrtleitung am Sonntagmorgen loslegen. Diesmal mit Bise. Auch diese traf leicht versp\u00e4tet ein, so dass zuerst noch AP aufgeh\u00e4ngt wurde. Aber etwas sp\u00e4ter war es dann so weit: Bei 2-3Bft. konnten drei Rennen z\u00fcgig durchgezogen werden. Neu war der ausgesteckte Kurs: F\u00fcr die Finns optimiert Up and Down mit Ablauftonne und unten einem Gate. Vorteil hatte, wer die Segelanweisungen studiert und auch verstanden hatte&#8230; M. Venhoda\/F. Sch\u00e4rer holten sich den 1. Lauf vor Venhoda K.\/S. Zaugg und L. Markwalder\/Frey. Bei etwas mehr Wind im 2. Rennen zeigten Bacher\/M. Bacher guten Speed und waren mit grossem Vorsprung zuerst im Ziel vor Huber\/B. Mauchle und Venhoda K.\/S, Zaugg. Auch den 3. Lauf holten sie sich im Duell mit R. Baumgartner\/Sch\u00e4rer S. und wieder Venhoda K.\/S. Zaugg. Danach schob sich ein Schleierwolkendeckel\u00a0 \u00fcber den See, was den Wind killte und der Regatte ein Ende setzte. Die Rechnerei ohne Streicher konnte beginnen. Konstanz\u00a0 machte schliesslich die Sieger: Venhoda K.\/S. Zaugg schlugen Bacher\/M. Bacher um 1 Punkt. Mit einem weiteren Punkt R\u00fcckstand stiegen auch M. Venhoda\/F. Sch\u00e4rer aufs Podest.<\/p><p>Danke dem Club f\u00fcr die herausragende Gastfreundschaft, den Most und die Aussicht auf eine weitere Mammern Regatte im n\u00e4chsten Fr\u00fchling!<\/p><p><a href=\"https:\/\/fireball.ch\/wp-content\/uploads\/2026\/04\/2026-Mammern-Result.pdf\" target=\"_blank\" rel=\"noopener\"><strong>vollst\u00e4ndige Rangliste als PDF<\/strong><\/a><\/p><p><img decoding=\"async\" class=\"aligncenter wp-image-21361 size-large\" src=\"https:\/\/fireball.ch\/wp-content\/uploads\/2026\/04\/RL-Mamm-2026-1024x678.jpg\" alt=\"\" width=\"1024\" height=\"678\" srcset=\"https:\/\/fireball.ch\/wp-content\/uploads\/2026\/04\/RL-Mamm-2026-1024x678.jpg 1024w, https:\/\/fireball.ch\/wp-content\/uploads\/2026\/04\/RL-Mamm-2026-300x199.jpg 300w, https:\/\/fireball.ch\/wp-content\/uploads\/2026\/04\/RL-Mamm-2026-768x508.jpg 768w, https:\/\/fireball.ch\/wp-content\/uploads\/2026\/04\/RL-Mamm-2026.jpg 1076w\" sizes=\"(max-width: 1024px) 100vw, 1024px\" \/><\/p>\t\t\t\t\t\t\t\t<\/div>\n\t\t\t\t<\/div>\n\t\t\t\t\t<\/div>\n\t\t<\/div>\n\t\t\t\t\t<\/div>\n\t\t<\/section>\n\t\t\t\t<\/div>\n\t\t","protected":false},"excerpt":{"rendered":"<p>Swiss Cup Untersee in Mammern, 25.\/26. April 2026 SUI-Saisonstart. Sonnig und warm. Am Samstag nicht genug Wind. Am Sonntag etwas besser mit leichter Bise. 3 Rennen mit 14 Teams. Mammern ist gewohnt an grossen Aufmarsch. Trotz gut 80 Teilnemenden kein Chaos auf dem Regattaplatz dank guter Organisation. Ohne eigene Infrastruktur mit Entgegenkommen der Anwohnenden und [&hellip;]<\/p>\n","protected":false},"author":3,"featured_media":0,"parent":555,"menu_order":52,"comment_status":"closed","ping_status":"closed","template":"","meta":{"site-sidebar-layout":"no-sidebar","site-content-layout":"page-builder","ast-site-content-layout":"default","site-content-style":"default","site-sidebar-style":"default","ast-global-header-display":"","ast-banner-title-visibility":"","ast-main-header-display":"","ast-hfb-above-header-display":"","ast-hfb-below-header-display":"","ast-hfb-mobile-header-display":"","site-post-title":"disabled","ast-breadcrumbs-content":"","ast-featured-img":"disabled","footer-sml-layout":"","theme-transparent-header-meta":"default","adv-header-id-meta":"","stick-header-meta":"","header-above-stick-meta":"","header-main-stick-meta":"","header-below-stick-meta":"","astra-migrate-meta-layouts":"default","ast-page-background-enabled":"default","ast-page-background-meta":{"desktop":{"background-color":"var(--ast-global-color-4)","background-image":"","background-repeat":"repeat","background-position":"center center","background-size":"auto","background-attachment":"scroll","background-type":"","background-media":"","overlay-type":"","overlay-color":"","overlay-opacity":"","overlay-gradient":""},"tablet":{"background-color":"","background-image":"","background-repeat":"repeat","background-position":"center center","background-size":"auto","background-attachment":"scroll","background-type":"","background-media":"","overlay-type":"","overlay-color":"","overlay-opacity":"","overlay-gradient":""},"mobile":{"background-color":"","background-image":"","background-repeat":"repeat","background-position":"center center","background-size":"auto","background-attachment":"scroll","background-type":"","background-media":"","overlay-type":"","overlay-color":"","overlay-opacity":"","overlay-gradient":""}},"ast-content-background-meta":{"desktop":{"background-color":"var(--ast-global-color-5)","background-image":"","background-repeat":"repeat","background-position":"center center","background-size":"auto","background-attachment":"scroll","background-type":"","background-media":"","overlay-type":"","overlay-color":"","overlay-opacity":"","overlay-gradient":""},"tablet":{"background-color":"var(--ast-global-color-5)","background-image":"","background-repeat":"repeat","background-position":"center center","background-size":"auto","background-attachment":"scroll","background-type":"","background-media":"","overlay-type":"","overlay-color":"","overlay-opacity":"","overlay-gradient":""},"mobile":{"background-color":"var(--ast-global-color-5)","background-image":"","background-repeat":"repeat","background-position":"center center","background-size":"auto","background-attachment":"scroll","background-type":"","background-media":"","overlay-type":"","overlay-color":"","overlay-opacity":"","overlay-gradient":""}},"footnotes":""},"class_list":["post-21334","page","type-page","status-publish","hentry"],"yoast_head":"<!-- This site is optimized with the Yoast SEO plugin v27.5 - https:\/\/yoast.com\/product\/yoast-seo-wordpress\/ -->\r\n<title>Mammern 2025 -<\/title>\r\n<meta name=\"robots\" content=\"index, follow, max-snippet:-1, max-image-preview:large, max-video-preview:-1\" \/>\r\n<link rel=\"canonical\" href=\"https:\/\/fireball.ch\/index.php\/regatta\/resultate-und-berichte\/mammern-2025-2\/\" \/>\r\n<meta property=\"og:locale\" content=\"de_DE\" \/>\r\n<meta property=\"og:type\" content=\"article\" \/>\r\n<meta property=\"og:title\" content=\"Mammern 2025 -\" \/>\r\n<meta property=\"og:description\" content=\"Swiss Cup Untersee in Mammern, 25.\/26. April 2026 SUI-Saisonstart. Sonnig und warm. Am Samstag nicht genug Wind. Am Sonntag etwas besser mit leichter Bise. 3 Rennen mit 14 Teams. Mammern ist gewohnt an grossen Aufmarsch. Trotz gut 80 Teilnemenden kein Chaos auf dem Regattaplatz dank guter Organisation. Ohne eigene Infrastruktur mit Entgegenkommen der Anwohnenden und [&hellip;]\" \/>\r\n<meta property=\"og:url\" content=\"https:\/\/fireball.ch\/index.php\/regatta\/resultate-und-berichte\/mammern-2025-2\/\" \/>\r\n<meta property=\"article:modified_time\" content=\"2026-04-28T11:07:10+00:00\" \/>\r\n<meta property=\"og:image\" content=\"https:\/\/fireball.ch\/wp-content\/uploads\/2021\/04\/Bericht-2048x292.png\" \/>\r\n<meta name=\"twitter:card\" content=\"summary_large_image\" \/>\r\n<meta name=\"twitter:label1\" content=\"Gesch\u00e4tzte Lesezeit\" \/>\n\t<meta name=\"twitter:data1\" content=\"3\u00a0Minuten\" \/>\r\n<script type=\"application\/ld+json\" class=\"yoast-schema-graph\">{\"@context\":\"https:\\\/\\\/schema.org\",\"@graph\":[{\"@type\":\"WebPage\",\"@id\":\"https:\\\/\\\/fireball.ch\\\/index.php\\\/regatta\\\/resultate-und-berichte\\\/mammern-2025-2\\\/\",\"url\":\"https:\\\/\\\/fireball.ch\\\/index.php\\\/regatta\\\/resultate-und-berichte\\\/mammern-2025-2\\\/\",\"name\":\"Mammern 2025 -\",\"isPartOf\":{\"@id\":\"https:\\\/\\\/fireball.ch\\\/#website\"},\"primaryImageOfPage\":{\"@id\":\"https:\\\/\\\/fireball.ch\\\/index.php\\\/regatta\\\/resultate-und-berichte\\\/mammern-2025-2\\\/#primaryimage\"},\"image\":{\"@id\":\"https:\\\/\\\/fireball.ch\\\/index.php\\\/regatta\\\/resultate-und-berichte\\\/mammern-2025-2\\\/#primaryimage\"},\"thumbnailUrl\":\"https:\\\/\\\/fireball.ch\\\/wp-content\\\/uploads\\\/2021\\\/04\\\/Bericht-2048x292.png\",\"datePublished\":\"2026-04-26T20:21:07+00:00\",\"dateModified\":\"2026-04-28T11:07:10+00:00\",\"breadcrumb\":{\"@id\":\"https:\\\/\\\/fireball.ch\\\/index.php\\\/regatta\\\/resultate-und-berichte\\\/mammern-2025-2\\\/#breadcrumb\"},\"inLanguage\":\"de\",\"potentialAction\":[{\"@type\":\"ReadAction\",\"target\":[\"https:\\\/\\\/fireball.ch\\\/index.php\\\/regatta\\\/resultate-und-berichte\\\/mammern-2025-2\\\/\"]}]},{\"@type\":\"ImageObject\",\"inLanguage\":\"de\",\"@id\":\"https:\\\/\\\/fireball.ch\\\/index.php\\\/regatta\\\/resultate-und-berichte\\\/mammern-2025-2\\\/#primaryimage\",\"url\":\"https:\\\/\\\/fireball.ch\\\/wp-content\\\/uploads\\\/2021\\\/04\\\/Bericht.png\",\"contentUrl\":\"https:\\\/\\\/fireball.ch\\\/wp-content\\\/uploads\\\/2021\\\/04\\\/Bericht.png\",\"width\":2845,\"height\":405},{\"@type\":\"BreadcrumbList\",\"@id\":\"https:\\\/\\\/fireball.ch\\\/index.php\\\/regatta\\\/resultate-und-berichte\\\/mammern-2025-2\\\/#breadcrumb\",\"itemListElement\":[{\"@type\":\"ListItem\",\"position\":1,\"name\":\"Startseite\",\"item\":\"https:\\\/\\\/fireball.ch\\\/\"},{\"@type\":\"ListItem\",\"position\":2,\"name\":\"Regatta\",\"item\":\"https:\\\/\\\/fireball.ch\\\/index.php\\\/regatta\\\/\"},{\"@type\":\"ListItem\",\"position\":3,\"name\":\"Resultate und Berichte\",\"item\":\"https:\\\/\\\/fireball.ch\\\/index.php\\\/regatta\\\/resultate-und-berichte\\\/\"},{\"@type\":\"ListItem\",\"position\":4,\"name\":\"Mammern 2025\"}]},{\"@type\":\"WebSite\",\"@id\":\"https:\\\/\\\/fireball.ch\\\/#website\",\"url\":\"https:\\\/\\\/fireball.ch\\\/\",\"name\":\"Swiss Fireball\",\"description\":\"\",\"publisher\":{\"@id\":\"https:\\\/\\\/fireball.ch\\\/#organization\"},\"potentialAction\":[{\"@type\":\"SearchAction\",\"target\":{\"@type\":\"EntryPoint\",\"urlTemplate\":\"https:\\\/\\\/fireball.ch\\\/?s={search_term_string}\"},\"query-input\":{\"@type\":\"PropertyValueSpecification\",\"valueRequired\":true,\"valueName\":\"search_term_string\"}}],\"inLanguage\":\"de\"},{\"@type\":\"Organization\",\"@id\":\"https:\\\/\\\/fireball.ch\\\/#organization\",\"name\":\"Swiss Fireball\",\"url\":\"https:\\\/\\\/fireball.ch\\\/\",\"logo\":{\"@type\":\"ImageObject\",\"inLanguage\":\"de\",\"@id\":\"https:\\\/\\\/fireball.ch\\\/#\\\/schema\\\/logo\\\/image\\\/\",\"url\":\"https:\\\/\\\/fireball.ch\\\/wp-content\\\/uploads\\\/2021\\\/01\\\/cropped-logo_fireball.png\",\"contentUrl\":\"https:\\\/\\\/fireball.ch\\\/wp-content\\\/uploads\\\/2021\\\/01\\\/cropped-logo_fireball.png\",\"width\":220,\"height\":59,\"caption\":\"Swiss Fireball\"},\"image\":{\"@id\":\"https:\\\/\\\/fireball.ch\\\/#\\\/schema\\\/logo\\\/image\\\/\"}}]}<\/script>\r\n<!-- \/ Yoast SEO plugin. -->","yoast_head_json":{"title":"Mammern 2025 -","robots":{"index":"index","follow":"follow","max-snippet":"max-snippet:-1","max-image-preview":"max-image-preview:large","max-video-preview":"max-video-preview:-1"},"canonical":"https:\/\/fireball.ch\/index.php\/regatta\/resultate-und-berichte\/mammern-2025-2\/","og_locale":"de_DE","og_type":"article","og_title":"Mammern 2025 -","og_description":"Swiss Cup Untersee in Mammern, 25.\/26. April 2026 SUI-Saisonstart. Sonnig und warm. Am Samstag nicht genug Wind. Am Sonntag etwas besser mit leichter Bise. 3 Rennen mit 14 Teams. Mammern ist gewohnt an grossen Aufmarsch. Trotz gut 80 Teilnemenden kein Chaos auf dem Regattaplatz dank guter Organisation. Ohne eigene Infrastruktur mit Entgegenkommen der Anwohnenden und [&hellip;]","og_url":"https:\/\/fireball.ch\/index.php\/regatta\/resultate-und-berichte\/mammern-2025-2\/","article_modified_time":"2026-04-28T11:07:10+00:00","og_image":[{"url":"https:\/\/fireball.ch\/wp-content\/uploads\/2021\/04\/Bericht-2048x292.png","type":"","width":"","height":""}],"twitter_card":"summary_large_image","twitter_misc":{"Gesch\u00e4tzte Lesezeit":"3\u00a0Minuten"},"schema":{"@context":"https:\/\/schema.org","@graph":[{"@type":"WebPage","@id":"https:\/\/fireball.ch\/index.php\/regatta\/resultate-und-berichte\/mammern-2025-2\/","url":"https:\/\/fireball.ch\/index.php\/regatta\/resultate-und-berichte\/mammern-2025-2\/","name":"Mammern 2025 -","isPartOf":{"@id":"https:\/\/fireball.ch\/#website"},"primaryImageOfPage":{"@id":"https:\/\/fireball.ch\/index.php\/regatta\/resultate-und-berichte\/mammern-2025-2\/#primaryimage"},"image":{"@id":"https:\/\/fireball.ch\/index.php\/regatta\/resultate-und-berichte\/mammern-2025-2\/#primaryimage"},"thumbnailUrl":"https:\/\/fireball.ch\/wp-content\/uploads\/2021\/04\/Bericht-2048x292.png","datePublished":"2026-04-26T20:21:07+00:00","dateModified":"2026-04-28T11:07:10+00:00","breadcrumb":{"@id":"https:\/\/fireball.ch\/index.php\/regatta\/resultate-und-berichte\/mammern-2025-2\/#breadcrumb"},"inLanguage":"de","potentialAction":[{"@type":"ReadAction","target":["https:\/\/fireball.ch\/index.php\/regatta\/resultate-und-berichte\/mammern-2025-2\/"]}]},{"@type":"ImageObject","inLanguage":"de","@id":"https:\/\/fireball.ch\/index.php\/regatta\/resultate-und-berichte\/mammern-2025-2\/#primaryimage","url":"https:\/\/fireball.ch\/wp-content\/uploads\/2021\/04\/Bericht.png","contentUrl":"https:\/\/fireball.ch\/wp-content\/uploads\/2021\/04\/Bericht.png","width":2845,"height":405},{"@type":"BreadcrumbList","@id":"https:\/\/fireball.ch\/index.php\/regatta\/resultate-und-berichte\/mammern-2025-2\/#breadcrumb","itemListElement":[{"@type":"ListItem","position":1,"name":"Startseite","item":"https:\/\/fireball.ch\/"},{"@type":"ListItem","position":2,"name":"Regatta","item":"https:\/\/fireball.ch\/index.php\/regatta\/"},{"@type":"ListItem","position":3,"name":"Resultate und Berichte","item":"https:\/\/fireball.ch\/index.php\/regatta\/resultate-und-berichte\/"},{"@type":"ListItem","position":4,"name":"Mammern 2025"}]},{"@type":"WebSite","@id":"https:\/\/fireball.ch\/#website","url":"https:\/\/fireball.ch\/","name":"Swiss Fireball","description":"","publisher":{"@id":"https:\/\/fireball.ch\/#organization"},"potentialAction":[{"@type":"SearchAction","target":{"@type":"EntryPoint","urlTemplate":"https:\/\/fireball.ch\/?s={search_term_string}"},"query-input":{"@type":"PropertyValueSpecification","valueRequired":true,"valueName":"search_term_string"}}],"inLanguage":"de"},{"@type":"Organization","@id":"https:\/\/fireball.ch\/#organization","name":"Swiss Fireball","url":"https:\/\/fireball.ch\/","logo":{"@type":"ImageObject","inLanguage":"de","@id":"https:\/\/fireball.ch\/#\/schema\/logo\/image\/","url":"https:\/\/fireball.ch\/wp-content\/uploads\/2021\/01\/cropped-logo_fireball.png","contentUrl":"https:\/\/fireball.ch\/wp-content\/uploads\/2021\/01\/cropped-logo_fireball.png","width":220,"height":59,"caption":"Swiss Fireball"},"image":{"@id":"https:\/\/fireball.ch\/#\/schema\/logo\/image\/"}}]}},"_links":{"self":[{"href":"https:\/\/fireball.ch\/index.php\/wp-json\/wp\/v2\/pages\/21334","targetHints":{"allow":["GET"]}}],"collection":[{"href":"https:\/\/fireball.ch\/index.php\/wp-json\/wp\/v2\/pages"}],"about":[{"href":"https:\/\/fireball.ch\/index.php\/wp-json\/wp\/v2\/types\/page"}],"author":[{"embeddable":true,"href":"https:\/\/fireball.ch\/index.php\/wp-json\/wp\/v2\/users\/3"}],"replies":[{"embeddable":true,"href":"https:\/\/fireball.ch\/index.php\/wp-json\/wp\/v2\/comments?post=21334"}],"version-history":[{"count":13,"href":"https:\/\/fireball.ch\/index.php\/wp-json\/wp\/v2\/pages\/21334\/revisions"}],"predecessor-version":[{"id":21368,"href":"https:\/\/fireball.ch\/index.php\/wp-json\/wp\/v2\/pages\/21334\/revisions\/21368"}],"up":[{"embeddable":true,"href":"https:\/\/fireball.ch\/index.php\/wp-json\/wp\/v2\/pages\/555"}],"wp:attachment":[{"href":"https:\/\/fireball.ch\/index.php\/wp-json\/wp\/v2\/media?parent=21334"}],"curies":[{"name":"wp","href":"https:\/\/api.w.org\/{rel}","templated":true}]}}