{"id":20294,"date":"2025-11-12T12:16:16","date_gmt":"2025-11-12T12:16:16","guid":{"rendered":"https:\/\/fireball.ch\/?page_id=20294"},"modified":"2025-12-02T08:10:06","modified_gmt":"2025-12-02T08:10:06","slug":"2025-riviera-cup","status":"publish","type":"page","link":"https:\/\/fireball.ch\/index.php\/regatta\/resultate-und-berichte\/2025-riviera-cup\/","title":{"rendered":"2025 Riviera Cup"},"content":{"rendered":"\t\t<div data-elementor-type=\"wp-page\" data-elementor-id=\"20294\" class=\"elementor elementor-20294\" data-elementor-post-type=\"page\">\n\t\t\t\t\t\t<section class=\"elementor-section elementor-top-section elementor-element elementor-element-f09bb20 elementor-section-full_width elementor-section-stretched elementor-section-height-default elementor-section-height-default\" data-id=\"f09bb20\" data-element_type=\"section\" data-settings=\"{&quot;stretch_section&quot;:&quot;section-stretched&quot;}\">\n\t\t\t\t\t\t<div class=\"elementor-container elementor-column-gap-default\">\n\t\t\t\t\t<div class=\"elementor-column elementor-col-100 elementor-top-column elementor-element elementor-element-1d86ee4\" data-id=\"1d86ee4\" data-element_type=\"column\">\n\t\t\t<div class=\"elementor-widget-wrap elementor-element-populated\">\n\t\t\t\t\t\t<div class=\"elementor-element elementor-element-337827b elementor-widget elementor-widget-image\" data-id=\"337827b\" data-element_type=\"widget\" data-widget_type=\"image.default\">\n\t\t\t\t<div class=\"elementor-widget-container\">\n\t\t\t\t\t\t\t\t\t\t\t\t\t\t\t<img fetchpriority=\"high\" decoding=\"async\" width=\"2048\" height=\"292\" src=\"https:\/\/fireball.ch\/wp-content\/uploads\/2021\/04\/Bericht-2048x292.png\" class=\"attachment-2048x2048 size-2048x2048 wp-image-7535\" alt=\"\" srcset=\"https:\/\/fireball.ch\/wp-content\/uploads\/2021\/04\/Bericht-2048x292.png 2048w, https:\/\/fireball.ch\/wp-content\/uploads\/2021\/04\/Bericht-300x43.png 300w, https:\/\/fireball.ch\/wp-content\/uploads\/2021\/04\/Bericht-1024x146.png 1024w, https:\/\/fireball.ch\/wp-content\/uploads\/2021\/04\/Bericht-768x109.png 768w, https:\/\/fireball.ch\/wp-content\/uploads\/2021\/04\/Bericht-1536x219.png 1536w\" sizes=\"(max-width: 2048px) 100vw, 2048px\" \/>\t\t\t\t\t\t\t\t\t\t\t\t\t\t\t<\/div>\n\t\t\t\t<\/div>\n\t\t\t\t\t<\/div>\n\t\t<\/div>\n\t\t\t\t\t<\/div>\n\t\t<\/section>\n\t\t\t\t<section class=\"elementor-section elementor-top-section elementor-element elementor-element-218a22d elementor-section-boxed elementor-section-height-default elementor-section-height-default\" data-id=\"218a22d\" data-element_type=\"section\">\n\t\t\t\t\t\t<div class=\"elementor-container elementor-column-gap-default\">\n\t\t\t\t\t<div class=\"elementor-column elementor-col-100 elementor-top-column elementor-element elementor-element-e88c154\" data-id=\"e88c154\" data-element_type=\"column\">\n\t\t\t<div class=\"elementor-widget-wrap elementor-element-populated\">\n\t\t\t\t\t\t<div class=\"elementor-element elementor-element-7250e78 elementor-widget elementor-widget-spacer\" data-id=\"7250e78\" data-element_type=\"widget\" data-widget_type=\"spacer.default\">\n\t\t\t\t<div class=\"elementor-widget-container\">\n\t\t\t\t\t\t\t<div class=\"elementor-spacer\">\n\t\t\t<div class=\"elementor-spacer-inner\"><\/div>\n\t\t<\/div>\n\t\t\t\t\t\t<\/div>\n\t\t\t\t<\/div>\n\t\t\t\t\t<\/div>\n\t\t<\/div>\n\t\t\t\t\t<\/div>\n\t\t<\/section>\n\t\t\t\t<section class=\"elementor-section elementor-top-section elementor-element elementor-element-36e1b65 elementor-section-boxed elementor-section-height-default elementor-section-height-default\" data-id=\"36e1b65\" data-element_type=\"section\">\n\t\t\t\t\t\t<div class=\"elementor-container elementor-column-gap-default\">\n\t\t\t\t\t<div class=\"elementor-column elementor-col-100 elementor-top-column elementor-element elementor-element-85a2a1c\" data-id=\"85a2a1c\" data-element_type=\"column\">\n\t\t\t<div class=\"elementor-widget-wrap elementor-element-populated\">\n\t\t\t\t\t\t<div class=\"elementor-element elementor-element-dce2f0d elementor-widget elementor-widget-heading\" data-id=\"dce2f0d\" data-element_type=\"widget\" data-widget_type=\"heading.default\">\n\t\t\t\t<div class=\"elementor-widget-container\">\n\t\t\t\t\t<h3 class=\"elementor-heading-title elementor-size-default\">Riviera Cup St. Rapha\u00ebl \/ FRA, 7.- 9 . November 2025<\/h3>\t\t\t\t<\/div>\n\t\t\t\t<\/div>\n\t\t\t\t\t<\/div>\n\t\t<\/div>\n\t\t\t\t\t<\/div>\n\t\t<\/section>\n\t\t\t\t<section class=\"elementor-section elementor-top-section elementor-element elementor-element-0c419cc elementor-section-boxed elementor-section-height-default elementor-section-height-default\" data-id=\"0c419cc\" data-element_type=\"section\">\n\t\t\t\t\t\t<div class=\"elementor-container elementor-column-gap-default\">\n\t\t\t\t\t<div class=\"elementor-column elementor-col-100 elementor-top-column elementor-element elementor-element-53bbc9a\" data-id=\"53bbc9a\" data-element_type=\"column\">\n\t\t\t<div class=\"elementor-widget-wrap elementor-element-populated\">\n\t\t\t\t\t\t<div class=\"elementor-element elementor-element-c959b52 elementor-widget elementor-widget-text-editor\" data-id=\"c959b52\" data-element_type=\"widget\" data-widget_type=\"text-editor.default\">\n\t\t\t\t<div class=\"elementor-widget-container\">\n\t\t\t\t\t\t\t\t\t<p><strong><em>Erfreuliche Steigerung der Teilnahme nach der Erstausgabe 2024: beachtliche 27 Teams (FRA, ITA, SUI, IRL). 7 L\u00e4ufe bei wenig Wind und durchzogenem Wetter.\u00a0 3 SUI Boote anwesend. Broise\/Robin (FRA) gewinnen vor Mermod\/Moser (SUI) und Cicconetti\/Bortesi (ITA).<\/em><\/strong><\/p>\t\t\t\t\t\t\t\t<\/div>\n\t\t\t\t<\/div>\n\t\t\t\t\t<\/div>\n\t\t<\/div>\n\t\t\t\t\t<\/div>\n\t\t<\/section>\n\t\t\t\t<section class=\"elementor-section elementor-top-section elementor-element elementor-element-173cf4b elementor-section-boxed elementor-section-height-default elementor-section-height-default\" data-id=\"173cf4b\" data-element_type=\"section\">\n\t\t\t\t\t\t<div class=\"elementor-container elementor-column-gap-default\">\n\t\t\t\t\t<div class=\"elementor-column elementor-col-100 elementor-top-column elementor-element elementor-element-bcd780a\" data-id=\"bcd780a\" data-element_type=\"column\">\n\t\t\t<div class=\"elementor-widget-wrap elementor-element-populated\">\n\t\t\t\t\t\t<div class=\"elementor-element elementor-element-b5bc6e5 elementor-widget__width-initial elementor-widget elementor-widget-text-editor\" data-id=\"b5bc6e5\" data-element_type=\"widget\" data-widget_type=\"text-editor.default\">\n\t\t\t\t<div class=\"elementor-widget-container\">\n\t\t\t\t\t\t\t\t\t<p>Nachdem in fr\u00fchreren Jahren die Fireball-Aktivit\u00e4ten im S\u00fcden Frankreichs fast auf Null gesunken war, ist nun wieder einiges im Tun. Weitere Regatten sind in Cannes und Antibes. Zu verdanken ist das besonders den in der Region lebenden Olivier, Florence und Esteban, die es in kurzer Zeit mit enormem Engagement geschafft haben, eine gr\u00f6ssere Flotte aufzubauen und Teams von \u00fcberall anzuziehen. Chapeau! Viele Junge sind unter den Teams. Ebenso viele junge Teilnehmende kamen aus Italien. Aus der Schweiz waren es die altbekannten Ch.\u00a0 H\u00e4rdi\/Landerer C., Mermod\/Moser und Landerer R.\/L. Landerer.<\/p><p>Der n\u00e4chtliche Regen h\u00f6rte am Freitagmorgen auf. Damit leider auch fast der Wind. Nach dem Mittag blieb der Himmel bedeckt, so dass wenigstens mit gleich bleibender Grobrichtung zu rechnen war. Der Kurs wurde bis nah unter Land gelegt, Dreher waren da vorprogammiert und beachtliche Str\u00f6mung mischte auch noch mit. Den ersten Lauf holten sich Mermod\/Moser vor den jungen ITA Cicconetti\/Bortesi, die danach das 2. Rennen f\u00fcr sich entschieden, vor den aus IRL angereisten Lee\/Cotter auf einem ausgeliehenen FRA-Boot und Ch. H\u00e4rdi\/Landerer C. Der Wind schwankte in Richtung und St\u00e4rke, so dass die Str\u00f6mung wechselnden Einfluss hatte. Die Wettfahrtleitung schaffte es nicht, Kurs und Startlinie einigermassen zu richten. Auch abk\u00fcrzen oder abschiessen war scheinbar nicht im Repertoire. Weil es inzwischen wirklich keinen Wind mehr hatte, gab es eine l\u00e4ngere Wartepause. Es ging schon gegen Sonnenuntergang, zwischen den Wolken war es knallrot, als doch noch mal ein L\u00fcftchen aufkam und damit die M\u00f6glichkeit f\u00fcr einen 3. Start. Die Startkreuz mutierte zum Fastanlieger f\u00fcr die links Startenden, wer rechts weniger Str\u00f6mung suchte, hatte keinen Stich. Wegen fortgeschrittenem Sonnenuntergang musste der Lauf an der 2. Luvboje zwangsl\u00e4ufig abgek\u00fcrzt werden. Broise\/Robin (FRA) holten den ersten Laufsieg vor V. Balbi\/Cardini (ITA) und Cicconetti\/Bortesi (ITA), die damit die Gesamtf\u00fchrung \u00fcbernahmen.<\/p><p>Am Abend traf man sich im Club. Die von den Teilnehmenden mitgebrachten Spezialit\u00e4ten aus ihrer Heimat wurden zu einem riesiegen Buffet gerichtet. Es war genug Essen f\u00fcr alle verschiedenen Geschm\u00e4cker da und Zeit sich auszutauschen.<\/p><p>Der erste Start am Samstag war auf 10 Uhr angesetzt. Die ablandige Morgenbrise stand. Die Wettfahrtleitung bekundete etwas M\u00fche mit der Kurslegung und dem Timing. Es sollte der Tag von Broise\/Robin werden: Zweimal waren sie zuerst im Ziel, im 1. Lauf knapp vor Mermod\/Moser und mit etwas Abstand\u00a0 B. Franco\/Bevilacqua (ITA). Im 2. Lauf wurden die beiden f\u00fchrenden Boote wegen OSC disqualifiziert, Sieger deshalb Broise\/Robin als Dritte. Die Sonne machte der Landbrise immer mehr den Garaus. Nach etwas Warterei wurden wir an Land zum Mittagessen geschickt. Der Club spendierte Suppe. Erst am sp\u00e4teren Nachmittag sah es so aus, als ob sich die Seebrise durchsetzen k\u00f6nnte. Nach einer Weile Hin-und Herfahrerei vor dem Hafen war\u00a0 aber klar, dass sie nicht f\u00fcr ein weiteres Rennen reichte&#8230; Broise\/Robin lagen nun in F\u00fchrung vor Cicconetti\/Bortesi und Mermod\/Moser.<\/p><p>F\u00fcr den Abend wurde in der grossen Pfanne Gem\u00fcsereis f\u00fcr ein Curry gekocht. Nach einer Fotopr\u00e4sentation mit den Teilnehmenden und dem Essen wurde von Olivier und Florence eine Menge \u00dcberraschungspreise verteilt. Dazwischen wurde publiziert, dass der erste Start am Sonntag um eine Stunde auf 9.30 vorverschoben wurde, um den Morgenwind besser auszunutzen. Auf den Nachmittag sah es schlecht aus f\u00fcr Wind.<\/p><p>Es war der beste Wind vom Wochenende am Sonntagmorgen. Mermod\/Moser nutzten dies f\u00fcr 2 Laufsiege. Ihre st\u00e4rksten Gegner\u00a0 Broise\/Robin und Cicconetti\/Bortesi folgten ihnen aber auf den Fersen, so dass es noch mehr L\u00e4ufe gebraucht h\u00e4tte, f\u00fcr eine Chance ganz an die Spitze. Der Wind wollte aber am Nachmittag nicht mehr&#8230;<\/p><p>Das Podest:<br \/>1. FRA Xavier\u00a0 Broise\/Trystan Robin<br \/>2. SUI Claude Mermod\/Ruedi Moser<br \/>3. ITA Corrado Cicconetti\/Federico Bortesi<\/p><p>die weiteren SUI:<br \/>6. Christina H\u00e4rdi\/Cedric Landerer\u00a0<br \/>17. Ralph Landerer\/Lea Landerer<\/p><p>2027 soll, scheint es, im Sommer die Europameisteschaft in St. Rapha\u00ebl stattfinden. Sicher ein Grund im kommenden Jahr am Riviera Cup vorbei zu schauen&#8230;<\/p><p><a href=\"https:\/\/fireball.ch\/wp-content\/uploads\/2025\/11\/RL-Riviera-Cup-2025.pdf\" target=\"_blank\" rel=\"noopener\">vollst\u00e4ndige Rangliste<\/a> (7 L\u00e4ufe, 1-3 Bft., um N)<\/p><p><img decoding=\"async\" class=\"alignnone wp-image-20293 size-large\" src=\"https:\/\/fireball.ch\/wp-content\/uploads\/2025\/11\/RL-Riviera-Cup-2025-1024x869.jpg\" alt=\"\" width=\"1024\" height=\"869\" srcset=\"https:\/\/fireball.ch\/wp-content\/uploads\/2025\/11\/RL-Riviera-Cup-2025-1024x869.jpg 1024w, https:\/\/fireball.ch\/wp-content\/uploads\/2025\/11\/RL-Riviera-Cup-2025-300x255.jpg 300w, https:\/\/fireball.ch\/wp-content\/uploads\/2025\/11\/RL-Riviera-Cup-2025-768x652.jpg 768w, https:\/\/fireball.ch\/wp-content\/uploads\/2025\/11\/RL-Riviera-Cup-2025.jpg 1250w\" sizes=\"(max-width: 1024px) 100vw, 1024px\" \/><\/p>\t\t\t\t\t\t\t\t<\/div>\n\t\t\t\t<\/div>\n\t\t\t\t\t<\/div>\n\t\t<\/div>\n\t\t\t\t\t<\/div>\n\t\t<\/section>\n\t\t\t\t<section class=\"elementor-section elementor-top-section elementor-element elementor-element-1bfc96c elementor-section-boxed elementor-section-height-default elementor-section-height-default\" data-id=\"1bfc96c\" data-element_type=\"section\">\n\t\t\t\t\t\t<div class=\"elementor-container elementor-column-gap-default\">\n\t\t\t\t\t<div class=\"elementor-column elementor-col-100 elementor-top-column elementor-element elementor-element-cc24936\" data-id=\"cc24936\" data-element_type=\"column\">\n\t\t\t<div class=\"elementor-widget-wrap elementor-element-populated\">\n\t\t\t\t\t\t<div class=\"elementor-element elementor-element-87c97aa elementor-widget elementor-widget-text-editor\" data-id=\"87c97aa\" data-element_type=\"widget\" data-widget_type=\"text-editor.default\">\n\t\t\t\t<div class=\"elementor-widget-container\">\n\t\t\t\t\t\t\t\t\t<p style=\"text-align: center;\"><a href=\"#\">zur\u00fcck<\/a><\/p>\t\t\t\t\t\t\t\t<\/div>\n\t\t\t\t<\/div>\n\t\t\t\t\t<\/div>\n\t\t<\/div>\n\t\t\t\t\t<\/div>\n\t\t<\/section>\n\t\t\t\t<\/div>\n\t\t","protected":false},"excerpt":{"rendered":"<p>Riviera Cup St. Rapha\u00ebl \/ FRA, 7.- 9 . November 2025 Erfreuliche Steigerung der Teilnahme nach der Erstausgabe 2024: beachtliche 27 Teams (FRA, ITA, SUI, IRL). 7 L\u00e4ufe bei wenig Wind und durchzogenem Wetter.\u00a0 3 SUI Boote anwesend. Broise\/Robin (FRA) gewinnen vor Mermod\/Moser (SUI) und Cicconetti\/Bortesi (ITA). Nachdem in fr\u00fchreren Jahren die Fireball-Aktivit\u00e4ten im S\u00fcden [&hellip;]<\/p>\n","protected":false},"author":3,"featured_media":0,"parent":555,"menu_order":68,"comment_status":"closed","ping_status":"closed","template":"","meta":{"site-sidebar-layout":"no-sidebar","site-content-layout":"page-builder","ast-site-content-layout":"default","site-content-style":"default","site-sidebar-style":"default","ast-global-header-display":"","ast-banner-title-visibility":"","ast-main-header-display":"","ast-hfb-above-header-display":"","ast-hfb-below-header-display":"","ast-hfb-mobile-header-display":"","site-post-title":"disabled","ast-breadcrumbs-content":"","ast-featured-img":"disabled","footer-sml-layout":"","theme-transparent-header-meta":"default","adv-header-id-meta":"","stick-header-meta":"","header-above-stick-meta":"","header-main-stick-meta":"","header-below-stick-meta":"","astra-migrate-meta-layouts":"default","ast-page-background-enabled":"default","ast-page-background-meta":{"desktop":{"background-color":"var(--ast-global-color-4)","background-image":"","background-repeat":"repeat","background-position":"center center","background-size":"auto","background-attachment":"scroll","background-type":"","background-media":"","overlay-type":"","overlay-color":"","overlay-opacity":"","overlay-gradient":""},"tablet":{"background-color":"","background-image":"","background-repeat":"repeat","background-position":"center center","background-size":"auto","background-attachment":"scroll","background-type":"","background-media":"","overlay-type":"","overlay-color":"","overlay-opacity":"","overlay-gradient":""},"mobile":{"background-color":"","background-image":"","background-repeat":"repeat","background-position":"center center","background-size":"auto","background-attachment":"scroll","background-type":"","background-media":"","overlay-type":"","overlay-color":"","overlay-opacity":"","overlay-gradient":""}},"ast-content-background-meta":{"desktop":{"background-color":"var(--ast-global-color-5)","background-image":"","background-repeat":"repeat","background-position":"center center","background-size":"auto","background-attachment":"scroll","background-type":"","background-media":"","overlay-type":"","overlay-color":"","overlay-opacity":"","overlay-gradient":""},"tablet":{"background-color":"var(--ast-global-color-5)","background-image":"","background-repeat":"repeat","background-position":"center center","background-size":"auto","background-attachment":"scroll","background-type":"","background-media":"","overlay-type":"","overlay-color":"","overlay-opacity":"","overlay-gradient":""},"mobile":{"background-color":"var(--ast-global-color-5)","background-image":"","background-repeat":"repeat","background-position":"center center","background-size":"auto","background-attachment":"scroll","background-type":"","background-media":"","overlay-type":"","overlay-color":"","overlay-opacity":"","overlay-gradient":""}},"footnotes":""},"class_list":["post-20294","page","type-page","status-publish","hentry"],"yoast_head":"<!-- This site is optimized with the Yoast SEO plugin v27.5 - https:\/\/yoast.com\/product\/yoast-seo-wordpress\/ -->\r\n<title>2025 Riviera Cup -<\/title>\r\n<meta name=\"robots\" content=\"index, follow, max-snippet:-1, max-image-preview:large, max-video-preview:-1\" \/>\r\n<link rel=\"canonical\" href=\"https:\/\/fireball.ch\/index.php\/regatta\/resultate-und-berichte\/2025-riviera-cup\/\" \/>\r\n<meta property=\"og:locale\" content=\"de_DE\" \/>\r\n<meta property=\"og:type\" content=\"article\" \/>\r\n<meta property=\"og:title\" content=\"2025 Riviera Cup -\" \/>\r\n<meta property=\"og:description\" content=\"Riviera Cup St. Rapha\u00ebl \/ FRA, 7.- 9 . November 2025 Erfreuliche Steigerung der Teilnahme nach der Erstausgabe 2024: beachtliche 27 Teams (FRA, ITA, SUI, IRL). 7 L\u00e4ufe bei wenig Wind und durchzogenem Wetter.\u00a0 3 SUI Boote anwesend. Broise\/Robin (FRA) gewinnen vor Mermod\/Moser (SUI) und Cicconetti\/Bortesi (ITA). Nachdem in fr\u00fchreren Jahren die Fireball-Aktivit\u00e4ten im S\u00fcden [&hellip;]\" \/>\r\n<meta property=\"og:url\" content=\"https:\/\/fireball.ch\/index.php\/regatta\/resultate-und-berichte\/2025-riviera-cup\/\" \/>\r\n<meta property=\"article:modified_time\" content=\"2025-12-02T08:10:06+00:00\" \/>\r\n<meta property=\"og:image\" content=\"https:\/\/fireball.ch\/wp-content\/uploads\/2021\/04\/Bericht.png\" \/>\r\n\t<meta property=\"og:image:width\" content=\"2845\" \/>\r\n\t<meta property=\"og:image:height\" content=\"405\" \/>\r\n\t<meta property=\"og:image:type\" content=\"image\/png\" \/>\r\n<meta name=\"twitter:card\" content=\"summary_large_image\" \/>\r\n<meta name=\"twitter:label1\" content=\"Gesch\u00e4tzte Lesezeit\" \/>\n\t<meta name=\"twitter:data1\" content=\"5\u00a0Minuten\" \/>\r\n<script type=\"application\/ld+json\" class=\"yoast-schema-graph\">{\"@context\":\"https:\\\/\\\/schema.org\",\"@graph\":[{\"@type\":\"WebPage\",\"@id\":\"https:\\\/\\\/fireball.ch\\\/index.php\\\/regatta\\\/resultate-und-berichte\\\/2025-riviera-cup\\\/\",\"url\":\"https:\\\/\\\/fireball.ch\\\/index.php\\\/regatta\\\/resultate-und-berichte\\\/2025-riviera-cup\\\/\",\"name\":\"2025 Riviera Cup -\",\"isPartOf\":{\"@id\":\"https:\\\/\\\/fireball.ch\\\/#website\"},\"primaryImageOfPage\":{\"@id\":\"https:\\\/\\\/fireball.ch\\\/index.php\\\/regatta\\\/resultate-und-berichte\\\/2025-riviera-cup\\\/#primaryimage\"},\"image\":{\"@id\":\"https:\\\/\\\/fireball.ch\\\/index.php\\\/regatta\\\/resultate-und-berichte\\\/2025-riviera-cup\\\/#primaryimage\"},\"thumbnailUrl\":\"https:\\\/\\\/fireball.ch\\\/wp-content\\\/uploads\\\/2021\\\/04\\\/Bericht-2048x292.png\",\"datePublished\":\"2025-11-12T12:16:16+00:00\",\"dateModified\":\"2025-12-02T08:10:06+00:00\",\"breadcrumb\":{\"@id\":\"https:\\\/\\\/fireball.ch\\\/index.php\\\/regatta\\\/resultate-und-berichte\\\/2025-riviera-cup\\\/#breadcrumb\"},\"inLanguage\":\"de\",\"potentialAction\":[{\"@type\":\"ReadAction\",\"target\":[\"https:\\\/\\\/fireball.ch\\\/index.php\\\/regatta\\\/resultate-und-berichte\\\/2025-riviera-cup\\\/\"]}]},{\"@type\":\"ImageObject\",\"inLanguage\":\"de\",\"@id\":\"https:\\\/\\\/fireball.ch\\\/index.php\\\/regatta\\\/resultate-und-berichte\\\/2025-riviera-cup\\\/#primaryimage\",\"url\":\"https:\\\/\\\/fireball.ch\\\/wp-content\\\/uploads\\\/2021\\\/04\\\/Bericht.png\",\"contentUrl\":\"https:\\\/\\\/fireball.ch\\\/wp-content\\\/uploads\\\/2021\\\/04\\\/Bericht.png\",\"width\":2845,\"height\":405},{\"@type\":\"BreadcrumbList\",\"@id\":\"https:\\\/\\\/fireball.ch\\\/index.php\\\/regatta\\\/resultate-und-berichte\\\/2025-riviera-cup\\\/#breadcrumb\",\"itemListElement\":[{\"@type\":\"ListItem\",\"position\":1,\"name\":\"Startseite\",\"item\":\"https:\\\/\\\/fireball.ch\\\/\"},{\"@type\":\"ListItem\",\"position\":2,\"name\":\"Regatta\",\"item\":\"https:\\\/\\\/fireball.ch\\\/index.php\\\/regatta\\\/\"},{\"@type\":\"ListItem\",\"position\":3,\"name\":\"Resultate und Berichte\",\"item\":\"https:\\\/\\\/fireball.ch\\\/index.php\\\/regatta\\\/resultate-und-berichte\\\/\"},{\"@type\":\"ListItem\",\"position\":4,\"name\":\"2025 Riviera Cup\"}]},{\"@type\":\"WebSite\",\"@id\":\"https:\\\/\\\/fireball.ch\\\/#website\",\"url\":\"https:\\\/\\\/fireball.ch\\\/\",\"name\":\"Swiss Fireball\",\"description\":\"\",\"publisher\":{\"@id\":\"https:\\\/\\\/fireball.ch\\\/#organization\"},\"potentialAction\":[{\"@type\":\"SearchAction\",\"target\":{\"@type\":\"EntryPoint\",\"urlTemplate\":\"https:\\\/\\\/fireball.ch\\\/?s={search_term_string}\"},\"query-input\":{\"@type\":\"PropertyValueSpecification\",\"valueRequired\":true,\"valueName\":\"search_term_string\"}}],\"inLanguage\":\"de\"},{\"@type\":\"Organization\",\"@id\":\"https:\\\/\\\/fireball.ch\\\/#organization\",\"name\":\"Swiss Fireball\",\"url\":\"https:\\\/\\\/fireball.ch\\\/\",\"logo\":{\"@type\":\"ImageObject\",\"inLanguage\":\"de\",\"@id\":\"https:\\\/\\\/fireball.ch\\\/#\\\/schema\\\/logo\\\/image\\\/\",\"url\":\"https:\\\/\\\/fireball.ch\\\/wp-content\\\/uploads\\\/2021\\\/01\\\/cropped-logo_fireball.png\",\"contentUrl\":\"https:\\\/\\\/fireball.ch\\\/wp-content\\\/uploads\\\/2021\\\/01\\\/cropped-logo_fireball.png\",\"width\":220,\"height\":59,\"caption\":\"Swiss Fireball\"},\"image\":{\"@id\":\"https:\\\/\\\/fireball.ch\\\/#\\\/schema\\\/logo\\\/image\\\/\"}}]}<\/script>\r\n<!-- \/ Yoast SEO plugin. -->","yoast_head_json":{"title":"2025 Riviera Cup -","robots":{"index":"index","follow":"follow","max-snippet":"max-snippet:-1","max-image-preview":"max-image-preview:large","max-video-preview":"max-video-preview:-1"},"canonical":"https:\/\/fireball.ch\/index.php\/regatta\/resultate-und-berichte\/2025-riviera-cup\/","og_locale":"de_DE","og_type":"article","og_title":"2025 Riviera Cup -","og_description":"Riviera Cup St. Rapha\u00ebl \/ FRA, 7.- 9 . November 2025 Erfreuliche Steigerung der Teilnahme nach der Erstausgabe 2024: beachtliche 27 Teams (FRA, ITA, SUI, IRL). 7 L\u00e4ufe bei wenig Wind und durchzogenem Wetter.\u00a0 3 SUI Boote anwesend. Broise\/Robin (FRA) gewinnen vor Mermod\/Moser (SUI) und Cicconetti\/Bortesi (ITA). Nachdem in fr\u00fchreren Jahren die Fireball-Aktivit\u00e4ten im S\u00fcden [&hellip;]","og_url":"https:\/\/fireball.ch\/index.php\/regatta\/resultate-und-berichte\/2025-riviera-cup\/","article_modified_time":"2025-12-02T08:10:06+00:00","og_image":[{"width":2845,"height":405,"url":"https:\/\/fireball.ch\/wp-content\/uploads\/2021\/04\/Bericht.png","type":"image\/png"}],"twitter_card":"summary_large_image","twitter_misc":{"Gesch\u00e4tzte Lesezeit":"5\u00a0Minuten"},"schema":{"@context":"https:\/\/schema.org","@graph":[{"@type":"WebPage","@id":"https:\/\/fireball.ch\/index.php\/regatta\/resultate-und-berichte\/2025-riviera-cup\/","url":"https:\/\/fireball.ch\/index.php\/regatta\/resultate-und-berichte\/2025-riviera-cup\/","name":"2025 Riviera Cup -","isPartOf":{"@id":"https:\/\/fireball.ch\/#website"},"primaryImageOfPage":{"@id":"https:\/\/fireball.ch\/index.php\/regatta\/resultate-und-berichte\/2025-riviera-cup\/#primaryimage"},"image":{"@id":"https:\/\/fireball.ch\/index.php\/regatta\/resultate-und-berichte\/2025-riviera-cup\/#primaryimage"},"thumbnailUrl":"https:\/\/fireball.ch\/wp-content\/uploads\/2021\/04\/Bericht-2048x292.png","datePublished":"2025-11-12T12:16:16+00:00","dateModified":"2025-12-02T08:10:06+00:00","breadcrumb":{"@id":"https:\/\/fireball.ch\/index.php\/regatta\/resultate-und-berichte\/2025-riviera-cup\/#breadcrumb"},"inLanguage":"de","potentialAction":[{"@type":"ReadAction","target":["https:\/\/fireball.ch\/index.php\/regatta\/resultate-und-berichte\/2025-riviera-cup\/"]}]},{"@type":"ImageObject","inLanguage":"de","@id":"https:\/\/fireball.ch\/index.php\/regatta\/resultate-und-berichte\/2025-riviera-cup\/#primaryimage","url":"https:\/\/fireball.ch\/wp-content\/uploads\/2021\/04\/Bericht.png","contentUrl":"https:\/\/fireball.ch\/wp-content\/uploads\/2021\/04\/Bericht.png","width":2845,"height":405},{"@type":"BreadcrumbList","@id":"https:\/\/fireball.ch\/index.php\/regatta\/resultate-und-berichte\/2025-riviera-cup\/#breadcrumb","itemListElement":[{"@type":"ListItem","position":1,"name":"Startseite","item":"https:\/\/fireball.ch\/"},{"@type":"ListItem","position":2,"name":"Regatta","item":"https:\/\/fireball.ch\/index.php\/regatta\/"},{"@type":"ListItem","position":3,"name":"Resultate und Berichte","item":"https:\/\/fireball.ch\/index.php\/regatta\/resultate-und-berichte\/"},{"@type":"ListItem","position":4,"name":"2025 Riviera Cup"}]},{"@type":"WebSite","@id":"https:\/\/fireball.ch\/#website","url":"https:\/\/fireball.ch\/","name":"Swiss Fireball","description":"","publisher":{"@id":"https:\/\/fireball.ch\/#organization"},"potentialAction":[{"@type":"SearchAction","target":{"@type":"EntryPoint","urlTemplate":"https:\/\/fireball.ch\/?s={search_term_string}"},"query-input":{"@type":"PropertyValueSpecification","valueRequired":true,"valueName":"search_term_string"}}],"inLanguage":"de"},{"@type":"Organization","@id":"https:\/\/fireball.ch\/#organization","name":"Swiss Fireball","url":"https:\/\/fireball.ch\/","logo":{"@type":"ImageObject","inLanguage":"de","@id":"https:\/\/fireball.ch\/#\/schema\/logo\/image\/","url":"https:\/\/fireball.ch\/wp-content\/uploads\/2021\/01\/cropped-logo_fireball.png","contentUrl":"https:\/\/fireball.ch\/wp-content\/uploads\/2021\/01\/cropped-logo_fireball.png","width":220,"height":59,"caption":"Swiss Fireball"},"image":{"@id":"https:\/\/fireball.ch\/#\/schema\/logo\/image\/"}}]}},"_links":{"self":[{"href":"https:\/\/fireball.ch\/index.php\/wp-json\/wp\/v2\/pages\/20294","targetHints":{"allow":["GET"]}}],"collection":[{"href":"https:\/\/fireball.ch\/index.php\/wp-json\/wp\/v2\/pages"}],"about":[{"href":"https:\/\/fireball.ch\/index.php\/wp-json\/wp\/v2\/types\/page"}],"author":[{"embeddable":true,"href":"https:\/\/fireball.ch\/index.php\/wp-json\/wp\/v2\/users\/3"}],"replies":[{"embeddable":true,"href":"https:\/\/fireball.ch\/index.php\/wp-json\/wp\/v2\/comments?post=20294"}],"version-history":[{"count":10,"href":"https:\/\/fireball.ch\/index.php\/wp-json\/wp\/v2\/pages\/20294\/revisions"}],"predecessor-version":[{"id":20758,"href":"https:\/\/fireball.ch\/index.php\/wp-json\/wp\/v2\/pages\/20294\/revisions\/20758"}],"up":[{"embeddable":true,"href":"https:\/\/fireball.ch\/index.php\/wp-json\/wp\/v2\/pages\/555"}],"wp:attachment":[{"href":"https:\/\/fireball.ch\/index.php\/wp-json\/wp\/v2\/media?parent=20294"}],"curies":[{"name":"wp","href":"https:\/\/api.w.org\/{rel}","templated":true}]}}