{"id":19591,"date":"2025-10-07T11:26:18","date_gmt":"2025-10-07T11:26:18","guid":{"rendered":"https:\/\/fireball.ch\/?page_id=19591"},"modified":"2025-10-07T11:41:13","modified_gmt":"2025-10-07T11:41:13","slug":"fotos-2025-worlds-von-elena-giolai","status":"publish","type":"page","link":"https:\/\/fireball.ch\/index.php\/gallerie\/fotos-2025-worlds-von-elena-giolai\/","title":{"rendered":"Fotos 2025 Worlds von Elena Giolai"},"content":{"rendered":"\t\t<div data-elementor-type=\"wp-page\" data-elementor-id=\"19591\" class=\"elementor elementor-19591\" data-elementor-post-type=\"page\">\n\t\t\t\t\t\t<section class=\"elementor-section elementor-top-section elementor-element elementor-element-e309a48 elementor-section-full_width elementor-section-stretched elementor-section-height-default elementor-section-height-default\" data-id=\"e309a48\" data-element_type=\"section\" data-settings=\"{&quot;stretch_section&quot;:&quot;section-stretched&quot;}\">\n\t\t\t\t\t\t<div class=\"elementor-container elementor-column-gap-default\">\n\t\t\t\t\t<div class=\"elementor-column elementor-col-100 elementor-top-column elementor-element elementor-element-dc67dee\" data-id=\"dc67dee\" data-element_type=\"column\">\n\t\t\t<div class=\"elementor-widget-wrap elementor-element-populated\">\n\t\t\t\t\t\t<div class=\"elementor-element elementor-element-13ce505 elementor-widget elementor-widget-image\" data-id=\"13ce505\" data-element_type=\"widget\" data-widget_type=\"image.default\">\n\t\t\t\t<div class=\"elementor-widget-container\">\n\t\t\t\t\t\t\t\t\t\t\t\t\t\t\t<img fetchpriority=\"high\" decoding=\"async\" width=\"2048\" height=\"302\" src=\"https:\/\/fireball.ch\/wp-content\/uploads\/2023\/07\/FOTOS_23-2048x302.png\" class=\"attachment-2048x2048 size-2048x2048 wp-image-13472\" alt=\"\" srcset=\"https:\/\/fireball.ch\/wp-content\/uploads\/2023\/07\/FOTOS_23-2048x302.png 2048w, https:\/\/fireball.ch\/wp-content\/uploads\/2023\/07\/FOTOS_23-300x44.png 300w, https:\/\/fireball.ch\/wp-content\/uploads\/2023\/07\/FOTOS_23-1024x151.png 1024w, https:\/\/fireball.ch\/wp-content\/uploads\/2023\/07\/FOTOS_23-768x113.png 768w, https:\/\/fireball.ch\/wp-content\/uploads\/2023\/07\/FOTOS_23-1536x227.png 1536w\" sizes=\"(max-width: 2048px) 100vw, 2048px\" \/>\t\t\t\t\t\t\t\t\t\t\t\t\t\t\t<\/div>\n\t\t\t\t<\/div>\n\t\t\t\t\t<\/div>\n\t\t<\/div>\n\t\t\t\t\t<\/div>\n\t\t<\/section>\n\t\t\t\t<section class=\"elementor-section elementor-top-section elementor-element elementor-element-db61af7 elementor-section-boxed elementor-section-height-default elementor-section-height-default\" data-id=\"db61af7\" data-element_type=\"section\">\n\t\t\t\t\t\t<div class=\"elementor-container elementor-column-gap-default\">\n\t\t\t\t\t<div class=\"elementor-column elementor-col-100 elementor-top-column elementor-element elementor-element-bf2a76d\" data-id=\"bf2a76d\" data-element_type=\"column\">\n\t\t\t<div class=\"elementor-widget-wrap elementor-element-populated\">\n\t\t\t\t\t\t<div class=\"elementor-element elementor-element-908adde elementor-widget elementor-widget-spacer\" data-id=\"908adde\" data-element_type=\"widget\" data-widget_type=\"spacer.default\">\n\t\t\t\t<div class=\"elementor-widget-container\">\n\t\t\t\t\t\t\t<div class=\"elementor-spacer\">\n\t\t\t<div class=\"elementor-spacer-inner\"><\/div>\n\t\t<\/div>\n\t\t\t\t\t\t<\/div>\n\t\t\t\t<\/div>\n\t\t\t\t\t<\/div>\n\t\t<\/div>\n\t\t\t\t\t<\/div>\n\t\t<\/section>\n\t\t\t\t<section class=\"elementor-section elementor-top-section elementor-element elementor-element-f06a2e8 elementor-section-boxed elementor-section-height-default elementor-section-height-default\" data-id=\"f06a2e8\" data-element_type=\"section\">\n\t\t\t\t\t\t<div class=\"elementor-container elementor-column-gap-default\">\n\t\t\t\t\t<div class=\"elementor-column elementor-col-100 elementor-top-column elementor-element elementor-element-bac135f\" data-id=\"bac135f\" data-element_type=\"column\">\n\t\t\t<div class=\"elementor-widget-wrap elementor-element-populated\">\n\t\t\t\t\t\t<div class=\"elementor-element elementor-element-d78c193 elementor-widget elementor-widget-text-editor\" data-id=\"d78c193\" data-element_type=\"widget\" data-widget_type=\"text-editor.default\">\n\t\t\t\t<div class=\"elementor-widget-container\">\n\t\t\t\t\t\t\t\t\t<span style=\"color: #ffffff;\">\u00a0<strong>2025 Worlds Arco\/ITA<\/strong><\/span>\u00a0 \u00a0<span style=\"color: #003300;\"><em>Fotos: Elena Giolai<\/em><\/span>\t\t\t\t\t\t\t\t<\/div>\n\t\t\t\t<\/div>\n\t\t\t\t\t<\/div>\n\t\t<\/div>\n\t\t\t\t\t<\/div>\n\t\t<\/section>\n\t\t\t\t<section class=\"elementor-section elementor-top-section elementor-element elementor-element-bd23aba elementor-section-boxed elementor-section-height-default elementor-section-height-default\" data-id=\"bd23aba\" data-element_type=\"section\">\n\t\t\t\t\t\t<div class=\"elementor-container elementor-column-gap-default\">\n\t\t\t\t\t<div class=\"elementor-column elementor-col-100 elementor-top-column elementor-element elementor-element-f233b63\" data-id=\"f233b63\" data-element_type=\"column\">\n\t\t\t<div class=\"elementor-widget-wrap elementor-element-populated\">\n\t\t\t\t\t\t<div class=\"elementor-element elementor-element-3d11c0b elementor-widget elementor-widget-text-editor\" data-id=\"3d11c0b\" data-element_type=\"widget\" data-widget_type=\"text-editor.default\">\n\t\t\t\t<div class=\"elementor-widget-container\">\n\t\t\t\t\t\t\t\t\t<p>\u00a0<\/p><p><\/p>\t\t\t\t\t\t\t\t<\/div>\n\t\t\t\t<\/div>\n\t\t\t\t\t<\/div>\n\t\t<\/div>\n\t\t\t\t\t<\/div>\n\t\t<\/section>\n\t\t\t\t<section class=\"elementor-section elementor-top-section elementor-element elementor-element-411d986 elementor-section-boxed elementor-section-height-default elementor-section-height-default\" data-id=\"411d986\" data-element_type=\"section\">\n\t\t\t\t\t\t<div class=\"elementor-container elementor-column-gap-default\">\n\t\t\t\t\t<div class=\"elementor-column elementor-col-100 elementor-top-column elementor-element elementor-element-bc5ceae\" data-id=\"bc5ceae\" data-element_type=\"column\">\n\t\t\t<div class=\"elementor-widget-wrap elementor-element-populated\">\n\t\t\t\t\t\t<div class=\"elementor-element elementor-element-eef4c3d elementor-align-center elementor-widget elementor-widget-button\" data-id=\"eef4c3d\" data-element_type=\"widget\" data-widget_type=\"button.default\">\n\t\t\t\t<div class=\"elementor-widget-container\">\n\t\t\t\t\t\t\t\t\t<div class=\"elementor-button-wrapper\">\n\t\t\t\t\t<a class=\"elementor-button elementor-button-link elementor-size-sm\" href=\"http:\/\/www.vet-sailing.ch\/Fireball\/index.html\" target=\"_blank\">\n\t\t\t\t\t\t<span class=\"elementor-button-content-wrapper\">\n\t\t\t\t\t\t\t\t\t<span class=\"elementor-button-text\">&gt;&gt; mehr Fotos @ vet-sailing.ch von Urs H\u00e4rdi<\/span>\n\t\t\t\t\t<\/span>\n\t\t\t\t\t<\/a>\n\t\t\t\t<\/div>\n\t\t\t\t\t\t\t\t<\/div>\n\t\t\t\t<\/div>\n\t\t\t\t\t<\/div>\n\t\t<\/div>\n\t\t\t\t\t<\/div>\n\t\t<\/section>\n\t\t\t\t<section class=\"elementor-section elementor-top-section elementor-element elementor-element-fdd0c96 elementor-section-boxed elementor-section-height-default elementor-section-height-default\" data-id=\"fdd0c96\" data-element_type=\"section\">\n\t\t\t\t\t\t<div class=\"elementor-container elementor-column-gap-default\">\n\t\t\t\t\t<div class=\"elementor-column elementor-col-100 elementor-top-column elementor-element elementor-element-c6df558\" data-id=\"c6df558\" data-element_type=\"column\">\n\t\t\t<div class=\"elementor-widget-wrap elementor-element-populated\">\n\t\t\t\t\t\t<div class=\"elementor-element elementor-element-a2335d3 elementor-align-center elementor-widget elementor-widget-button\" data-id=\"a2335d3\" data-element_type=\"widget\" data-widget_type=\"button.default\">\n\t\t\t\t<div class=\"elementor-widget-container\">\n\t\t\t\t\t\t\t\t\t<div class=\"elementor-button-wrapper\">\n\t\t\t\t\t<a class=\"elementor-button elementor-button-link elementor-size-sm\" href=\"https:\/\/fireball.ch\/index.php\/gallerie\/foto-archiv\/\">\n\t\t\t\t\t\t<span class=\"elementor-button-content-wrapper\">\n\t\t\t\t\t\t\t\t\t<span class=\"elementor-button-text\">&gt;&gt; SF Foto Archiv chronologisch <\/span>\n\t\t\t\t\t<\/span>\n\t\t\t\t\t<\/a>\n\t\t\t\t<\/div>\n\t\t\t\t\t\t\t\t<\/div>\n\t\t\t\t<\/div>\n\t\t\t\t\t<\/div>\n\t\t<\/div>\n\t\t\t\t\t<\/div>\n\t\t<\/section>\n\t\t\t\t<section class=\"elementor-section elementor-top-section elementor-element elementor-element-8f5ad96 elementor-section-boxed elementor-section-height-default elementor-section-height-default\" data-id=\"8f5ad96\" data-element_type=\"section\">\n\t\t\t\t\t\t<div class=\"elementor-container elementor-column-gap-default\">\n\t\t\t\t\t<div class=\"elementor-column elementor-col-100 elementor-top-column elementor-element elementor-element-7a49112\" data-id=\"7a49112\" data-element_type=\"column\">\n\t\t\t<div class=\"elementor-widget-wrap elementor-element-populated\">\n\t\t\t\t\t\t<div class=\"elementor-element elementor-element-5d7b5fa elementor-widget elementor-widget-heading\" data-id=\"5d7b5fa\" data-element_type=\"widget\" data-widget_type=\"heading.default\">\n\t\t\t\t<div class=\"elementor-widget-container\">\n\t\t\t\t\t<h3 class=\"elementor-heading-title elementor-size-default\">Copyrights<\/h3>\t\t\t\t<\/div>\n\t\t\t\t<\/div>\n\t\t\t\t<div class=\"elementor-element elementor-element-474a25d elementor-widget elementor-widget-text-editor\" data-id=\"474a25d\" data-element_type=\"widget\" data-widget_type=\"text-editor.default\">\n\t\t\t\t<div class=\"elementor-widget-container\">\n\t\t\t\t\t\t\t\t\t<p>Die Fotos auf <i>www.fireball.ch<\/i> unterliegen den \u00fcblichen Copyright-Regeln.<br \/>Wer bestimmte Fotos von Urs H\u00e4rdi\/Vet-Sailing in h\u00f6herer Aufl\u00f6sung w\u00fcnscht, kontaktiert Urs am besten per <a href=\"mailto:urs.kueblis@bluewin.ch\" target=\"_blank\" rel=\"noopener\">Mail<\/a>.<\/p>\t\t\t\t\t\t\t\t<\/div>\n\t\t\t\t<\/div>\n\t\t\t\t\t<\/div>\n\t\t<\/div>\n\t\t\t\t\t<\/div>\n\t\t<\/section>\n\t\t\t\t<section class=\"elementor-section elementor-top-section elementor-element elementor-element-ae6ab38 elementor-section-boxed elementor-section-height-default elementor-section-height-default\" data-id=\"ae6ab38\" data-element_type=\"section\">\n\t\t\t\t\t\t<div class=\"elementor-container elementor-column-gap-default\">\n\t\t\t\t\t<div class=\"elementor-column elementor-col-100 elementor-top-column elementor-element elementor-element-12b454b\" data-id=\"12b454b\" data-element_type=\"column\">\n\t\t\t<div class=\"elementor-widget-wrap elementor-element-populated\">\n\t\t\t\t\t\t<div class=\"elementor-element elementor-element-4275ddf elementor-widget elementor-widget-html\" data-id=\"4275ddf\" data-element_type=\"widget\" data-widget_type=\"html.default\">\n\t\t\t\t<div class=\"elementor-widget-container\">\n\t\t\t\t\t<p style=\"text-align: center;\"><a href=\"#\">zur\u00fcck<\/a><\/p>\t\t\t\t<\/div>\n\t\t\t\t<\/div>\n\t\t\t\t\t<\/div>\n\t\t<\/div>\n\t\t\t\t\t<\/div>\n\t\t<\/section>\n\t\t\t\t<\/div>\n\t\t","protected":false},"excerpt":{"rendered":"<p>\u00a02025 Worlds Arco\/ITA\u00a0 \u00a0Fotos: Elena Giolai \u00a0 >> mehr Fotos @ vet-sailing.ch von Urs H\u00e4rdi >> SF Foto Archiv chronologisch Copyrights Die Fotos auf www.fireball.ch unterliegen den \u00fcblichen Copyright-Regeln.Wer bestimmte Fotos von Urs H\u00e4rdi\/Vet-Sailing in h\u00f6herer Aufl\u00f6sung w\u00fcnscht, kontaktiert Urs am besten per Mail. zur\u00fcck<\/p>\n","protected":false},"author":3,"featured_media":0,"parent":239,"menu_order":0,"comment_status":"closed","ping_status":"closed","template":"","meta":{"site-sidebar-layout":"no-sidebar","site-content-layout":"page-builder","ast-site-content-layout":"default","site-content-style":"default","site-sidebar-style":"default","ast-global-header-display":"","ast-banner-title-visibility":"","ast-main-header-display":"","ast-hfb-above-header-display":"","ast-hfb-below-header-display":"","ast-hfb-mobile-header-display":"","site-post-title":"disabled","ast-breadcrumbs-content":"","ast-featured-img":"disabled","footer-sml-layout":"","theme-transparent-header-meta":"default","adv-header-id-meta":"","stick-header-meta":"","header-above-stick-meta":"","header-main-stick-meta":"","header-below-stick-meta":"","astra-migrate-meta-layouts":"default","ast-page-background-enabled":"default","ast-page-background-meta":{"desktop":{"background-color":"var(--ast-global-color-4)","background-image":"","background-repeat":"repeat","background-position":"center center","background-size":"auto","background-attachment":"scroll","background-type":"","background-media":"","overlay-type":"","overlay-color":"","overlay-opacity":"","overlay-gradient":""},"tablet":{"background-color":"","background-image":"","background-repeat":"repeat","background-position":"center center","background-size":"auto","background-attachment":"scroll","background-type":"","background-media":"","overlay-type":"","overlay-color":"","overlay-opacity":"","overlay-gradient":""},"mobile":{"background-color":"","background-image":"","background-repeat":"repeat","background-position":"center center","background-size":"auto","background-attachment":"scroll","background-type":"","background-media":"","overlay-type":"","overlay-color":"","overlay-opacity":"","overlay-gradient":""}},"ast-content-background-meta":{"desktop":{"background-color":"var(--ast-global-color-5)","background-image":"","background-repeat":"repeat","background-position":"center center","background-size":"auto","background-attachment":"scroll","background-type":"","background-media":"","overlay-type":"","overlay-color":"","overlay-opacity":"","overlay-gradient":""},"tablet":{"background-color":"var(--ast-global-color-5)","background-image":"","background-repeat":"repeat","background-position":"center center","background-size":"auto","background-attachment":"scroll","background-type":"","background-media":"","overlay-type":"","overlay-color":"","overlay-opacity":"","overlay-gradient":""},"mobile":{"background-color":"var(--ast-global-color-5)","background-image":"","background-repeat":"repeat","background-position":"center center","background-size":"auto","background-attachment":"scroll","background-type":"","background-media":"","overlay-type":"","overlay-color":"","overlay-opacity":"","overlay-gradient":""}},"footnotes":""},"class_list":["post-19591","page","type-page","status-publish","hentry"],"yoast_head":"<!-- This site is optimized with the Yoast SEO plugin v27.5 - https:\/\/yoast.com\/product\/yoast-seo-wordpress\/ -->\r\n<title>Fotos 2025 Worlds von Elena Giolai -<\/title>\r\n<meta name=\"robots\" content=\"index, follow, max-snippet:-1, max-image-preview:large, max-video-preview:-1\" \/>\r\n<link rel=\"canonical\" href=\"https:\/\/fireball.ch\/index.php\/gallerie\/fotos-2025-worlds-von-elena-giolai\/\" \/>\r\n<meta property=\"og:locale\" content=\"de_DE\" \/>\r\n<meta property=\"og:type\" content=\"article\" \/>\r\n<meta property=\"og:title\" content=\"Fotos 2025 Worlds von Elena Giolai -\" \/>\r\n<meta property=\"og:description\" content=\"\u00a02025 Worlds Arco\/ITA\u00a0 \u00a0Fotos: Elena Giolai \u00a0 &gt;&gt; mehr Fotos @ vet-sailing.ch von Urs H\u00e4rdi &gt;&gt; SF Foto Archiv chronologisch Copyrights Die Fotos auf www.fireball.ch unterliegen den \u00fcblichen Copyright-Regeln.Wer bestimmte Fotos von Urs H\u00e4rdi\/Vet-Sailing in h\u00f6herer Aufl\u00f6sung w\u00fcnscht, kontaktiert Urs am besten per Mail. zur\u00fcck\" \/>\r\n<meta property=\"og:url\" content=\"https:\/\/fireball.ch\/index.php\/gallerie\/fotos-2025-worlds-von-elena-giolai\/\" \/>\r\n<meta property=\"article:modified_time\" content=\"2025-10-07T11:41:13+00:00\" \/>\r\n<meta property=\"og:image\" content=\"https:\/\/fireball.ch\/wp-content\/uploads\/2025\/09\/54727126909_700af1214b_o-150x150.jpg\" \/>\r\n<meta name=\"twitter:card\" content=\"summary_large_image\" \/>\r\n<meta name=\"twitter:label1\" content=\"Gesch\u00e4tzte Lesezeit\" \/>\n\t<meta name=\"twitter:data1\" content=\"1\u00a0Minute\" \/>\r\n<script type=\"application\/ld+json\" class=\"yoast-schema-graph\">{\"@context\":\"https:\\\/\\\/schema.org\",\"@graph\":[{\"@type\":\"WebPage\",\"@id\":\"https:\\\/\\\/fireball.ch\\\/index.php\\\/gallerie\\\/fotos-2025-worlds-von-elena-giolai\\\/\",\"url\":\"https:\\\/\\\/fireball.ch\\\/index.php\\\/gallerie\\\/fotos-2025-worlds-von-elena-giolai\\\/\",\"name\":\"Fotos 2025 Worlds von Elena Giolai -\",\"isPartOf\":{\"@id\":\"https:\\\/\\\/fireball.ch\\\/#website\"},\"primaryImageOfPage\":{\"@id\":\"https:\\\/\\\/fireball.ch\\\/index.php\\\/gallerie\\\/fotos-2025-worlds-von-elena-giolai\\\/#primaryimage\"},\"image\":{\"@id\":\"https:\\\/\\\/fireball.ch\\\/index.php\\\/gallerie\\\/fotos-2025-worlds-von-elena-giolai\\\/#primaryimage\"},\"thumbnailUrl\":\"https:\\\/\\\/fireball.ch\\\/wp-content\\\/uploads\\\/2023\\\/07\\\/FOTOS_23-2048x302.png\",\"datePublished\":\"2025-10-07T11:26:18+00:00\",\"dateModified\":\"2025-10-07T11:41:13+00:00\",\"breadcrumb\":{\"@id\":\"https:\\\/\\\/fireball.ch\\\/index.php\\\/gallerie\\\/fotos-2025-worlds-von-elena-giolai\\\/#breadcrumb\"},\"inLanguage\":\"de\",\"potentialAction\":[{\"@type\":\"ReadAction\",\"target\":[\"https:\\\/\\\/fireball.ch\\\/index.php\\\/gallerie\\\/fotos-2025-worlds-von-elena-giolai\\\/\"]}]},{\"@type\":\"ImageObject\",\"inLanguage\":\"de\",\"@id\":\"https:\\\/\\\/fireball.ch\\\/index.php\\\/gallerie\\\/fotos-2025-worlds-von-elena-giolai\\\/#primaryimage\",\"url\":\"https:\\\/\\\/fireball.ch\\\/wp-content\\\/uploads\\\/2023\\\/07\\\/FOTOS_23.png\",\"contentUrl\":\"https:\\\/\\\/fireball.ch\\\/wp-content\\\/uploads\\\/2023\\\/07\\\/FOTOS_23.png\",\"width\":2838,\"height\":419},{\"@type\":\"BreadcrumbList\",\"@id\":\"https:\\\/\\\/fireball.ch\\\/index.php\\\/gallerie\\\/fotos-2025-worlds-von-elena-giolai\\\/#breadcrumb\",\"itemListElement\":[{\"@type\":\"ListItem\",\"position\":1,\"name\":\"Startseite\",\"item\":\"https:\\\/\\\/fireball.ch\\\/\"},{\"@type\":\"ListItem\",\"position\":2,\"name\":\"Medien\",\"item\":\"https:\\\/\\\/fireball.ch\\\/index.php\\\/gallerie\\\/\"},{\"@type\":\"ListItem\",\"position\":3,\"name\":\"Fotos 2025 Worlds von Elena Giolai\"}]},{\"@type\":\"WebSite\",\"@id\":\"https:\\\/\\\/fireball.ch\\\/#website\",\"url\":\"https:\\\/\\\/fireball.ch\\\/\",\"name\":\"Swiss Fireball\",\"description\":\"\",\"publisher\":{\"@id\":\"https:\\\/\\\/fireball.ch\\\/#organization\"},\"potentialAction\":[{\"@type\":\"SearchAction\",\"target\":{\"@type\":\"EntryPoint\",\"urlTemplate\":\"https:\\\/\\\/fireball.ch\\\/?s={search_term_string}\"},\"query-input\":{\"@type\":\"PropertyValueSpecification\",\"valueRequired\":true,\"valueName\":\"search_term_string\"}}],\"inLanguage\":\"de\"},{\"@type\":\"Organization\",\"@id\":\"https:\\\/\\\/fireball.ch\\\/#organization\",\"name\":\"Swiss Fireball\",\"url\":\"https:\\\/\\\/fireball.ch\\\/\",\"logo\":{\"@type\":\"ImageObject\",\"inLanguage\":\"de\",\"@id\":\"https:\\\/\\\/fireball.ch\\\/#\\\/schema\\\/logo\\\/image\\\/\",\"url\":\"https:\\\/\\\/fireball.ch\\\/wp-content\\\/uploads\\\/2021\\\/01\\\/cropped-logo_fireball.png\",\"contentUrl\":\"https:\\\/\\\/fireball.ch\\\/wp-content\\\/uploads\\\/2021\\\/01\\\/cropped-logo_fireball.png\",\"width\":220,\"height\":59,\"caption\":\"Swiss Fireball\"},\"image\":{\"@id\":\"https:\\\/\\\/fireball.ch\\\/#\\\/schema\\\/logo\\\/image\\\/\"}}]}<\/script>\r\n<!-- \/ Yoast SEO plugin. -->","yoast_head_json":{"title":"Fotos 2025 Worlds von Elena Giolai -","robots":{"index":"index","follow":"follow","max-snippet":"max-snippet:-1","max-image-preview":"max-image-preview:large","max-video-preview":"max-video-preview:-1"},"canonical":"https:\/\/fireball.ch\/index.php\/gallerie\/fotos-2025-worlds-von-elena-giolai\/","og_locale":"de_DE","og_type":"article","og_title":"Fotos 2025 Worlds von Elena Giolai -","og_description":"\u00a02025 Worlds Arco\/ITA\u00a0 \u00a0Fotos: Elena Giolai \u00a0 >> mehr Fotos @ vet-sailing.ch von Urs H\u00e4rdi >> SF Foto Archiv chronologisch Copyrights Die Fotos auf www.fireball.ch unterliegen den \u00fcblichen Copyright-Regeln.Wer bestimmte Fotos von Urs H\u00e4rdi\/Vet-Sailing in h\u00f6herer Aufl\u00f6sung w\u00fcnscht, kontaktiert Urs am besten per Mail. zur\u00fcck","og_url":"https:\/\/fireball.ch\/index.php\/gallerie\/fotos-2025-worlds-von-elena-giolai\/","article_modified_time":"2025-10-07T11:41:13+00:00","og_image":[{"url":"https:\/\/fireball.ch\/wp-content\/uploads\/2025\/09\/54727126909_700af1214b_o-150x150.jpg","type":"","width":"","height":""}],"twitter_card":"summary_large_image","twitter_misc":{"Gesch\u00e4tzte Lesezeit":"1\u00a0Minute"},"schema":{"@context":"https:\/\/schema.org","@graph":[{"@type":"WebPage","@id":"https:\/\/fireball.ch\/index.php\/gallerie\/fotos-2025-worlds-von-elena-giolai\/","url":"https:\/\/fireball.ch\/index.php\/gallerie\/fotos-2025-worlds-von-elena-giolai\/","name":"Fotos 2025 Worlds von Elena Giolai -","isPartOf":{"@id":"https:\/\/fireball.ch\/#website"},"primaryImageOfPage":{"@id":"https:\/\/fireball.ch\/index.php\/gallerie\/fotos-2025-worlds-von-elena-giolai\/#primaryimage"},"image":{"@id":"https:\/\/fireball.ch\/index.php\/gallerie\/fotos-2025-worlds-von-elena-giolai\/#primaryimage"},"thumbnailUrl":"https:\/\/fireball.ch\/wp-content\/uploads\/2023\/07\/FOTOS_23-2048x302.png","datePublished":"2025-10-07T11:26:18+00:00","dateModified":"2025-10-07T11:41:13+00:00","breadcrumb":{"@id":"https:\/\/fireball.ch\/index.php\/gallerie\/fotos-2025-worlds-von-elena-giolai\/#breadcrumb"},"inLanguage":"de","potentialAction":[{"@type":"ReadAction","target":["https:\/\/fireball.ch\/index.php\/gallerie\/fotos-2025-worlds-von-elena-giolai\/"]}]},{"@type":"ImageObject","inLanguage":"de","@id":"https:\/\/fireball.ch\/index.php\/gallerie\/fotos-2025-worlds-von-elena-giolai\/#primaryimage","url":"https:\/\/fireball.ch\/wp-content\/uploads\/2023\/07\/FOTOS_23.png","contentUrl":"https:\/\/fireball.ch\/wp-content\/uploads\/2023\/07\/FOTOS_23.png","width":2838,"height":419},{"@type":"BreadcrumbList","@id":"https:\/\/fireball.ch\/index.php\/gallerie\/fotos-2025-worlds-von-elena-giolai\/#breadcrumb","itemListElement":[{"@type":"ListItem","position":1,"name":"Startseite","item":"https:\/\/fireball.ch\/"},{"@type":"ListItem","position":2,"name":"Medien","item":"https:\/\/fireball.ch\/index.php\/gallerie\/"},{"@type":"ListItem","position":3,"name":"Fotos 2025 Worlds von Elena Giolai"}]},{"@type":"WebSite","@id":"https:\/\/fireball.ch\/#website","url":"https:\/\/fireball.ch\/","name":"Swiss Fireball","description":"","publisher":{"@id":"https:\/\/fireball.ch\/#organization"},"potentialAction":[{"@type":"SearchAction","target":{"@type":"EntryPoint","urlTemplate":"https:\/\/fireball.ch\/?s={search_term_string}"},"query-input":{"@type":"PropertyValueSpecification","valueRequired":true,"valueName":"search_term_string"}}],"inLanguage":"de"},{"@type":"Organization","@id":"https:\/\/fireball.ch\/#organization","name":"Swiss Fireball","url":"https:\/\/fireball.ch\/","logo":{"@type":"ImageObject","inLanguage":"de","@id":"https:\/\/fireball.ch\/#\/schema\/logo\/image\/","url":"https:\/\/fireball.ch\/wp-content\/uploads\/2021\/01\/cropped-logo_fireball.png","contentUrl":"https:\/\/fireball.ch\/wp-content\/uploads\/2021\/01\/cropped-logo_fireball.png","width":220,"height":59,"caption":"Swiss Fireball"},"image":{"@id":"https:\/\/fireball.ch\/#\/schema\/logo\/image\/"}}]}},"_links":{"self":[{"href":"https:\/\/fireball.ch\/index.php\/wp-json\/wp\/v2\/pages\/19591","targetHints":{"allow":["GET"]}}],"collection":[{"href":"https:\/\/fireball.ch\/index.php\/wp-json\/wp\/v2\/pages"}],"about":[{"href":"https:\/\/fireball.ch\/index.php\/wp-json\/wp\/v2\/types\/page"}],"author":[{"embeddable":true,"href":"https:\/\/fireball.ch\/index.php\/wp-json\/wp\/v2\/users\/3"}],"replies":[{"embeddable":true,"href":"https:\/\/fireball.ch\/index.php\/wp-json\/wp\/v2\/comments?post=19591"}],"version-history":[{"count":5,"href":"https:\/\/fireball.ch\/index.php\/wp-json\/wp\/v2\/pages\/19591\/revisions"}],"predecessor-version":[{"id":19772,"href":"https:\/\/fireball.ch\/index.php\/wp-json\/wp\/v2\/pages\/19591\/revisions\/19772"}],"up":[{"embeddable":true,"href":"https:\/\/fireball.ch\/index.php\/wp-json\/wp\/v2\/pages\/239"}],"wp:attachment":[{"href":"https:\/\/fireball.ch\/index.php\/wp-json\/wp\/v2\/media?parent=19591"}],"curies":[{"name":"wp","href":"https:\/\/api.w.org\/{rel}","templated":true}]}}