{"id":18638,"date":"2025-05-18T20:24:24","date_gmt":"2025-05-18T20:24:29","guid":{"rendered":"https:\/\/fireball.ch\/?page_id=18638"},"modified":"2025-06-05T06:48:31","modified_gmt":"2025-06-05T06:48:31","slug":"thunersee-2025","status":"publish","type":"page","link":"https:\/\/fireball.ch\/index.php\/regatta\/resultate-und-berichte\/thunersee-2025\/","title":{"rendered":"Thunersee 2025"},"content":{"rendered":"\t\t<div data-elementor-type=\"wp-page\" data-elementor-id=\"18638\" class=\"elementor elementor-18638\" data-elementor-post-type=\"page\">\n\t\t\t\t\t\t<section class=\"elementor-section elementor-top-section elementor-element elementor-element-f09bb20 elementor-section-full_width elementor-section-stretched elementor-section-height-default elementor-section-height-default\" data-id=\"f09bb20\" data-element_type=\"section\" data-settings=\"{&quot;stretch_section&quot;:&quot;section-stretched&quot;}\">\n\t\t\t\t\t\t<div class=\"elementor-container elementor-column-gap-default\">\n\t\t\t\t\t<div class=\"elementor-column elementor-col-100 elementor-top-column elementor-element elementor-element-1d86ee4\" data-id=\"1d86ee4\" data-element_type=\"column\">\n\t\t\t<div class=\"elementor-widget-wrap elementor-element-populated\">\n\t\t\t\t\t\t<div class=\"elementor-element elementor-element-337827b elementor-widget elementor-widget-image\" data-id=\"337827b\" data-element_type=\"widget\" data-widget_type=\"image.default\">\n\t\t\t\t<div class=\"elementor-widget-container\">\n\t\t\t\t\t\t\t\t\t\t\t\t\t\t\t<img fetchpriority=\"high\" decoding=\"async\" width=\"2048\" height=\"292\" src=\"https:\/\/fireball.ch\/wp-content\/uploads\/2021\/04\/Bericht-2048x292.png\" class=\"attachment-2048x2048 size-2048x2048 wp-image-7535\" alt=\"\" srcset=\"https:\/\/fireball.ch\/wp-content\/uploads\/2021\/04\/Bericht-2048x292.png 2048w, https:\/\/fireball.ch\/wp-content\/uploads\/2021\/04\/Bericht-300x43.png 300w, https:\/\/fireball.ch\/wp-content\/uploads\/2021\/04\/Bericht-1024x146.png 1024w, https:\/\/fireball.ch\/wp-content\/uploads\/2021\/04\/Bericht-768x109.png 768w, https:\/\/fireball.ch\/wp-content\/uploads\/2021\/04\/Bericht-1536x219.png 1536w\" sizes=\"(max-width: 2048px) 100vw, 2048px\" \/>\t\t\t\t\t\t\t\t\t\t\t\t\t\t\t<\/div>\n\t\t\t\t<\/div>\n\t\t\t\t\t<\/div>\n\t\t<\/div>\n\t\t\t\t\t<\/div>\n\t\t<\/section>\n\t\t\t\t<section class=\"elementor-section elementor-top-section elementor-element elementor-element-218a22d elementor-section-boxed elementor-section-height-default elementor-section-height-default\" data-id=\"218a22d\" data-element_type=\"section\">\n\t\t\t\t\t\t<div class=\"elementor-container elementor-column-gap-default\">\n\t\t\t\t\t<div class=\"elementor-column elementor-col-100 elementor-top-column elementor-element elementor-element-e88c154\" data-id=\"e88c154\" data-element_type=\"column\">\n\t\t\t<div class=\"elementor-widget-wrap elementor-element-populated\">\n\t\t\t\t\t\t<div class=\"elementor-element elementor-element-7250e78 elementor-widget elementor-widget-spacer\" data-id=\"7250e78\" data-element_type=\"widget\" data-widget_type=\"spacer.default\">\n\t\t\t\t<div class=\"elementor-widget-container\">\n\t\t\t\t\t\t\t<div class=\"elementor-spacer\">\n\t\t\t<div class=\"elementor-spacer-inner\"><\/div>\n\t\t<\/div>\n\t\t\t\t\t\t<\/div>\n\t\t\t\t<\/div>\n\t\t\t\t\t<\/div>\n\t\t<\/div>\n\t\t\t\t\t<\/div>\n\t\t<\/section>\n\t\t\t\t<section class=\"elementor-section elementor-top-section elementor-element elementor-element-36e1b65 elementor-section-boxed elementor-section-height-default elementor-section-height-default\" data-id=\"36e1b65\" data-element_type=\"section\">\n\t\t\t\t\t\t<div class=\"elementor-container elementor-column-gap-default\">\n\t\t\t\t\t<div class=\"elementor-column elementor-col-100 elementor-top-column elementor-element elementor-element-85a2a1c\" data-id=\"85a2a1c\" data-element_type=\"column\">\n\t\t\t<div class=\"elementor-widget-wrap elementor-element-populated\">\n\t\t\t\t\t\t<div class=\"elementor-element elementor-element-dce2f0d elementor-widget elementor-widget-heading\" data-id=\"dce2f0d\" data-element_type=\"widget\" data-widget_type=\"heading.default\">\n\t\t\t\t<div class=\"elementor-widget-container\">\n\t\t\t\t\t<h3 class=\"elementor-heading-title elementor-size-default\">Swiss Cup Thunersee in Thun, 17.\/18. Mai 2025<\/h3>\t\t\t\t<\/div>\n\t\t\t\t<\/div>\n\t\t\t\t\t<\/div>\n\t\t<\/div>\n\t\t\t\t\t<\/div>\n\t\t<\/section>\n\t\t\t\t<section class=\"elementor-section elementor-top-section elementor-element elementor-element-0c419cc elementor-section-boxed elementor-section-height-default elementor-section-height-default\" data-id=\"0c419cc\" data-element_type=\"section\">\n\t\t\t\t\t\t<div class=\"elementor-container elementor-column-gap-default\">\n\t\t\t\t\t<div class=\"elementor-column elementor-col-100 elementor-top-column elementor-element elementor-element-53bbc9a\" data-id=\"53bbc9a\" data-element_type=\"column\">\n\t\t\t<div class=\"elementor-widget-wrap elementor-element-populated\">\n\t\t\t\t\t\t<div class=\"elementor-element elementor-element-c959b52 elementor-widget elementor-widget-text-editor\" data-id=\"c959b52\" data-element_type=\"widget\" data-widget_type=\"text-editor.default\">\n\t\t\t\t<div class=\"elementor-widget-container\">\n\t\t\t\t\t\t\t\t\t<p><strong><em>Am Samstagmittag liess die Thermik etwas auf sich warten, am Sonntag war sie fr\u00fch. Je 3 L\u00e4ufe waren so m\u00f6glich. 15 Teams am Start. Yves Mermod\/Marius Mermod gewinnen vor Mermod C.\/Moser und Venhoda K.\/S. Zaugg.<\/em><\/strong><\/p>\t\t\t\t\t\t\t\t<\/div>\n\t\t\t\t<\/div>\n\t\t\t\t\t<\/div>\n\t\t<\/div>\n\t\t\t\t\t<\/div>\n\t\t<\/section>\n\t\t\t\t<section class=\"elementor-section elementor-top-section elementor-element elementor-element-173cf4b elementor-section-boxed elementor-section-height-default elementor-section-height-default\" data-id=\"173cf4b\" data-element_type=\"section\">\n\t\t\t\t\t\t<div class=\"elementor-container elementor-column-gap-default\">\n\t\t\t\t\t<div class=\"elementor-column elementor-col-100 elementor-top-column elementor-element elementor-element-bcd780a\" data-id=\"bcd780a\" data-element_type=\"column\">\n\t\t\t<div class=\"elementor-widget-wrap elementor-element-populated\">\n\t\t\t\t\t\t<div class=\"elementor-element elementor-element-b5bc6e5 elementor-widget elementor-widget-text-editor\" data-id=\"b5bc6e5\" data-element_type=\"widget\" data-widget_type=\"text-editor.default\">\n\t\t\t\t<div class=\"elementor-widget-container\">\n\t\t\t\t\t\t\t\t\t<p>Die Berge des Oberlandes waren am Samstagnachmittag recht wolkenverhangen. So konnte sich die Nachmittagsthermik nicht sauber etablieren. Sie drehte stark und war b\u00f6ig mit L\u00f6chern von fast null. Olympikone Yves Mermod mit Bruder Marius am Draht dominierte das Geschehen. Vom Start weg fuhren die Beiden jeweils vorne. Nur im 3. Rennen, in den st\u00e4rksten B\u00f6en, fielen sie auf Rang 6 zur\u00fcck. R. Baumgartner holten sich dieses dritte Rennen. Mermod C.\/Moser mit drei 2. Pl\u00e4tzen waren am Abend deshalb die Leader.\u00a0 Venhoda\/S. Zaugg mit 3-5-3 lagen auf Zwischenrang 3.<br \/>Der laue Abend liess sich im TYC-Garten sch\u00f6n ausklingen und im Restaurant konnte man sich seine W\u00fcnsche erf\u00fcllen lassen.<br \/>Nach der k\u00fchlen Nacht setzte die Nordwest-Thermik am Sonntag schon vor dem Mittag ein. Die Hoffnung war, dass sie viel stabiler sein w\u00fcrde als am Vortag. Dem war leider nicht so. Was konstant war: Die Mermod Br\u00fcder fuhren st\u00e4ndig vorne und liessen nichts mehr anbrennen. Dahinter folgten jeweils Mermod C.\/Moser und auch Venhoda K.\/S. Zaugg waren immer wieder zur Stelle. Zwischendrin\u00a0 bedrohten\u00a0 L. Markwalder\/Frey mit einem 3. Platz den 4. Rang von R. Baumgartner\/Sch\u00e4rer S., was sie im letzten Lauf aber nicht vollenden konnten.<\/p><p>Danke dem TYC f\u00fcr die gut gemachte Wasserarbeit und das Gastrecht. Wir kommen gern wieder vorbei.<\/p>\t\t\t\t\t\t\t\t<\/div>\n\t\t\t\t<\/div>\n\t\t\t\t\t<\/div>\n\t\t<\/div>\n\t\t\t\t\t<\/div>\n\t\t<\/section>\n\t\t\t\t<section class=\"elementor-section elementor-top-section elementor-element elementor-element-0596446 elementor-section-boxed elementor-section-height-default elementor-section-height-default\" data-id=\"0596446\" data-element_type=\"section\">\n\t\t\t\t\t\t<div class=\"elementor-container elementor-column-gap-default\">\n\t\t\t\t\t<div class=\"elementor-column elementor-col-100 elementor-top-column elementor-element elementor-element-9c3a051\" data-id=\"9c3a051\" data-element_type=\"column\">\n\t\t\t<div class=\"elementor-widget-wrap elementor-element-populated\">\n\t\t\t\t\t\t<div class=\"elementor-element elementor-element-fadb207 elementor-widget elementor-widget-text-editor\" data-id=\"fadb207\" data-element_type=\"widget\" data-widget_type=\"text-editor.default\">\n\t\t\t\t<div class=\"elementor-widget-container\">\n\t\t\t\t\t\t\t\t\t<p><a href=\"https:\/\/fireball.ch\/wp-content\/uploads\/2025\/05\/2025-Swiss-Cup-Thun-RL.pdf\" target=\"_blank\" rel=\"noopener\"><strong>Rangliste <\/strong><\/a><i>(15 Teams, 6 L\u00e4ufe,\u00a0<\/i><i style=\"font-weight: inherit;\"> 1 Streicher, <\/i><i style=\"font-weight: inherit;\">Wind NW drehend, 2-3 Bft.)<\/i><\/p><p style=\"text-align: center;\"><a href=\"https:\/\/photos.google.com\/share\/AF1QipMMqDlEW_LeH7tc5hLJcwnPYlv1_e1jgS9yxbng1PujU62KVlg4pJVLaqpFfOJ4AA?key=a0hmaXNrN1ZXbVFKcGh0eGxIMUMyUHpWLW81emdR\" target=\"_blank\" rel=\"noopener\">Fotos von J. Vonallmen<\/a><\/p>\t\t\t\t\t\t\t\t<\/div>\n\t\t\t\t<\/div>\n\t\t\t\t\t<\/div>\n\t\t<\/div>\n\t\t\t\t\t<\/div>\n\t\t<\/section>\n\t\t\t\t<section class=\"elementor-section elementor-top-section elementor-element elementor-element-1bfc96c elementor-section-boxed elementor-section-height-default elementor-section-height-default\" data-id=\"1bfc96c\" data-element_type=\"section\">\n\t\t\t\t\t\t<div class=\"elementor-container elementor-column-gap-default\">\n\t\t\t\t\t<div class=\"elementor-column elementor-col-100 elementor-top-column elementor-element elementor-element-cc24936\" data-id=\"cc24936\" data-element_type=\"column\">\n\t\t\t<div class=\"elementor-widget-wrap elementor-element-populated\">\n\t\t\t\t\t\t<div class=\"elementor-element elementor-element-87c97aa elementor-widget elementor-widget-text-editor\" data-id=\"87c97aa\" data-element_type=\"widget\" data-widget_type=\"text-editor.default\">\n\t\t\t\t<div class=\"elementor-widget-container\">\n\t\t\t\t\t\t\t\t\t<p style=\"text-align: center;\"><a href=\"#\">zur\u00fcck<\/a><\/p>\t\t\t\t\t\t\t\t<\/div>\n\t\t\t\t<\/div>\n\t\t\t\t\t<\/div>\n\t\t<\/div>\n\t\t\t\t\t<\/div>\n\t\t<\/section>\n\t\t\t\t<\/div>\n\t\t","protected":false},"excerpt":{"rendered":"<p>Swiss Cup Thunersee in Thun, 17.\/18. Mai 2025 Am Samstagmittag liess die Thermik etwas auf sich warten, am Sonntag war sie fr\u00fch. Je 3 L\u00e4ufe waren so m\u00f6glich. 15 Teams am Start. Yves Mermod\/Marius Mermod gewinnen vor Mermod C.\/Moser und Venhoda K.\/S. Zaugg. Die Berge des Oberlandes waren am Samstagnachmittag recht wolkenverhangen. So konnte sich [&hellip;]<\/p>\n","protected":false},"author":3,"featured_media":0,"parent":555,"menu_order":63,"comment_status":"closed","ping_status":"closed","template":"","meta":{"site-sidebar-layout":"no-sidebar","site-content-layout":"page-builder","ast-site-content-layout":"default","site-content-style":"default","site-sidebar-style":"default","ast-global-header-display":"","ast-banner-title-visibility":"","ast-main-header-display":"","ast-hfb-above-header-display":"","ast-hfb-below-header-display":"","ast-hfb-mobile-header-display":"","site-post-title":"disabled","ast-breadcrumbs-content":"","ast-featured-img":"disabled","footer-sml-layout":"","theme-transparent-header-meta":"default","adv-header-id-meta":"","stick-header-meta":"","header-above-stick-meta":"","header-main-stick-meta":"","header-below-stick-meta":"","astra-migrate-meta-layouts":"default","ast-page-background-enabled":"default","ast-page-background-meta":{"desktop":{"background-color":"var(--ast-global-color-4)","background-image":"","background-repeat":"repeat","background-position":"center center","background-size":"auto","background-attachment":"scroll","background-type":"","background-media":"","overlay-type":"","overlay-color":"","overlay-opacity":"","overlay-gradient":""},"tablet":{"background-color":"","background-image":"","background-repeat":"repeat","background-position":"center center","background-size":"auto","background-attachment":"scroll","background-type":"","background-media":"","overlay-type":"","overlay-color":"","overlay-opacity":"","overlay-gradient":""},"mobile":{"background-color":"","background-image":"","background-repeat":"repeat","background-position":"center center","background-size":"auto","background-attachment":"scroll","background-type":"","background-media":"","overlay-type":"","overlay-color":"","overlay-opacity":"","overlay-gradient":""}},"ast-content-background-meta":{"desktop":{"background-color":"var(--ast-global-color-5)","background-image":"","background-repeat":"repeat","background-position":"center center","background-size":"auto","background-attachment":"scroll","background-type":"","background-media":"","overlay-type":"","overlay-color":"","overlay-opacity":"","overlay-gradient":""},"tablet":{"background-color":"var(--ast-global-color-5)","background-image":"","background-repeat":"repeat","background-position":"center center","background-size":"auto","background-attachment":"scroll","background-type":"","background-media":"","overlay-type":"","overlay-color":"","overlay-opacity":"","overlay-gradient":""},"mobile":{"background-color":"var(--ast-global-color-5)","background-image":"","background-repeat":"repeat","background-position":"center center","background-size":"auto","background-attachment":"scroll","background-type":"","background-media":"","overlay-type":"","overlay-color":"","overlay-opacity":"","overlay-gradient":""}},"footnotes":""},"class_list":["post-18638","page","type-page","status-publish","hentry"],"yoast_head":"<!-- This site is optimized with the Yoast SEO plugin v27.5 - https:\/\/yoast.com\/product\/yoast-seo-wordpress\/ -->\r\n<title>Thunersee 2025 -<\/title>\r\n<meta name=\"robots\" content=\"index, follow, max-snippet:-1, max-image-preview:large, max-video-preview:-1\" \/>\r\n<link rel=\"canonical\" href=\"https:\/\/fireball.ch\/index.php\/regatta\/resultate-und-berichte\/thunersee-2025\/\" \/>\r\n<meta property=\"og:locale\" content=\"de_DE\" \/>\r\n<meta property=\"og:type\" content=\"article\" \/>\r\n<meta property=\"og:title\" content=\"Thunersee 2025 -\" \/>\r\n<meta property=\"og:description\" content=\"Swiss Cup Thunersee in Thun, 17.\/18. Mai 2025 Am Samstagmittag liess die Thermik etwas auf sich warten, am Sonntag war sie fr\u00fch. Je 3 L\u00e4ufe waren so m\u00f6glich. 15 Teams am Start. Yves Mermod\/Marius Mermod gewinnen vor Mermod C.\/Moser und Venhoda K.\/S. Zaugg. Die Berge des Oberlandes waren am Samstagnachmittag recht wolkenverhangen. So konnte sich [&hellip;]\" \/>\r\n<meta property=\"og:url\" content=\"https:\/\/fireball.ch\/index.php\/regatta\/resultate-und-berichte\/thunersee-2025\/\" \/>\r\n<meta property=\"article:modified_time\" content=\"2025-06-05T06:48:31+00:00\" \/>\r\n<meta property=\"og:image\" content=\"https:\/\/fireball.ch\/wp-content\/uploads\/2021\/04\/Bericht.png\" \/>\r\n\t<meta property=\"og:image:width\" content=\"2845\" \/>\r\n\t<meta property=\"og:image:height\" content=\"405\" \/>\r\n\t<meta property=\"og:image:type\" content=\"image\/png\" \/>\r\n<meta name=\"twitter:card\" content=\"summary_large_image\" \/>\r\n<meta name=\"twitter:label1\" content=\"Gesch\u00e4tzte Lesezeit\" \/>\n\t<meta name=\"twitter:data1\" content=\"2\u00a0Minuten\" \/>\r\n<script type=\"application\/ld+json\" class=\"yoast-schema-graph\">{\"@context\":\"https:\\\/\\\/schema.org\",\"@graph\":[{\"@type\":\"WebPage\",\"@id\":\"https:\\\/\\\/fireball.ch\\\/index.php\\\/regatta\\\/resultate-und-berichte\\\/thunersee-2025\\\/\",\"url\":\"https:\\\/\\\/fireball.ch\\\/index.php\\\/regatta\\\/resultate-und-berichte\\\/thunersee-2025\\\/\",\"name\":\"Thunersee 2025 -\",\"isPartOf\":{\"@id\":\"https:\\\/\\\/fireball.ch\\\/#website\"},\"primaryImageOfPage\":{\"@id\":\"https:\\\/\\\/fireball.ch\\\/index.php\\\/regatta\\\/resultate-und-berichte\\\/thunersee-2025\\\/#primaryimage\"},\"image\":{\"@id\":\"https:\\\/\\\/fireball.ch\\\/index.php\\\/regatta\\\/resultate-und-berichte\\\/thunersee-2025\\\/#primaryimage\"},\"thumbnailUrl\":\"https:\\\/\\\/fireball.ch\\\/wp-content\\\/uploads\\\/2021\\\/04\\\/Bericht-2048x292.png\",\"datePublished\":\"2025-05-18T20:24:29+00:00\",\"dateModified\":\"2025-06-05T06:48:31+00:00\",\"breadcrumb\":{\"@id\":\"https:\\\/\\\/fireball.ch\\\/index.php\\\/regatta\\\/resultate-und-berichte\\\/thunersee-2025\\\/#breadcrumb\"},\"inLanguage\":\"de\",\"potentialAction\":[{\"@type\":\"ReadAction\",\"target\":[\"https:\\\/\\\/fireball.ch\\\/index.php\\\/regatta\\\/resultate-und-berichte\\\/thunersee-2025\\\/\"]}]},{\"@type\":\"ImageObject\",\"inLanguage\":\"de\",\"@id\":\"https:\\\/\\\/fireball.ch\\\/index.php\\\/regatta\\\/resultate-und-berichte\\\/thunersee-2025\\\/#primaryimage\",\"url\":\"https:\\\/\\\/fireball.ch\\\/wp-content\\\/uploads\\\/2021\\\/04\\\/Bericht.png\",\"contentUrl\":\"https:\\\/\\\/fireball.ch\\\/wp-content\\\/uploads\\\/2021\\\/04\\\/Bericht.png\",\"width\":2845,\"height\":405},{\"@type\":\"BreadcrumbList\",\"@id\":\"https:\\\/\\\/fireball.ch\\\/index.php\\\/regatta\\\/resultate-und-berichte\\\/thunersee-2025\\\/#breadcrumb\",\"itemListElement\":[{\"@type\":\"ListItem\",\"position\":1,\"name\":\"Startseite\",\"item\":\"https:\\\/\\\/fireball.ch\\\/\"},{\"@type\":\"ListItem\",\"position\":2,\"name\":\"Regatta\",\"item\":\"https:\\\/\\\/fireball.ch\\\/index.php\\\/regatta\\\/\"},{\"@type\":\"ListItem\",\"position\":3,\"name\":\"Resultate und Berichte\",\"item\":\"https:\\\/\\\/fireball.ch\\\/index.php\\\/regatta\\\/resultate-und-berichte\\\/\"},{\"@type\":\"ListItem\",\"position\":4,\"name\":\"Thunersee 2025\"}]},{\"@type\":\"WebSite\",\"@id\":\"https:\\\/\\\/fireball.ch\\\/#website\",\"url\":\"https:\\\/\\\/fireball.ch\\\/\",\"name\":\"Swiss Fireball\",\"description\":\"\",\"publisher\":{\"@id\":\"https:\\\/\\\/fireball.ch\\\/#organization\"},\"potentialAction\":[{\"@type\":\"SearchAction\",\"target\":{\"@type\":\"EntryPoint\",\"urlTemplate\":\"https:\\\/\\\/fireball.ch\\\/?s={search_term_string}\"},\"query-input\":{\"@type\":\"PropertyValueSpecification\",\"valueRequired\":true,\"valueName\":\"search_term_string\"}}],\"inLanguage\":\"de\"},{\"@type\":\"Organization\",\"@id\":\"https:\\\/\\\/fireball.ch\\\/#organization\",\"name\":\"Swiss Fireball\",\"url\":\"https:\\\/\\\/fireball.ch\\\/\",\"logo\":{\"@type\":\"ImageObject\",\"inLanguage\":\"de\",\"@id\":\"https:\\\/\\\/fireball.ch\\\/#\\\/schema\\\/logo\\\/image\\\/\",\"url\":\"https:\\\/\\\/fireball.ch\\\/wp-content\\\/uploads\\\/2021\\\/01\\\/cropped-logo_fireball.png\",\"contentUrl\":\"https:\\\/\\\/fireball.ch\\\/wp-content\\\/uploads\\\/2021\\\/01\\\/cropped-logo_fireball.png\",\"width\":220,\"height\":59,\"caption\":\"Swiss Fireball\"},\"image\":{\"@id\":\"https:\\\/\\\/fireball.ch\\\/#\\\/schema\\\/logo\\\/image\\\/\"}}]}<\/script>\r\n<!-- \/ Yoast SEO plugin. -->","yoast_head_json":{"title":"Thunersee 2025 -","robots":{"index":"index","follow":"follow","max-snippet":"max-snippet:-1","max-image-preview":"max-image-preview:large","max-video-preview":"max-video-preview:-1"},"canonical":"https:\/\/fireball.ch\/index.php\/regatta\/resultate-und-berichte\/thunersee-2025\/","og_locale":"de_DE","og_type":"article","og_title":"Thunersee 2025 -","og_description":"Swiss Cup Thunersee in Thun, 17.\/18. Mai 2025 Am Samstagmittag liess die Thermik etwas auf sich warten, am Sonntag war sie fr\u00fch. Je 3 L\u00e4ufe waren so m\u00f6glich. 15 Teams am Start. Yves Mermod\/Marius Mermod gewinnen vor Mermod C.\/Moser und Venhoda K.\/S. Zaugg. Die Berge des Oberlandes waren am Samstagnachmittag recht wolkenverhangen. So konnte sich [&hellip;]","og_url":"https:\/\/fireball.ch\/index.php\/regatta\/resultate-und-berichte\/thunersee-2025\/","article_modified_time":"2025-06-05T06:48:31+00:00","og_image":[{"width":2845,"height":405,"url":"https:\/\/fireball.ch\/wp-content\/uploads\/2021\/04\/Bericht.png","type":"image\/png"}],"twitter_card":"summary_large_image","twitter_misc":{"Gesch\u00e4tzte Lesezeit":"2\u00a0Minuten"},"schema":{"@context":"https:\/\/schema.org","@graph":[{"@type":"WebPage","@id":"https:\/\/fireball.ch\/index.php\/regatta\/resultate-und-berichte\/thunersee-2025\/","url":"https:\/\/fireball.ch\/index.php\/regatta\/resultate-und-berichte\/thunersee-2025\/","name":"Thunersee 2025 -","isPartOf":{"@id":"https:\/\/fireball.ch\/#website"},"primaryImageOfPage":{"@id":"https:\/\/fireball.ch\/index.php\/regatta\/resultate-und-berichte\/thunersee-2025\/#primaryimage"},"image":{"@id":"https:\/\/fireball.ch\/index.php\/regatta\/resultate-und-berichte\/thunersee-2025\/#primaryimage"},"thumbnailUrl":"https:\/\/fireball.ch\/wp-content\/uploads\/2021\/04\/Bericht-2048x292.png","datePublished":"2025-05-18T20:24:29+00:00","dateModified":"2025-06-05T06:48:31+00:00","breadcrumb":{"@id":"https:\/\/fireball.ch\/index.php\/regatta\/resultate-und-berichte\/thunersee-2025\/#breadcrumb"},"inLanguage":"de","potentialAction":[{"@type":"ReadAction","target":["https:\/\/fireball.ch\/index.php\/regatta\/resultate-und-berichte\/thunersee-2025\/"]}]},{"@type":"ImageObject","inLanguage":"de","@id":"https:\/\/fireball.ch\/index.php\/regatta\/resultate-und-berichte\/thunersee-2025\/#primaryimage","url":"https:\/\/fireball.ch\/wp-content\/uploads\/2021\/04\/Bericht.png","contentUrl":"https:\/\/fireball.ch\/wp-content\/uploads\/2021\/04\/Bericht.png","width":2845,"height":405},{"@type":"BreadcrumbList","@id":"https:\/\/fireball.ch\/index.php\/regatta\/resultate-und-berichte\/thunersee-2025\/#breadcrumb","itemListElement":[{"@type":"ListItem","position":1,"name":"Startseite","item":"https:\/\/fireball.ch\/"},{"@type":"ListItem","position":2,"name":"Regatta","item":"https:\/\/fireball.ch\/index.php\/regatta\/"},{"@type":"ListItem","position":3,"name":"Resultate und Berichte","item":"https:\/\/fireball.ch\/index.php\/regatta\/resultate-und-berichte\/"},{"@type":"ListItem","position":4,"name":"Thunersee 2025"}]},{"@type":"WebSite","@id":"https:\/\/fireball.ch\/#website","url":"https:\/\/fireball.ch\/","name":"Swiss Fireball","description":"","publisher":{"@id":"https:\/\/fireball.ch\/#organization"},"potentialAction":[{"@type":"SearchAction","target":{"@type":"EntryPoint","urlTemplate":"https:\/\/fireball.ch\/?s={search_term_string}"},"query-input":{"@type":"PropertyValueSpecification","valueRequired":true,"valueName":"search_term_string"}}],"inLanguage":"de"},{"@type":"Organization","@id":"https:\/\/fireball.ch\/#organization","name":"Swiss Fireball","url":"https:\/\/fireball.ch\/","logo":{"@type":"ImageObject","inLanguage":"de","@id":"https:\/\/fireball.ch\/#\/schema\/logo\/image\/","url":"https:\/\/fireball.ch\/wp-content\/uploads\/2021\/01\/cropped-logo_fireball.png","contentUrl":"https:\/\/fireball.ch\/wp-content\/uploads\/2021\/01\/cropped-logo_fireball.png","width":220,"height":59,"caption":"Swiss Fireball"},"image":{"@id":"https:\/\/fireball.ch\/#\/schema\/logo\/image\/"}}]}},"_links":{"self":[{"href":"https:\/\/fireball.ch\/index.php\/wp-json\/wp\/v2\/pages\/18638","targetHints":{"allow":["GET"]}}],"collection":[{"href":"https:\/\/fireball.ch\/index.php\/wp-json\/wp\/v2\/pages"}],"about":[{"href":"https:\/\/fireball.ch\/index.php\/wp-json\/wp\/v2\/types\/page"}],"author":[{"embeddable":true,"href":"https:\/\/fireball.ch\/index.php\/wp-json\/wp\/v2\/users\/3"}],"replies":[{"embeddable":true,"href":"https:\/\/fireball.ch\/index.php\/wp-json\/wp\/v2\/comments?post=18638"}],"version-history":[{"count":28,"href":"https:\/\/fireball.ch\/index.php\/wp-json\/wp\/v2\/pages\/18638\/revisions"}],"predecessor-version":[{"id":18745,"href":"https:\/\/fireball.ch\/index.php\/wp-json\/wp\/v2\/pages\/18638\/revisions\/18745"}],"up":[{"embeddable":true,"href":"https:\/\/fireball.ch\/index.php\/wp-json\/wp\/v2\/pages\/555"}],"wp:attachment":[{"href":"https:\/\/fireball.ch\/index.php\/wp-json\/wp\/v2\/media?parent=18638"}],"curies":[{"name":"wp","href":"https:\/\/api.w.org\/{rel}","templated":true}]}}