{"id":18489,"date":"2025-04-28T16:40:24","date_gmt":"2025-04-28T16:40:12","guid":{"rendered":"https:\/\/fireball.ch\/?page_id=18489"},"modified":"2025-05-05T14:41:50","modified_gmt":"2025-05-05T14:41:50","slug":"mammern-2025","status":"publish","type":"page","link":"https:\/\/fireball.ch\/index.php\/regatta\/resultate-und-berichte\/mammern-2025\/","title":{"rendered":"Mammern 2025"},"content":{"rendered":"\t\t<div data-elementor-type=\"wp-page\" data-elementor-id=\"18489\" class=\"elementor elementor-18489\" data-elementor-post-type=\"page\">\n\t\t\t\t\t\t<section class=\"elementor-section elementor-top-section elementor-element elementor-element-f09bb20 elementor-section-full_width elementor-section-stretched elementor-section-height-default elementor-section-height-default\" data-id=\"f09bb20\" data-element_type=\"section\" data-settings=\"{&quot;stretch_section&quot;:&quot;section-stretched&quot;}\">\n\t\t\t\t\t\t<div class=\"elementor-container elementor-column-gap-default\">\n\t\t\t\t\t<div class=\"elementor-column elementor-col-100 elementor-top-column elementor-element elementor-element-1d86ee4\" data-id=\"1d86ee4\" data-element_type=\"column\">\n\t\t\t<div class=\"elementor-widget-wrap elementor-element-populated\">\n\t\t\t\t\t\t<div class=\"elementor-element elementor-element-337827b elementor-widget elementor-widget-image\" data-id=\"337827b\" data-element_type=\"widget\" data-widget_type=\"image.default\">\n\t\t\t\t<div class=\"elementor-widget-container\">\n\t\t\t\t\t\t\t\t\t\t\t\t\t\t\t<img fetchpriority=\"high\" decoding=\"async\" width=\"2048\" height=\"292\" src=\"https:\/\/fireball.ch\/wp-content\/uploads\/2021\/04\/Bericht-2048x292.png\" class=\"attachment-2048x2048 size-2048x2048 wp-image-7535\" alt=\"\" srcset=\"https:\/\/fireball.ch\/wp-content\/uploads\/2021\/04\/Bericht-2048x292.png 2048w, https:\/\/fireball.ch\/wp-content\/uploads\/2021\/04\/Bericht-300x43.png 300w, https:\/\/fireball.ch\/wp-content\/uploads\/2021\/04\/Bericht-1024x146.png 1024w, https:\/\/fireball.ch\/wp-content\/uploads\/2021\/04\/Bericht-768x109.png 768w, https:\/\/fireball.ch\/wp-content\/uploads\/2021\/04\/Bericht-1536x219.png 1536w\" sizes=\"(max-width: 2048px) 100vw, 2048px\" \/>\t\t\t\t\t\t\t\t\t\t\t\t\t\t\t<\/div>\n\t\t\t\t<\/div>\n\t\t\t\t\t<\/div>\n\t\t<\/div>\n\t\t\t\t\t<\/div>\n\t\t<\/section>\n\t\t\t\t<section class=\"elementor-section elementor-top-section elementor-element elementor-element-218a22d elementor-section-boxed elementor-section-height-default elementor-section-height-default\" data-id=\"218a22d\" data-element_type=\"section\">\n\t\t\t\t\t\t<div class=\"elementor-container elementor-column-gap-default\">\n\t\t\t\t\t<div class=\"elementor-column elementor-col-100 elementor-top-column elementor-element elementor-element-e88c154\" data-id=\"e88c154\" data-element_type=\"column\">\n\t\t\t<div class=\"elementor-widget-wrap elementor-element-populated\">\n\t\t\t\t\t\t<div class=\"elementor-element elementor-element-7250e78 elementor-widget elementor-widget-spacer\" data-id=\"7250e78\" data-element_type=\"widget\" data-widget_type=\"spacer.default\">\n\t\t\t\t<div class=\"elementor-widget-container\">\n\t\t\t\t\t\t\t<div class=\"elementor-spacer\">\n\t\t\t<div class=\"elementor-spacer-inner\"><\/div>\n\t\t<\/div>\n\t\t\t\t\t\t<\/div>\n\t\t\t\t<\/div>\n\t\t\t\t\t<\/div>\n\t\t<\/div>\n\t\t\t\t\t<\/div>\n\t\t<\/section>\n\t\t\t\t<section class=\"elementor-section elementor-top-section elementor-element elementor-element-36e1b65 elementor-section-boxed elementor-section-height-default elementor-section-height-default\" data-id=\"36e1b65\" data-element_type=\"section\">\n\t\t\t\t\t\t<div class=\"elementor-container elementor-column-gap-default\">\n\t\t\t\t\t<div class=\"elementor-column elementor-col-100 elementor-top-column elementor-element elementor-element-85a2a1c\" data-id=\"85a2a1c\" data-element_type=\"column\">\n\t\t\t<div class=\"elementor-widget-wrap elementor-element-populated\">\n\t\t\t\t\t\t<div class=\"elementor-element elementor-element-dce2f0d elementor-widget elementor-widget-heading\" data-id=\"dce2f0d\" data-element_type=\"widget\" data-widget_type=\"heading.default\">\n\t\t\t\t<div class=\"elementor-widget-container\">\n\t\t\t\t\t<h3 class=\"elementor-heading-title elementor-size-default\">Swiss Cup Untersee in Mammern, 26.\/27. April 2025<\/h3>\t\t\t\t<\/div>\n\t\t\t\t<\/div>\n\t\t\t\t\t<\/div>\n\t\t<\/div>\n\t\t\t\t\t<\/div>\n\t\t<\/section>\n\t\t\t\t<section class=\"elementor-section elementor-top-section elementor-element elementor-element-0c419cc elementor-section-boxed elementor-section-height-default elementor-section-height-default\" data-id=\"0c419cc\" data-element_type=\"section\">\n\t\t\t\t\t\t<div class=\"elementor-container elementor-column-gap-default\">\n\t\t\t\t\t<div class=\"elementor-column elementor-col-100 elementor-top-column elementor-element elementor-element-53bbc9a\" data-id=\"53bbc9a\" data-element_type=\"column\">\n\t\t\t<div class=\"elementor-widget-wrap elementor-element-populated\">\n\t\t\t\t\t\t<div class=\"elementor-element elementor-element-c959b52 elementor-widget elementor-widget-text-editor\" data-id=\"c959b52\" data-element_type=\"widget\" data-widget_type=\"text-editor.default\">\n\t\t\t\t<div class=\"elementor-widget-container\">\n\t\t\t\t\t\t\t\t\t<p><strong><em>Es war von den Wetterleuten ein Bisenwochende versprochen. Es wurde nicht ganz so \u00fcppig wie gedacht. Der Wind reichte aber trotzdem f\u00fcr 6 gute Rennen.<\/em><\/strong><\/p>\t\t\t\t\t\t\t\t<\/div>\n\t\t\t\t<\/div>\n\t\t\t\t\t<\/div>\n\t\t<\/div>\n\t\t\t\t\t<\/div>\n\t\t<\/section>\n\t\t\t\t<section class=\"elementor-section elementor-top-section elementor-element elementor-element-173cf4b elementor-section-boxed elementor-section-height-default elementor-section-height-default\" data-id=\"173cf4b\" data-element_type=\"section\">\n\t\t\t\t\t\t<div class=\"elementor-container elementor-column-gap-default\">\n\t\t\t\t\t<div class=\"elementor-column elementor-col-100 elementor-top-column elementor-element elementor-element-bcd780a\" data-id=\"bcd780a\" data-element_type=\"column\">\n\t\t\t<div class=\"elementor-widget-wrap elementor-element-populated\">\n\t\t\t\t\t\t<div class=\"elementor-element elementor-element-b5bc6e5 elementor-widget elementor-widget-text-editor\" data-id=\"b5bc6e5\" data-element_type=\"widget\" data-widget_type=\"text-editor.default\">\n\t\t\t\t<div class=\"elementor-widget-container\">\n\t\t\t\t\t\t\t\t\t<p>Knapp 100 Segelnde waren gemeldet. Das ist Melderekord. Die Mammern-Crew toppt sich weiter! Auch mit so vielen Leuten ging der Event ohne Truckete durch. Weder an Land noch auf dem Wasser gab es Stau und das Trotz rekordtiefem Wasserstand&#8230;<br \/>Die Fireball stellten knapp ein Drittel der Teilnehmenden, sprich 15 Teams. Der Rest waren Finn und Contender M\u00e4nner.<\/p><p>Der erste Start konnte wie geplant um 13 Uhr bei Bise um 3-4 Bft. stattfinden. F\u00fcr die Fireballs war die Linie sehr lang und gut gelegt, so dass alle einen Platz finden konnten. Wie \u00fcblich hier musste man sich f\u00fcr die Kreuz f\u00fcr eine Seeseite\u00a0 entscheiden. Oben an der Luvboje sah man dann, was schliesslich besser war. Das war bei jedem Rennen so. Aber:\u00a0 Der Wind war \u00fcber den Nachmittag eben nicht immer gleich. So wechselte auch die bessere Seite. Kurzfristig auftretende B\u00f6en machten das Absch\u00e4tzen nicht leichter. Das erste Rennen gewannen Mermod\/Moser vor Venhoda\/Zaugg und R. Baumgartner \/ Sch\u00e4rer. Nachher holten sich R. Baumgartner\/Sch\u00e4rer den Sieg vor Mermod\/Moser und Huber\/B. Mauchle. Im dritten Rennen liessen sich Giovanoli\/Zurfluh nicht mehr einholen, verfolgt von Mermod\/Moser und wieder Huber\/ B. Mauchle. Im letzten Lauf des Tages waren nochmal Mermod\/Moser die Schnellsten, vor Giovanoli\/Zurfluh und Venhoda\/S. Zaugg. Die Zwischenrangliste vom Abend: 1. Mermod\/Moser (4), 2. Giovanoli\/Zurfluh (7), 3. Huber\/B. Mauchle (12), 4. Venhoda\/S.Zaugg (12). Ein Punkt dahinter lauerten R. Baumgartner\/Sch\u00e4rer. Fix war das Podest noch nicht&#8230;<\/p><p>Die Turnhalle von Mammern fasste die grosse Seggler*innen-Schar, es kamen auch noch mehr G\u00e4ste dazu. Genauso wie auf dem Wasser klappte der Ablauf des gereichten Essens bestens. Es ging niemand hungrig weg.<\/p><p>F\u00fcr den Wind am Sonntag war man etwas skeptisch. Die Wettermodelle zeigten eher wenig Lufbewegung. Da der See um halb zehn ein Spiegel war, wurde vorerst AP gesetzt. Als das Gekr\u00e4usel von leichter Bise Mammern erreichte, holte uns die Wettfahrtleitung sofort aufs Wasser. Sehr stabil f\u00fchlte sich die Brise aber nicht an. Der Start funktionierte. Ende 1. Kreuz setzte der Wind leider schlagartig aus. Schade f\u00fcr M. Suter\/B\u00f6hm, die als Erste an der Luvboje den Spi hissen konnten. Der f\u00fcllte sich aber nicht mehr richtig. Das Abschiessen war die richtige Konsequenz. Nach kurzem Warten setzte erfreulicherweise stabiler Ostwind mit 2-3 Bft. ein. F\u00fcr 2 weitere Rennen reichte die Zeit noch: Mermod\/Moser holten sich beide L\u00e4ufe. Venhoda\/S. Zaugg und Giovanoli\/Zurfluh wechselnten sich mit 2. und 3. ab und erreichten so das Podest.\u00a0<\/p><p>Der Saisonstart ist gelungen. Die Mammerner machen weiter. Es gibt zur gleichen Zeit eine Ausgabe 2026. Bestimmt werden wieder viele kommen&#8230; Tausend Dank Mammern-Crew!<\/p><p><img decoding=\"async\" src=\"https:\/\/fireball.ch\/wp-content\/uploads\/2025\/05\/2025-Mammern-RL.jpg\" \/><\/p><p style=\"text-align: center;\"><a href=\"https:\/\/fireball.ch\/wp-content\/uploads\/2025\/04\/2025-Mammern__overall_results.pdf\" target=\"_blank\" rel=\"noopener\"><strong>PDF vollst\u00e4ndige Rangliste <\/strong><\/a>(<em>15 Teams, 6 L\u00e4ufe, 1 Streicher, Wind O 2-3 Bft.)<br \/><\/em><\/p><p><span style=\"font-size: 16px; font-style: normal; font-weight: 400;\">Eine Novit\u00e4t ist, dass nun die Boote, um<\/span> <span style=\"font-size: 16px;\">auf einem anderen See einwassern zu k\u00f6nnen, gr\u00fcndlich gewaschen werden m\u00fcssen. Der Untersee ist schon l\u00e4nger von Quaggamuscheln befallen. Um sie nicht zu verschleppen, ist es wichtig die <\/span><a style=\"font-size: 16px; background-color: #ffffff;\" href=\"https:\/\/fireball.ch\/index.php\/quagga\/\" target=\"_blank\" rel=\"noopener\">Anweisungen<\/a><span style=\"font-size: 16px;\"> ernst zu nehmen.<\/span><\/p><p style=\"text-align: center;\"><img decoding=\"async\" class=\"size-full wp-image-18490 aligncenter\" src=\"https:\/\/fireball.ch\/wp-content\/uploads\/2025\/04\/14799-Waschanlage.jpg\" alt=\"\" width=\"800\" height=\"600\" srcset=\"https:\/\/fireball.ch\/wp-content\/uploads\/2025\/04\/14799-Waschanlage.jpg 800w, https:\/\/fireball.ch\/wp-content\/uploads\/2025\/04\/14799-Waschanlage-300x225.jpg 300w, https:\/\/fireball.ch\/wp-content\/uploads\/2025\/04\/14799-Waschanlage-768x576.jpg 768w\" sizes=\"(max-width: 800px) 100vw, 800px\" \/><em>14799 in der Waschbox<\/em><em><img decoding=\"async\" class=\"size-full wp-image-18491 aligncenter\" src=\"https:\/\/fireball.ch\/wp-content\/uploads\/2025\/04\/Schuhe-60\u00b0.jpg\" alt=\"\" width=\"504\" height=\"378\" srcset=\"https:\/\/fireball.ch\/wp-content\/uploads\/2025\/04\/Schuhe-60\u00b0.jpg 504w, https:\/\/fireball.ch\/wp-content\/uploads\/2025\/04\/Schuhe-60\u00b0-300x225.jpg 300w\" sizes=\"(max-width: 504px) 100vw, 504px\" \/>nach 60\u00b0 W\u00e4sche innen und aussen<\/em><\/p>\t\t\t\t\t\t\t\t<\/div>\n\t\t\t\t<\/div>\n\t\t\t\t\t<\/div>\n\t\t<\/div>\n\t\t\t\t\t<\/div>\n\t\t<\/section>\n\t\t\t\t<section class=\"elementor-section elementor-top-section elementor-element elementor-element-1bfc96c elementor-section-boxed elementor-section-height-default elementor-section-height-default\" data-id=\"1bfc96c\" data-element_type=\"section\">\n\t\t\t\t\t\t<div class=\"elementor-container elementor-column-gap-default\">\n\t\t\t\t\t<div class=\"elementor-column elementor-col-100 elementor-top-column elementor-element elementor-element-cc24936\" data-id=\"cc24936\" data-element_type=\"column\">\n\t\t\t<div class=\"elementor-widget-wrap elementor-element-populated\">\n\t\t\t\t\t\t<div class=\"elementor-element elementor-element-87c97aa elementor-widget elementor-widget-text-editor\" data-id=\"87c97aa\" data-element_type=\"widget\" data-widget_type=\"text-editor.default\">\n\t\t\t\t<div class=\"elementor-widget-container\">\n\t\t\t\t\t\t\t\t\t<p style=\"text-align: center;\"><a href=\"#\">zur\u00fcck<\/a><\/p>\t\t\t\t\t\t\t\t<\/div>\n\t\t\t\t<\/div>\n\t\t\t\t\t<\/div>\n\t\t<\/div>\n\t\t\t\t\t<\/div>\n\t\t<\/section>\n\t\t\t\t<\/div>\n\t\t","protected":false},"excerpt":{"rendered":"<p>Swiss Cup Untersee in Mammern, 26.\/27. April 2025 Es war von den Wetterleuten ein Bisenwochende versprochen. Es wurde nicht ganz so \u00fcppig wie gedacht. Der Wind reichte aber trotzdem f\u00fcr 6 gute Rennen. Knapp 100 Segelnde waren gemeldet. Das ist Melderekord. Die Mammern-Crew toppt sich weiter! Auch mit so vielen Leuten ging der Event ohne [&hellip;]<\/p>\n","protected":false},"author":3,"featured_media":0,"parent":555,"menu_order":18,"comment_status":"closed","ping_status":"closed","template":"","meta":{"site-sidebar-layout":"no-sidebar","site-content-layout":"page-builder","ast-site-content-layout":"default","site-content-style":"default","site-sidebar-style":"default","ast-global-header-display":"","ast-banner-title-visibility":"","ast-main-header-display":"","ast-hfb-above-header-display":"","ast-hfb-below-header-display":"","ast-hfb-mobile-header-display":"","site-post-title":"disabled","ast-breadcrumbs-content":"","ast-featured-img":"disabled","footer-sml-layout":"","theme-transparent-header-meta":"default","adv-header-id-meta":"","stick-header-meta":"","header-above-stick-meta":"","header-main-stick-meta":"","header-below-stick-meta":"","astra-migrate-meta-layouts":"default","ast-page-background-enabled":"default","ast-page-background-meta":{"desktop":{"background-color":"var(--ast-global-color-4)","background-image":"","background-repeat":"repeat","background-position":"center center","background-size":"auto","background-attachment":"scroll","background-type":"","background-media":"","overlay-type":"","overlay-color":"","overlay-opacity":"","overlay-gradient":""},"tablet":{"background-color":"","background-image":"","background-repeat":"repeat","background-position":"center center","background-size":"auto","background-attachment":"scroll","background-type":"","background-media":"","overlay-type":"","overlay-color":"","overlay-opacity":"","overlay-gradient":""},"mobile":{"background-color":"","background-image":"","background-repeat":"repeat","background-position":"center center","background-size":"auto","background-attachment":"scroll","background-type":"","background-media":"","overlay-type":"","overlay-color":"","overlay-opacity":"","overlay-gradient":""}},"ast-content-background-meta":{"desktop":{"background-color":"var(--ast-global-color-5)","background-image":"","background-repeat":"repeat","background-position":"center center","background-size":"auto","background-attachment":"scroll","background-type":"","background-media":"","overlay-type":"","overlay-color":"","overlay-opacity":"","overlay-gradient":""},"tablet":{"background-color":"var(--ast-global-color-5)","background-image":"","background-repeat":"repeat","background-position":"center center","background-size":"auto","background-attachment":"scroll","background-type":"","background-media":"","overlay-type":"","overlay-color":"","overlay-opacity":"","overlay-gradient":""},"mobile":{"background-color":"var(--ast-global-color-5)","background-image":"","background-repeat":"repeat","background-position":"center center","background-size":"auto","background-attachment":"scroll","background-type":"","background-media":"","overlay-type":"","overlay-color":"","overlay-opacity":"","overlay-gradient":""}},"footnotes":""},"class_list":["post-18489","page","type-page","status-publish","hentry"],"yoast_head":"<!-- This site is optimized with the Yoast SEO plugin v27.5 - https:\/\/yoast.com\/product\/yoast-seo-wordpress\/ -->\r\n<title>Mammern 2025 -<\/title>\r\n<meta name=\"robots\" content=\"index, follow, max-snippet:-1, max-image-preview:large, max-video-preview:-1\" \/>\r\n<link rel=\"canonical\" href=\"https:\/\/fireball.ch\/index.php\/regatta\/resultate-und-berichte\/mammern-2025\/\" \/>\r\n<meta property=\"og:locale\" content=\"de_DE\" \/>\r\n<meta property=\"og:type\" content=\"article\" \/>\r\n<meta property=\"og:title\" content=\"Mammern 2025 -\" \/>\r\n<meta property=\"og:description\" content=\"Swiss Cup Untersee in Mammern, 26.\/27. April 2025 Es war von den Wetterleuten ein Bisenwochende versprochen. Es wurde nicht ganz so \u00fcppig wie gedacht. Der Wind reichte aber trotzdem f\u00fcr 6 gute Rennen. Knapp 100 Segelnde waren gemeldet. Das ist Melderekord. Die Mammern-Crew toppt sich weiter! Auch mit so vielen Leuten ging der Event ohne [&hellip;]\" \/>\r\n<meta property=\"og:url\" content=\"https:\/\/fireball.ch\/index.php\/regatta\/resultate-und-berichte\/mammern-2025\/\" \/>\r\n<meta property=\"article:modified_time\" content=\"2025-05-05T14:41:50+00:00\" \/>\r\n<meta property=\"og:image\" content=\"https:\/\/fireball.ch\/wp-content\/uploads\/2021\/04\/Bericht.png\" \/>\r\n\t<meta property=\"og:image:width\" content=\"2845\" \/>\r\n\t<meta property=\"og:image:height\" content=\"405\" \/>\r\n\t<meta property=\"og:image:type\" content=\"image\/png\" \/>\r\n<meta name=\"twitter:card\" content=\"summary_large_image\" \/>\r\n<meta name=\"twitter:label1\" content=\"Gesch\u00e4tzte Lesezeit\" \/>\n\t<meta name=\"twitter:data1\" content=\"4\u00a0Minuten\" \/>\r\n<script type=\"application\/ld+json\" class=\"yoast-schema-graph\">{\"@context\":\"https:\\\/\\\/schema.org\",\"@graph\":[{\"@type\":\"WebPage\",\"@id\":\"https:\\\/\\\/fireball.ch\\\/index.php\\\/regatta\\\/resultate-und-berichte\\\/mammern-2025\\\/\",\"url\":\"https:\\\/\\\/fireball.ch\\\/index.php\\\/regatta\\\/resultate-und-berichte\\\/mammern-2025\\\/\",\"name\":\"Mammern 2025 -\",\"isPartOf\":{\"@id\":\"https:\\\/\\\/fireball.ch\\\/#website\"},\"primaryImageOfPage\":{\"@id\":\"https:\\\/\\\/fireball.ch\\\/index.php\\\/regatta\\\/resultate-und-berichte\\\/mammern-2025\\\/#primaryimage\"},\"image\":{\"@id\":\"https:\\\/\\\/fireball.ch\\\/index.php\\\/regatta\\\/resultate-und-berichte\\\/mammern-2025\\\/#primaryimage\"},\"thumbnailUrl\":\"https:\\\/\\\/fireball.ch\\\/wp-content\\\/uploads\\\/2021\\\/04\\\/Bericht-2048x292.png\",\"datePublished\":\"2025-04-28T16:40:12+00:00\",\"dateModified\":\"2025-05-05T14:41:50+00:00\",\"breadcrumb\":{\"@id\":\"https:\\\/\\\/fireball.ch\\\/index.php\\\/regatta\\\/resultate-und-berichte\\\/mammern-2025\\\/#breadcrumb\"},\"inLanguage\":\"de\",\"potentialAction\":[{\"@type\":\"ReadAction\",\"target\":[\"https:\\\/\\\/fireball.ch\\\/index.php\\\/regatta\\\/resultate-und-berichte\\\/mammern-2025\\\/\"]}]},{\"@type\":\"ImageObject\",\"inLanguage\":\"de\",\"@id\":\"https:\\\/\\\/fireball.ch\\\/index.php\\\/regatta\\\/resultate-und-berichte\\\/mammern-2025\\\/#primaryimage\",\"url\":\"https:\\\/\\\/fireball.ch\\\/wp-content\\\/uploads\\\/2021\\\/04\\\/Bericht.png\",\"contentUrl\":\"https:\\\/\\\/fireball.ch\\\/wp-content\\\/uploads\\\/2021\\\/04\\\/Bericht.png\",\"width\":2845,\"height\":405},{\"@type\":\"BreadcrumbList\",\"@id\":\"https:\\\/\\\/fireball.ch\\\/index.php\\\/regatta\\\/resultate-und-berichte\\\/mammern-2025\\\/#breadcrumb\",\"itemListElement\":[{\"@type\":\"ListItem\",\"position\":1,\"name\":\"Startseite\",\"item\":\"https:\\\/\\\/fireball.ch\\\/\"},{\"@type\":\"ListItem\",\"position\":2,\"name\":\"Regatta\",\"item\":\"https:\\\/\\\/fireball.ch\\\/index.php\\\/regatta\\\/\"},{\"@type\":\"ListItem\",\"position\":3,\"name\":\"Resultate und Berichte\",\"item\":\"https:\\\/\\\/fireball.ch\\\/index.php\\\/regatta\\\/resultate-und-berichte\\\/\"},{\"@type\":\"ListItem\",\"position\":4,\"name\":\"Mammern 2025\"}]},{\"@type\":\"WebSite\",\"@id\":\"https:\\\/\\\/fireball.ch\\\/#website\",\"url\":\"https:\\\/\\\/fireball.ch\\\/\",\"name\":\"Swiss Fireball\",\"description\":\"\",\"publisher\":{\"@id\":\"https:\\\/\\\/fireball.ch\\\/#organization\"},\"potentialAction\":[{\"@type\":\"SearchAction\",\"target\":{\"@type\":\"EntryPoint\",\"urlTemplate\":\"https:\\\/\\\/fireball.ch\\\/?s={search_term_string}\"},\"query-input\":{\"@type\":\"PropertyValueSpecification\",\"valueRequired\":true,\"valueName\":\"search_term_string\"}}],\"inLanguage\":\"de\"},{\"@type\":\"Organization\",\"@id\":\"https:\\\/\\\/fireball.ch\\\/#organization\",\"name\":\"Swiss Fireball\",\"url\":\"https:\\\/\\\/fireball.ch\\\/\",\"logo\":{\"@type\":\"ImageObject\",\"inLanguage\":\"de\",\"@id\":\"https:\\\/\\\/fireball.ch\\\/#\\\/schema\\\/logo\\\/image\\\/\",\"url\":\"https:\\\/\\\/fireball.ch\\\/wp-content\\\/uploads\\\/2021\\\/01\\\/cropped-logo_fireball.png\",\"contentUrl\":\"https:\\\/\\\/fireball.ch\\\/wp-content\\\/uploads\\\/2021\\\/01\\\/cropped-logo_fireball.png\",\"width\":220,\"height\":59,\"caption\":\"Swiss Fireball\"},\"image\":{\"@id\":\"https:\\\/\\\/fireball.ch\\\/#\\\/schema\\\/logo\\\/image\\\/\"}}]}<\/script>\r\n<!-- \/ Yoast SEO plugin. -->","yoast_head_json":{"title":"Mammern 2025 -","robots":{"index":"index","follow":"follow","max-snippet":"max-snippet:-1","max-image-preview":"max-image-preview:large","max-video-preview":"max-video-preview:-1"},"canonical":"https:\/\/fireball.ch\/index.php\/regatta\/resultate-und-berichte\/mammern-2025\/","og_locale":"de_DE","og_type":"article","og_title":"Mammern 2025 -","og_description":"Swiss Cup Untersee in Mammern, 26.\/27. April 2025 Es war von den Wetterleuten ein Bisenwochende versprochen. Es wurde nicht ganz so \u00fcppig wie gedacht. Der Wind reichte aber trotzdem f\u00fcr 6 gute Rennen. Knapp 100 Segelnde waren gemeldet. Das ist Melderekord. Die Mammern-Crew toppt sich weiter! Auch mit so vielen Leuten ging der Event ohne [&hellip;]","og_url":"https:\/\/fireball.ch\/index.php\/regatta\/resultate-und-berichte\/mammern-2025\/","article_modified_time":"2025-05-05T14:41:50+00:00","og_image":[{"width":2845,"height":405,"url":"https:\/\/fireball.ch\/wp-content\/uploads\/2021\/04\/Bericht.png","type":"image\/png"}],"twitter_card":"summary_large_image","twitter_misc":{"Gesch\u00e4tzte Lesezeit":"4\u00a0Minuten"},"schema":{"@context":"https:\/\/schema.org","@graph":[{"@type":"WebPage","@id":"https:\/\/fireball.ch\/index.php\/regatta\/resultate-und-berichte\/mammern-2025\/","url":"https:\/\/fireball.ch\/index.php\/regatta\/resultate-und-berichte\/mammern-2025\/","name":"Mammern 2025 -","isPartOf":{"@id":"https:\/\/fireball.ch\/#website"},"primaryImageOfPage":{"@id":"https:\/\/fireball.ch\/index.php\/regatta\/resultate-und-berichte\/mammern-2025\/#primaryimage"},"image":{"@id":"https:\/\/fireball.ch\/index.php\/regatta\/resultate-und-berichte\/mammern-2025\/#primaryimage"},"thumbnailUrl":"https:\/\/fireball.ch\/wp-content\/uploads\/2021\/04\/Bericht-2048x292.png","datePublished":"2025-04-28T16:40:12+00:00","dateModified":"2025-05-05T14:41:50+00:00","breadcrumb":{"@id":"https:\/\/fireball.ch\/index.php\/regatta\/resultate-und-berichte\/mammern-2025\/#breadcrumb"},"inLanguage":"de","potentialAction":[{"@type":"ReadAction","target":["https:\/\/fireball.ch\/index.php\/regatta\/resultate-und-berichte\/mammern-2025\/"]}]},{"@type":"ImageObject","inLanguage":"de","@id":"https:\/\/fireball.ch\/index.php\/regatta\/resultate-und-berichte\/mammern-2025\/#primaryimage","url":"https:\/\/fireball.ch\/wp-content\/uploads\/2021\/04\/Bericht.png","contentUrl":"https:\/\/fireball.ch\/wp-content\/uploads\/2021\/04\/Bericht.png","width":2845,"height":405},{"@type":"BreadcrumbList","@id":"https:\/\/fireball.ch\/index.php\/regatta\/resultate-und-berichte\/mammern-2025\/#breadcrumb","itemListElement":[{"@type":"ListItem","position":1,"name":"Startseite","item":"https:\/\/fireball.ch\/"},{"@type":"ListItem","position":2,"name":"Regatta","item":"https:\/\/fireball.ch\/index.php\/regatta\/"},{"@type":"ListItem","position":3,"name":"Resultate und Berichte","item":"https:\/\/fireball.ch\/index.php\/regatta\/resultate-und-berichte\/"},{"@type":"ListItem","position":4,"name":"Mammern 2025"}]},{"@type":"WebSite","@id":"https:\/\/fireball.ch\/#website","url":"https:\/\/fireball.ch\/","name":"Swiss Fireball","description":"","publisher":{"@id":"https:\/\/fireball.ch\/#organization"},"potentialAction":[{"@type":"SearchAction","target":{"@type":"EntryPoint","urlTemplate":"https:\/\/fireball.ch\/?s={search_term_string}"},"query-input":{"@type":"PropertyValueSpecification","valueRequired":true,"valueName":"search_term_string"}}],"inLanguage":"de"},{"@type":"Organization","@id":"https:\/\/fireball.ch\/#organization","name":"Swiss Fireball","url":"https:\/\/fireball.ch\/","logo":{"@type":"ImageObject","inLanguage":"de","@id":"https:\/\/fireball.ch\/#\/schema\/logo\/image\/","url":"https:\/\/fireball.ch\/wp-content\/uploads\/2021\/01\/cropped-logo_fireball.png","contentUrl":"https:\/\/fireball.ch\/wp-content\/uploads\/2021\/01\/cropped-logo_fireball.png","width":220,"height":59,"caption":"Swiss Fireball"},"image":{"@id":"https:\/\/fireball.ch\/#\/schema\/logo\/image\/"}}]}},"_links":{"self":[{"href":"https:\/\/fireball.ch\/index.php\/wp-json\/wp\/v2\/pages\/18489","targetHints":{"allow":["GET"]}}],"collection":[{"href":"https:\/\/fireball.ch\/index.php\/wp-json\/wp\/v2\/pages"}],"about":[{"href":"https:\/\/fireball.ch\/index.php\/wp-json\/wp\/v2\/types\/page"}],"author":[{"embeddable":true,"href":"https:\/\/fireball.ch\/index.php\/wp-json\/wp\/v2\/users\/3"}],"replies":[{"embeddable":true,"href":"https:\/\/fireball.ch\/index.php\/wp-json\/wp\/v2\/comments?post=18489"}],"version-history":[{"count":13,"href":"https:\/\/fireball.ch\/index.php\/wp-json\/wp\/v2\/pages\/18489\/revisions"}],"predecessor-version":[{"id":18571,"href":"https:\/\/fireball.ch\/index.php\/wp-json\/wp\/v2\/pages\/18489\/revisions\/18571"}],"up":[{"embeddable":true,"href":"https:\/\/fireball.ch\/index.php\/wp-json\/wp\/v2\/pages\/555"}],"wp:attachment":[{"href":"https:\/\/fireball.ch\/index.php\/wp-json\/wp\/v2\/media?parent=18489"}],"curies":[{"name":"wp","href":"https:\/\/api.w.org\/{rel}","templated":true}]}}