{"id":17124,"date":"2024-11-13T21:58:24","date_gmt":"2024-11-13T21:58:23","guid":{"rendered":"https:\/\/fireball.ch\/?page_id=17124"},"modified":"2024-11-16T19:36:10","modified_gmt":"2024-11-16T19:36:10","slug":"2024-riviera-cup","status":"publish","type":"page","link":"https:\/\/fireball.ch\/index.php\/regatta\/resultate-und-berichte\/2024-riviera-cup\/","title":{"rendered":"2024 Riviera Cup"},"content":{"rendered":"\t\t<div data-elementor-type=\"wp-page\" data-elementor-id=\"17124\" class=\"elementor elementor-17124\" data-elementor-post-type=\"page\">\n\t\t\t\t\t\t<section class=\"elementor-section elementor-top-section elementor-element elementor-element-f09bb20 elementor-section-full_width elementor-section-stretched elementor-section-height-default elementor-section-height-default\" data-id=\"f09bb20\" data-element_type=\"section\" data-settings=\"{&quot;stretch_section&quot;:&quot;section-stretched&quot;}\">\n\t\t\t\t\t\t<div class=\"elementor-container elementor-column-gap-default\">\n\t\t\t\t\t<div class=\"elementor-column elementor-col-100 elementor-top-column elementor-element elementor-element-1d86ee4\" data-id=\"1d86ee4\" data-element_type=\"column\">\n\t\t\t<div class=\"elementor-widget-wrap elementor-element-populated\">\n\t\t\t\t\t\t<div class=\"elementor-element elementor-element-337827b elementor-widget elementor-widget-image\" data-id=\"337827b\" data-element_type=\"widget\" data-widget_type=\"image.default\">\n\t\t\t\t<div class=\"elementor-widget-container\">\n\t\t\t\t\t\t\t\t\t\t\t\t\t\t\t<img fetchpriority=\"high\" decoding=\"async\" width=\"2048\" height=\"292\" src=\"https:\/\/fireball.ch\/wp-content\/uploads\/2021\/04\/Bericht-2048x292.png\" class=\"attachment-2048x2048 size-2048x2048 wp-image-7535\" alt=\"\" srcset=\"https:\/\/fireball.ch\/wp-content\/uploads\/2021\/04\/Bericht-2048x292.png 2048w, https:\/\/fireball.ch\/wp-content\/uploads\/2021\/04\/Bericht-300x43.png 300w, https:\/\/fireball.ch\/wp-content\/uploads\/2021\/04\/Bericht-1024x146.png 1024w, https:\/\/fireball.ch\/wp-content\/uploads\/2021\/04\/Bericht-768x109.png 768w, https:\/\/fireball.ch\/wp-content\/uploads\/2021\/04\/Bericht-1536x219.png 1536w\" sizes=\"(max-width: 2048px) 100vw, 2048px\" \/>\t\t\t\t\t\t\t\t\t\t\t\t\t\t\t<\/div>\n\t\t\t\t<\/div>\n\t\t\t\t\t<\/div>\n\t\t<\/div>\n\t\t\t\t\t<\/div>\n\t\t<\/section>\n\t\t\t\t<section class=\"elementor-section elementor-top-section elementor-element elementor-element-218a22d elementor-section-boxed elementor-section-height-default elementor-section-height-default\" data-id=\"218a22d\" data-element_type=\"section\">\n\t\t\t\t\t\t<div class=\"elementor-container elementor-column-gap-default\">\n\t\t\t\t\t<div class=\"elementor-column elementor-col-100 elementor-top-column elementor-element elementor-element-e88c154\" data-id=\"e88c154\" data-element_type=\"column\">\n\t\t\t<div class=\"elementor-widget-wrap elementor-element-populated\">\n\t\t\t\t\t\t<div class=\"elementor-element elementor-element-7250e78 elementor-widget elementor-widget-spacer\" data-id=\"7250e78\" data-element_type=\"widget\" data-widget_type=\"spacer.default\">\n\t\t\t\t<div class=\"elementor-widget-container\">\n\t\t\t\t\t\t\t<div class=\"elementor-spacer\">\n\t\t\t<div class=\"elementor-spacer-inner\"><\/div>\n\t\t<\/div>\n\t\t\t\t\t\t<\/div>\n\t\t\t\t<\/div>\n\t\t\t\t\t<\/div>\n\t\t<\/div>\n\t\t\t\t\t<\/div>\n\t\t<\/section>\n\t\t\t\t<section class=\"elementor-section elementor-top-section elementor-element elementor-element-36e1b65 elementor-section-boxed elementor-section-height-default elementor-section-height-default\" data-id=\"36e1b65\" data-element_type=\"section\">\n\t\t\t\t\t\t<div class=\"elementor-container elementor-column-gap-default\">\n\t\t\t\t\t<div class=\"elementor-column elementor-col-100 elementor-top-column elementor-element elementor-element-85a2a1c\" data-id=\"85a2a1c\" data-element_type=\"column\">\n\t\t\t<div class=\"elementor-widget-wrap elementor-element-populated\">\n\t\t\t\t\t\t<div class=\"elementor-element elementor-element-dce2f0d elementor-widget elementor-widget-heading\" data-id=\"dce2f0d\" data-element_type=\"widget\" data-widget_type=\"heading.default\">\n\t\t\t\t<div class=\"elementor-widget-container\">\n\t\t\t\t\t<h3 class=\"elementor-heading-title elementor-size-default\">Riviera Cup St. Rapha\u00ebl \/ FRA, 9.\/10. November 2024<\/h3>\t\t\t\t<\/div>\n\t\t\t\t<\/div>\n\t\t\t\t\t<\/div>\n\t\t<\/div>\n\t\t\t\t\t<\/div>\n\t\t<\/section>\n\t\t\t\t<section class=\"elementor-section elementor-top-section elementor-element elementor-element-0c419cc elementor-section-boxed elementor-section-height-default elementor-section-height-default\" data-id=\"0c419cc\" data-element_type=\"section\">\n\t\t\t\t\t\t<div class=\"elementor-container elementor-column-gap-default\">\n\t\t\t\t\t<div class=\"elementor-column elementor-col-100 elementor-top-column elementor-element elementor-element-53bbc9a\" data-id=\"53bbc9a\" data-element_type=\"column\">\n\t\t\t<div class=\"elementor-widget-wrap elementor-element-populated\">\n\t\t\t\t\t\t<div class=\"elementor-element elementor-element-c959b52 elementor-widget elementor-widget-text-editor\" data-id=\"c959b52\" data-element_type=\"widget\" data-widget_type=\"text-editor.default\">\n\t\t\t\t<div class=\"elementor-widget-container\">\n\t\t\t\t\t\t\t\t\t<p><strong><em>November an der franz\u00f6sischen Riviera verspricht noch angenehme Temperaturen von Wasser und Luft. So l\u00e4sst es sich noch gut segeln. Zur ersten Auflage des Riviera Cups kamen 18 Teams aus FRA, ITA, SUI und GBR.<\/em><\/strong><\/p>\t\t\t\t\t\t\t\t<\/div>\n\t\t\t\t<\/div>\n\t\t\t\t\t<\/div>\n\t\t<\/div>\n\t\t\t\t\t<\/div>\n\t\t<\/section>\n\t\t\t\t<section class=\"elementor-section elementor-top-section elementor-element elementor-element-173cf4b elementor-section-boxed elementor-section-height-default elementor-section-height-default\" data-id=\"173cf4b\" data-element_type=\"section\">\n\t\t\t\t\t\t<div class=\"elementor-container elementor-column-gap-default\">\n\t\t\t\t\t<div class=\"elementor-column elementor-col-100 elementor-top-column elementor-element elementor-element-bcd780a\" data-id=\"bcd780a\" data-element_type=\"column\">\n\t\t\t<div class=\"elementor-widget-wrap elementor-element-populated\">\n\t\t\t\t\t\t<div class=\"elementor-element elementor-element-b5bc6e5 elementor-widget__width-initial elementor-widget elementor-widget-text-editor\" data-id=\"b5bc6e5\" data-element_type=\"widget\" data-widget_type=\"text-editor.default\">\n\t\t\t\t<div class=\"elementor-widget-container\">\n\t\t\t\t\t\t\t\t\t<p>Einzelne waren schon am Freitag vor der Reagatte da. Eine nahende St\u00f6rung produzierte Ostwind bis 20 kn gepaart mit grossen Wellen. Noch einmal Fun zum Saisonende&#8230;<br \/>Die Einheimischen Olivier und Florence\u00a0 haben mit dem Club zusammen mit grossem Einsatz alles vorbereitet: Unterkunft, Boote, Preise, Essen. Begonnen hat es schon mit einem Begr\u00fcssungsap\u00e9ro am Freitagabend. 2 SUI Teams waren angereist: Christina\/Cedi und Claude\/Ruedi.\u00a0<\/p><p>In der Nacht war Regen angesagt, der bis zum Samstagmittag anhalten sollte. Aber schon im Lauf des Morgens wurde es mehrheitlich trocken. Vom Wind und den Wellen war noch einiges \u00fcbrig. Der erste Start konnte wie geplant am Mittag erfolgen. Der Schwell kam etwas quer zum ablandigen Ostwind, effektiv steuern nicht einfach&#8230; Der Wind flaute im Lauf des Nachmittags zusehends ab. Zwei Rennen konnten noch bei Trapezwind auf Dreieckskurs statt finden. Zuerst gewannen Mermod\/Moser,\u00a0 danach Broise\/Robin (FRA). Es brauchte nachher eine Pause, weil der Wind deutlich nach links gedreht hatte und recht schwach geworden war. Der Kurs musste umgelegt werden. Erst mit der Schwarzen Flagge gelang ein weiterer Start. Mermod\/Moser konnten sich nach der Luvboje etwas von den n\u00e4chsten Verfolgern absetzen. Der letzte Vorwinder direkt gegen den Schwell mit fast eingeschlafenem Wind wurde zur elenden Geduldsprobe. An weitere Rennen war vor dem Eindunkeln nicht mehr zu denken. Mit 1-2-1 lagen Mermod\/Moser wenig vor Broise\/Robin (4-1-2) und Dagnino\/P. Cappizzi (ITA).<\/p><p>In einer riesigen Pfanne brodelte Paella f\u00fcr den gemeinsamen Znacht. Dort gab es auch Erinnerungspreise f\u00fcr alle. Olivier und Florence haben sich auch da kr\u00e4ftig ins Zeug gelegt und eine herzliche Stimmung\u00a0 gezaubert.<\/p><p>Am Sonntagmorgen wehte beim Auslaufen f\u00fcr einen 9.30 Start eine m\u00e4ssige Morgenbrise. F\u00fcr das Trapez reichte es aber nicht. Wieder musste die Schwarze Flagge herhalten, beim Starten die Flotte zu z\u00fcgeln. Auch dieser Lauf wurde allm\u00e4hlich zur Schleichfahrt. Zuvorderst behaupteten sich\u00a0 Stefanini\/Borsani (ITA). Im Ziel mussten sie aber feststellen, dass sie BFD waren. Mermod\/Moser profitierten. <br \/>Warten auf dem Wasser bis um 14 Uhr n\u00fctzte nichts. Das Meer blieb \u00f6lig flach. Dann erfolgte der Abbruch.<br \/>Alle wurden bei der Preisverteilung \u00fcppig mit lokalen Getr\u00e4nken beschenkt.<\/p><p>Es d\u00fcrfte im kommenden Jahr eine Wiederholung des Riviera Cups geben. Es hat allen gefallen, auch wenn der Wind nicht ganz \u00fcberzeugen konnte.<\/p>\t\t\t\t\t\t\t\t<\/div>\n\t\t\t\t<\/div>\n\t\t\t\t\t<\/div>\n\t\t<\/div>\n\t\t\t\t\t<\/div>\n\t\t<\/section>\n\t\t\t\t<section class=\"elementor-section elementor-top-section elementor-element elementor-element-0596446 elementor-section-boxed elementor-section-height-default elementor-section-height-default\" data-id=\"0596446\" data-element_type=\"section\">\n\t\t\t\t\t\t<div class=\"elementor-container elementor-column-gap-default\">\n\t\t\t\t\t<div class=\"elementor-column elementor-col-100 elementor-top-column elementor-element elementor-element-9c3a051\" data-id=\"9c3a051\" data-element_type=\"column\">\n\t\t\t<div class=\"elementor-widget-wrap elementor-element-populated\">\n\t\t\t\t\t\t<div class=\"elementor-element elementor-element-fadb207 elementor-widget__width-initial elementor-widget elementor-widget-text-editor\" data-id=\"fadb207\" data-element_type=\"widget\" data-widget_type=\"text-editor.default\">\n\t\t\t\t<div class=\"elementor-widget-container\">\n\t\t\t\t\t\t\t\t\t<p><strong>Rangliste<\/strong><br \/><i>18 Teams, 4 L\u00e4ufe, 1 Streicher, Wind 4-1 Bft.<\/i><\/p><p><img decoding=\"async\" class=\"alignnone size-full wp-image-17120\" src=\"https:\/\/fireball.ch\/wp-content\/uploads\/2024\/11\/RL-Riviera-Cup.jpg\" alt=\"\" width=\"652\" height=\"826\" srcset=\"https:\/\/fireball.ch\/wp-content\/uploads\/2024\/11\/RL-Riviera-Cup.jpg 652w, https:\/\/fireball.ch\/wp-content\/uploads\/2024\/11\/RL-Riviera-Cup-237x300.jpg 237w\" sizes=\"(max-width: 652px) 100vw, 652px\" \/><\/p>\t\t\t\t\t\t\t\t<\/div>\n\t\t\t\t<\/div>\n\t\t\t\t<div class=\"elementor-element elementor-element-650cf8e elementor-widget elementor-widget-html\" data-id=\"650cf8e\" data-element_type=\"widget\" data-widget_type=\"html.default\">\n\t\t\t\t<div class=\"elementor-widget-container\">\n\t\t\t\t\t\r\n\r\n\r\n \r\n\t\t\t\t<\/div>\n\t\t\t\t<\/div>\n\t\t\t\t\t<\/div>\n\t\t<\/div>\n\t\t\t\t\t<\/div>\n\t\t<\/section>\n\t\t\t\t<section class=\"elementor-section elementor-top-section elementor-element elementor-element-1bfc96c elementor-section-boxed elementor-section-height-default elementor-section-height-default\" data-id=\"1bfc96c\" data-element_type=\"section\">\n\t\t\t\t\t\t<div class=\"elementor-container elementor-column-gap-default\">\n\t\t\t\t\t<div class=\"elementor-column elementor-col-100 elementor-top-column elementor-element elementor-element-cc24936\" data-id=\"cc24936\" data-element_type=\"column\">\n\t\t\t<div class=\"elementor-widget-wrap elementor-element-populated\">\n\t\t\t\t\t\t<div class=\"elementor-element elementor-element-87c97aa elementor-widget elementor-widget-text-editor\" data-id=\"87c97aa\" data-element_type=\"widget\" data-widget_type=\"text-editor.default\">\n\t\t\t\t<div class=\"elementor-widget-container\">\n\t\t\t\t\t\t\t\t\t<p style=\"text-align: center;\"><a href=\"#\">zur\u00fcck<\/a><\/p>\t\t\t\t\t\t\t\t<\/div>\n\t\t\t\t<\/div>\n\t\t\t\t\t<\/div>\n\t\t<\/div>\n\t\t\t\t\t<\/div>\n\t\t<\/section>\n\t\t\t\t<\/div>\n\t\t","protected":false},"excerpt":{"rendered":"<p>Riviera Cup St. Rapha\u00ebl \/ FRA, 9.\/10. November 2024 November an der franz\u00f6sischen Riviera verspricht noch angenehme Temperaturen von Wasser und Luft. So l\u00e4sst es sich noch gut segeln. Zur ersten Auflage des Riviera Cups kamen 18 Teams aus FRA, ITA, SUI und GBR. Einzelne waren schon am Freitag vor der Reagatte da. Eine nahende [&hellip;]<\/p>\n","protected":false},"author":3,"featured_media":0,"parent":555,"menu_order":69,"comment_status":"closed","ping_status":"closed","template":"","meta":{"site-sidebar-layout":"no-sidebar","site-content-layout":"page-builder","ast-site-content-layout":"default","site-content-style":"default","site-sidebar-style":"default","ast-global-header-display":"","ast-banner-title-visibility":"","ast-main-header-display":"","ast-hfb-above-header-display":"","ast-hfb-below-header-display":"","ast-hfb-mobile-header-display":"","site-post-title":"disabled","ast-breadcrumbs-content":"","ast-featured-img":"disabled","footer-sml-layout":"","theme-transparent-header-meta":"default","adv-header-id-meta":"","stick-header-meta":"","header-above-stick-meta":"","header-main-stick-meta":"","header-below-stick-meta":"","astra-migrate-meta-layouts":"default","ast-page-background-enabled":"default","ast-page-background-meta":{"desktop":{"background-color":"var(--ast-global-color-4)","background-image":"","background-repeat":"repeat","background-position":"center center","background-size":"auto","background-attachment":"scroll","background-type":"","background-media":"","overlay-type":"","overlay-color":"","overlay-opacity":"","overlay-gradient":""},"tablet":{"background-color":"","background-image":"","background-repeat":"repeat","background-position":"center center","background-size":"auto","background-attachment":"scroll","background-type":"","background-media":"","overlay-type":"","overlay-color":"","overlay-opacity":"","overlay-gradient":""},"mobile":{"background-color":"","background-image":"","background-repeat":"repeat","background-position":"center center","background-size":"auto","background-attachment":"scroll","background-type":"","background-media":"","overlay-type":"","overlay-color":"","overlay-opacity":"","overlay-gradient":""}},"ast-content-background-meta":{"desktop":{"background-color":"var(--ast-global-color-5)","background-image":"","background-repeat":"repeat","background-position":"center center","background-size":"auto","background-attachment":"scroll","background-type":"","background-media":"","overlay-type":"","overlay-color":"","overlay-opacity":"","overlay-gradient":""},"tablet":{"background-color":"var(--ast-global-color-5)","background-image":"","background-repeat":"repeat","background-position":"center center","background-size":"auto","background-attachment":"scroll","background-type":"","background-media":"","overlay-type":"","overlay-color":"","overlay-opacity":"","overlay-gradient":""},"mobile":{"background-color":"var(--ast-global-color-5)","background-image":"","background-repeat":"repeat","background-position":"center center","background-size":"auto","background-attachment":"scroll","background-type":"","background-media":"","overlay-type":"","overlay-color":"","overlay-opacity":"","overlay-gradient":""}},"footnotes":""},"class_list":["post-17124","page","type-page","status-publish","hentry"],"yoast_head":"<!-- This site is optimized with the Yoast SEO plugin v27.5 - https:\/\/yoast.com\/product\/yoast-seo-wordpress\/ -->\r\n<title>2024 Riviera Cup -<\/title>\r\n<meta name=\"robots\" content=\"index, follow, max-snippet:-1, max-image-preview:large, max-video-preview:-1\" \/>\r\n<link rel=\"canonical\" href=\"https:\/\/fireball.ch\/index.php\/regatta\/resultate-und-berichte\/2024-riviera-cup\/\" \/>\r\n<meta property=\"og:locale\" content=\"de_DE\" \/>\r\n<meta property=\"og:type\" content=\"article\" \/>\r\n<meta property=\"og:title\" content=\"2024 Riviera Cup -\" \/>\r\n<meta property=\"og:description\" content=\"Riviera Cup St. Rapha\u00ebl \/ FRA, 9.\/10. November 2024 November an der franz\u00f6sischen Riviera verspricht noch angenehme Temperaturen von Wasser und Luft. So l\u00e4sst es sich noch gut segeln. Zur ersten Auflage des Riviera Cups kamen 18 Teams aus FRA, ITA, SUI und GBR. Einzelne waren schon am Freitag vor der Reagatte da. Eine nahende [&hellip;]\" \/>\r\n<meta property=\"og:url\" content=\"https:\/\/fireball.ch\/index.php\/regatta\/resultate-und-berichte\/2024-riviera-cup\/\" \/>\r\n<meta property=\"article:modified_time\" content=\"2024-11-16T19:36:10+00:00\" \/>\r\n<meta property=\"og:image\" content=\"https:\/\/fireball.ch\/wp-content\/uploads\/2021\/04\/Bericht-2048x292.png\" \/>\r\n<meta name=\"twitter:card\" content=\"summary_large_image\" \/>\r\n<meta name=\"twitter:label1\" content=\"Gesch\u00e4tzte Lesezeit\" \/>\n\t<meta name=\"twitter:data1\" content=\"3\u00a0Minuten\" \/>\r\n<script type=\"application\/ld+json\" class=\"yoast-schema-graph\">{\"@context\":\"https:\\\/\\\/schema.org\",\"@graph\":[{\"@type\":\"WebPage\",\"@id\":\"https:\\\/\\\/fireball.ch\\\/index.php\\\/regatta\\\/resultate-und-berichte\\\/2024-riviera-cup\\\/\",\"url\":\"https:\\\/\\\/fireball.ch\\\/index.php\\\/regatta\\\/resultate-und-berichte\\\/2024-riviera-cup\\\/\",\"name\":\"2024 Riviera Cup -\",\"isPartOf\":{\"@id\":\"https:\\\/\\\/fireball.ch\\\/#website\"},\"primaryImageOfPage\":{\"@id\":\"https:\\\/\\\/fireball.ch\\\/index.php\\\/regatta\\\/resultate-und-berichte\\\/2024-riviera-cup\\\/#primaryimage\"},\"image\":{\"@id\":\"https:\\\/\\\/fireball.ch\\\/index.php\\\/regatta\\\/resultate-und-berichte\\\/2024-riviera-cup\\\/#primaryimage\"},\"thumbnailUrl\":\"https:\\\/\\\/fireball.ch\\\/wp-content\\\/uploads\\\/2021\\\/04\\\/Bericht-2048x292.png\",\"datePublished\":\"2024-11-13T21:58:23+00:00\",\"dateModified\":\"2024-11-16T19:36:10+00:00\",\"breadcrumb\":{\"@id\":\"https:\\\/\\\/fireball.ch\\\/index.php\\\/regatta\\\/resultate-und-berichte\\\/2024-riviera-cup\\\/#breadcrumb\"},\"inLanguage\":\"de\",\"potentialAction\":[{\"@type\":\"ReadAction\",\"target\":[\"https:\\\/\\\/fireball.ch\\\/index.php\\\/regatta\\\/resultate-und-berichte\\\/2024-riviera-cup\\\/\"]}]},{\"@type\":\"ImageObject\",\"inLanguage\":\"de\",\"@id\":\"https:\\\/\\\/fireball.ch\\\/index.php\\\/regatta\\\/resultate-und-berichte\\\/2024-riviera-cup\\\/#primaryimage\",\"url\":\"https:\\\/\\\/fireball.ch\\\/wp-content\\\/uploads\\\/2021\\\/04\\\/Bericht.png\",\"contentUrl\":\"https:\\\/\\\/fireball.ch\\\/wp-content\\\/uploads\\\/2021\\\/04\\\/Bericht.png\",\"width\":2845,\"height\":405},{\"@type\":\"BreadcrumbList\",\"@id\":\"https:\\\/\\\/fireball.ch\\\/index.php\\\/regatta\\\/resultate-und-berichte\\\/2024-riviera-cup\\\/#breadcrumb\",\"itemListElement\":[{\"@type\":\"ListItem\",\"position\":1,\"name\":\"Startseite\",\"item\":\"https:\\\/\\\/fireball.ch\\\/\"},{\"@type\":\"ListItem\",\"position\":2,\"name\":\"Regatta\",\"item\":\"https:\\\/\\\/fireball.ch\\\/index.php\\\/regatta\\\/\"},{\"@type\":\"ListItem\",\"position\":3,\"name\":\"Resultate und Berichte\",\"item\":\"https:\\\/\\\/fireball.ch\\\/index.php\\\/regatta\\\/resultate-und-berichte\\\/\"},{\"@type\":\"ListItem\",\"position\":4,\"name\":\"2024 Riviera Cup\"}]},{\"@type\":\"WebSite\",\"@id\":\"https:\\\/\\\/fireball.ch\\\/#website\",\"url\":\"https:\\\/\\\/fireball.ch\\\/\",\"name\":\"Swiss Fireball\",\"description\":\"\",\"publisher\":{\"@id\":\"https:\\\/\\\/fireball.ch\\\/#organization\"},\"potentialAction\":[{\"@type\":\"SearchAction\",\"target\":{\"@type\":\"EntryPoint\",\"urlTemplate\":\"https:\\\/\\\/fireball.ch\\\/?s={search_term_string}\"},\"query-input\":{\"@type\":\"PropertyValueSpecification\",\"valueRequired\":true,\"valueName\":\"search_term_string\"}}],\"inLanguage\":\"de\"},{\"@type\":\"Organization\",\"@id\":\"https:\\\/\\\/fireball.ch\\\/#organization\",\"name\":\"Swiss Fireball\",\"url\":\"https:\\\/\\\/fireball.ch\\\/\",\"logo\":{\"@type\":\"ImageObject\",\"inLanguage\":\"de\",\"@id\":\"https:\\\/\\\/fireball.ch\\\/#\\\/schema\\\/logo\\\/image\\\/\",\"url\":\"https:\\\/\\\/fireball.ch\\\/wp-content\\\/uploads\\\/2021\\\/01\\\/cropped-logo_fireball.png\",\"contentUrl\":\"https:\\\/\\\/fireball.ch\\\/wp-content\\\/uploads\\\/2021\\\/01\\\/cropped-logo_fireball.png\",\"width\":220,\"height\":59,\"caption\":\"Swiss Fireball\"},\"image\":{\"@id\":\"https:\\\/\\\/fireball.ch\\\/#\\\/schema\\\/logo\\\/image\\\/\"}}]}<\/script>\r\n<!-- \/ Yoast SEO plugin. -->","yoast_head_json":{"title":"2024 Riviera Cup -","robots":{"index":"index","follow":"follow","max-snippet":"max-snippet:-1","max-image-preview":"max-image-preview:large","max-video-preview":"max-video-preview:-1"},"canonical":"https:\/\/fireball.ch\/index.php\/regatta\/resultate-und-berichte\/2024-riviera-cup\/","og_locale":"de_DE","og_type":"article","og_title":"2024 Riviera Cup -","og_description":"Riviera Cup St. Rapha\u00ebl \/ FRA, 9.\/10. November 2024 November an der franz\u00f6sischen Riviera verspricht noch angenehme Temperaturen von Wasser und Luft. So l\u00e4sst es sich noch gut segeln. Zur ersten Auflage des Riviera Cups kamen 18 Teams aus FRA, ITA, SUI und GBR. Einzelne waren schon am Freitag vor der Reagatte da. Eine nahende [&hellip;]","og_url":"https:\/\/fireball.ch\/index.php\/regatta\/resultate-und-berichte\/2024-riviera-cup\/","article_modified_time":"2024-11-16T19:36:10+00:00","og_image":[{"url":"https:\/\/fireball.ch\/wp-content\/uploads\/2021\/04\/Bericht-2048x292.png","type":"","width":"","height":""}],"twitter_card":"summary_large_image","twitter_misc":{"Gesch\u00e4tzte Lesezeit":"3\u00a0Minuten"},"schema":{"@context":"https:\/\/schema.org","@graph":[{"@type":"WebPage","@id":"https:\/\/fireball.ch\/index.php\/regatta\/resultate-und-berichte\/2024-riviera-cup\/","url":"https:\/\/fireball.ch\/index.php\/regatta\/resultate-und-berichte\/2024-riviera-cup\/","name":"2024 Riviera Cup -","isPartOf":{"@id":"https:\/\/fireball.ch\/#website"},"primaryImageOfPage":{"@id":"https:\/\/fireball.ch\/index.php\/regatta\/resultate-und-berichte\/2024-riviera-cup\/#primaryimage"},"image":{"@id":"https:\/\/fireball.ch\/index.php\/regatta\/resultate-und-berichte\/2024-riviera-cup\/#primaryimage"},"thumbnailUrl":"https:\/\/fireball.ch\/wp-content\/uploads\/2021\/04\/Bericht-2048x292.png","datePublished":"2024-11-13T21:58:23+00:00","dateModified":"2024-11-16T19:36:10+00:00","breadcrumb":{"@id":"https:\/\/fireball.ch\/index.php\/regatta\/resultate-und-berichte\/2024-riviera-cup\/#breadcrumb"},"inLanguage":"de","potentialAction":[{"@type":"ReadAction","target":["https:\/\/fireball.ch\/index.php\/regatta\/resultate-und-berichte\/2024-riviera-cup\/"]}]},{"@type":"ImageObject","inLanguage":"de","@id":"https:\/\/fireball.ch\/index.php\/regatta\/resultate-und-berichte\/2024-riviera-cup\/#primaryimage","url":"https:\/\/fireball.ch\/wp-content\/uploads\/2021\/04\/Bericht.png","contentUrl":"https:\/\/fireball.ch\/wp-content\/uploads\/2021\/04\/Bericht.png","width":2845,"height":405},{"@type":"BreadcrumbList","@id":"https:\/\/fireball.ch\/index.php\/regatta\/resultate-und-berichte\/2024-riviera-cup\/#breadcrumb","itemListElement":[{"@type":"ListItem","position":1,"name":"Startseite","item":"https:\/\/fireball.ch\/"},{"@type":"ListItem","position":2,"name":"Regatta","item":"https:\/\/fireball.ch\/index.php\/regatta\/"},{"@type":"ListItem","position":3,"name":"Resultate und Berichte","item":"https:\/\/fireball.ch\/index.php\/regatta\/resultate-und-berichte\/"},{"@type":"ListItem","position":4,"name":"2024 Riviera Cup"}]},{"@type":"WebSite","@id":"https:\/\/fireball.ch\/#website","url":"https:\/\/fireball.ch\/","name":"Swiss Fireball","description":"","publisher":{"@id":"https:\/\/fireball.ch\/#organization"},"potentialAction":[{"@type":"SearchAction","target":{"@type":"EntryPoint","urlTemplate":"https:\/\/fireball.ch\/?s={search_term_string}"},"query-input":{"@type":"PropertyValueSpecification","valueRequired":true,"valueName":"search_term_string"}}],"inLanguage":"de"},{"@type":"Organization","@id":"https:\/\/fireball.ch\/#organization","name":"Swiss Fireball","url":"https:\/\/fireball.ch\/","logo":{"@type":"ImageObject","inLanguage":"de","@id":"https:\/\/fireball.ch\/#\/schema\/logo\/image\/","url":"https:\/\/fireball.ch\/wp-content\/uploads\/2021\/01\/cropped-logo_fireball.png","contentUrl":"https:\/\/fireball.ch\/wp-content\/uploads\/2021\/01\/cropped-logo_fireball.png","width":220,"height":59,"caption":"Swiss Fireball"},"image":{"@id":"https:\/\/fireball.ch\/#\/schema\/logo\/image\/"}}]}},"_links":{"self":[{"href":"https:\/\/fireball.ch\/index.php\/wp-json\/wp\/v2\/pages\/17124","targetHints":{"allow":["GET"]}}],"collection":[{"href":"https:\/\/fireball.ch\/index.php\/wp-json\/wp\/v2\/pages"}],"about":[{"href":"https:\/\/fireball.ch\/index.php\/wp-json\/wp\/v2\/types\/page"}],"author":[{"embeddable":true,"href":"https:\/\/fireball.ch\/index.php\/wp-json\/wp\/v2\/users\/3"}],"replies":[{"embeddable":true,"href":"https:\/\/fireball.ch\/index.php\/wp-json\/wp\/v2\/comments?post=17124"}],"version-history":[{"count":10,"href":"https:\/\/fireball.ch\/index.php\/wp-json\/wp\/v2\/pages\/17124\/revisions"}],"predecessor-version":[{"id":17206,"href":"https:\/\/fireball.ch\/index.php\/wp-json\/wp\/v2\/pages\/17124\/revisions\/17206"}],"up":[{"embeddable":true,"href":"https:\/\/fireball.ch\/index.php\/wp-json\/wp\/v2\/pages\/555"}],"wp:attachment":[{"href":"https:\/\/fireball.ch\/index.php\/wp-json\/wp\/v2\/media?parent=17124"}],"curies":[{"name":"wp","href":"https:\/\/api.w.org\/{rel}","templated":true}]}}