{"id":16762,"date":"2024-08-18T20:22:24","date_gmt":"2024-08-18T20:22:57","guid":{"rendered":"https:\/\/fireball.ch\/?page_id=16762"},"modified":"2024-08-23T05:20:25","modified_gmt":"2024-08-23T05:20:25","slug":"luzern-2024","status":"publish","type":"page","link":"https:\/\/fireball.ch\/index.php\/regatta\/resultate-und-berichte\/luzern-2024\/","title":{"rendered":"Luzern 2024"},"content":{"rendered":"\t\t<div data-elementor-type=\"wp-page\" data-elementor-id=\"16762\" class=\"elementor elementor-16762\" data-elementor-post-type=\"page\">\n\t\t\t\t\t\t<section class=\"elementor-section elementor-top-section elementor-element elementor-element-f09bb20 elementor-section-full_width elementor-section-stretched elementor-section-height-default elementor-section-height-default\" data-id=\"f09bb20\" data-element_type=\"section\" data-settings=\"{&quot;stretch_section&quot;:&quot;section-stretched&quot;}\">\n\t\t\t\t\t\t<div class=\"elementor-container elementor-column-gap-default\">\n\t\t\t\t\t<div class=\"elementor-column elementor-col-100 elementor-top-column elementor-element elementor-element-1d86ee4\" data-id=\"1d86ee4\" data-element_type=\"column\">\n\t\t\t<div class=\"elementor-widget-wrap elementor-element-populated\">\n\t\t\t\t\t\t<div class=\"elementor-element elementor-element-337827b elementor-widget elementor-widget-image\" data-id=\"337827b\" data-element_type=\"widget\" data-widget_type=\"image.default\">\n\t\t\t\t<div class=\"elementor-widget-container\">\n\t\t\t\t\t\t\t\t\t\t\t\t\t\t\t<img fetchpriority=\"high\" decoding=\"async\" width=\"2048\" height=\"292\" src=\"https:\/\/fireball.ch\/wp-content\/uploads\/2021\/04\/Bericht-2048x292.png\" class=\"attachment-2048x2048 size-2048x2048 wp-image-7535\" alt=\"\" srcset=\"https:\/\/fireball.ch\/wp-content\/uploads\/2021\/04\/Bericht-2048x292.png 2048w, https:\/\/fireball.ch\/wp-content\/uploads\/2021\/04\/Bericht-300x43.png 300w, https:\/\/fireball.ch\/wp-content\/uploads\/2021\/04\/Bericht-1024x146.png 1024w, https:\/\/fireball.ch\/wp-content\/uploads\/2021\/04\/Bericht-768x109.png 768w, https:\/\/fireball.ch\/wp-content\/uploads\/2021\/04\/Bericht-1536x219.png 1536w\" sizes=\"(max-width: 2048px) 100vw, 2048px\" \/>\t\t\t\t\t\t\t\t\t\t\t\t\t\t\t<\/div>\n\t\t\t\t<\/div>\n\t\t\t\t\t<\/div>\n\t\t<\/div>\n\t\t\t\t\t<\/div>\n\t\t<\/section>\n\t\t\t\t<section class=\"elementor-section elementor-top-section elementor-element elementor-element-218a22d elementor-section-boxed elementor-section-height-default elementor-section-height-default\" data-id=\"218a22d\" data-element_type=\"section\">\n\t\t\t\t\t\t<div class=\"elementor-container elementor-column-gap-default\">\n\t\t\t\t\t<div class=\"elementor-column elementor-col-100 elementor-top-column elementor-element elementor-element-e88c154\" data-id=\"e88c154\" data-element_type=\"column\">\n\t\t\t<div class=\"elementor-widget-wrap elementor-element-populated\">\n\t\t\t\t\t\t<div class=\"elementor-element elementor-element-7250e78 elementor-widget elementor-widget-spacer\" data-id=\"7250e78\" data-element_type=\"widget\" data-widget_type=\"spacer.default\">\n\t\t\t\t<div class=\"elementor-widget-container\">\n\t\t\t\t\t\t\t<div class=\"elementor-spacer\">\n\t\t\t<div class=\"elementor-spacer-inner\"><\/div>\n\t\t<\/div>\n\t\t\t\t\t\t<\/div>\n\t\t\t\t<\/div>\n\t\t\t\t\t<\/div>\n\t\t<\/div>\n\t\t\t\t\t<\/div>\n\t\t<\/section>\n\t\t\t\t<section class=\"elementor-section elementor-top-section elementor-element elementor-element-36e1b65 elementor-section-boxed elementor-section-height-default elementor-section-height-default\" data-id=\"36e1b65\" data-element_type=\"section\">\n\t\t\t\t\t\t<div class=\"elementor-container elementor-column-gap-default\">\n\t\t\t\t\t<div class=\"elementor-column elementor-col-100 elementor-top-column elementor-element elementor-element-85a2a1c\" data-id=\"85a2a1c\" data-element_type=\"column\">\n\t\t\t<div class=\"elementor-widget-wrap elementor-element-populated\">\n\t\t\t\t\t\t<div class=\"elementor-element elementor-element-dce2f0d elementor-widget elementor-widget-heading\" data-id=\"dce2f0d\" data-element_type=\"widget\" data-widget_type=\"heading.default\">\n\t\t\t\t<div class=\"elementor-widget-container\">\n\t\t\t\t\t<h3 class=\"elementor-heading-title elementor-size-default\">Swiss Cup Luzern, 17.\/18. August 2024<\/h3>\t\t\t\t<\/div>\n\t\t\t\t<\/div>\n\t\t\t\t\t<\/div>\n\t\t<\/div>\n\t\t\t\t\t<\/div>\n\t\t<\/section>\n\t\t\t\t<section class=\"elementor-section elementor-top-section elementor-element elementor-element-0c419cc elementor-section-boxed elementor-section-height-default elementor-section-height-default\" data-id=\"0c419cc\" data-element_type=\"section\">\n\t\t\t\t\t\t<div class=\"elementor-container elementor-column-gap-default\">\n\t\t\t\t\t<div class=\"elementor-column elementor-col-100 elementor-top-column elementor-element elementor-element-53bbc9a\" data-id=\"53bbc9a\" data-element_type=\"column\">\n\t\t\t<div class=\"elementor-widget-wrap elementor-element-populated\">\n\t\t\t\t\t\t<div class=\"elementor-element elementor-element-c959b52 elementor-widget elementor-widget-text-editor\" data-id=\"c959b52\" data-element_type=\"widget\" data-widget_type=\"text-editor.default\">\n\t\t\t\t<div class=\"elementor-widget-container\">\n\t\t\t\t\t\t\t\t\t<p><strong><em>Wenig Wind, eher Regen. 14 Boote. 2 Zitterl\u00e4ufe. Das Podest: 1. Ch. H\u00e4rdi\/Landerer C., 2. Venhoda K.\/S. Zaugg, 3. Giovanoli \/S. Giovanoli.<\/em><\/strong><\/p>\t\t\t\t\t\t\t\t<\/div>\n\t\t\t\t<\/div>\n\t\t\t\t\t<\/div>\n\t\t<\/div>\n\t\t\t\t\t<\/div>\n\t\t<\/section>\n\t\t\t\t<section class=\"elementor-section elementor-top-section elementor-element elementor-element-173cf4b elementor-section-boxed elementor-section-height-default elementor-section-height-default\" data-id=\"173cf4b\" data-element_type=\"section\">\n\t\t\t\t\t\t<div class=\"elementor-container elementor-column-gap-default\">\n\t\t\t\t\t<div class=\"elementor-column elementor-col-100 elementor-top-column elementor-element elementor-element-bcd780a\" data-id=\"bcd780a\" data-element_type=\"column\">\n\t\t\t<div class=\"elementor-widget-wrap elementor-element-populated\">\n\t\t\t\t\t\t<div class=\"elementor-element elementor-element-b5bc6e5 elementor-widget elementor-widget-text-editor\" data-id=\"b5bc6e5\" data-element_type=\"widget\" data-widget_type=\"text-editor.default\">\n\t\t\t\t<div class=\"elementor-widget-container\">\n\t\t\t\t\t\t\t\t\t<p>Schade um die sch\u00f6ne Landschaft rund um Luzern: Alles in Wolken versteckt. Beim Eintreffen Mitte Morgen gab es schon mal die erste Dusche.\u00a0 Dass die Wind- und Wetterlage das ganze Wochenende \u00fcber schwierig sein w\u00fcrde, war allen klar. Die Wettfahrtleitung bekr\u00e4ftigte am Mittag beim Skippersmeeting ihr Bem\u00fchen um gute Regatten. Danach war Warten angesagt. Kein Problem im oder vor dem Clubhaus, denn der Regen machte auch Pause. Mitte Nachmittag strich etwas Wind \u00fcber den See. Es wurde zum Auslaufen gehupt. Aber schon nach dem Umziehen, grad noch vor dem Boote ins Wasser schieben, war der See schon wieder glasig. Nichts zu machen. N\u00e4chster Programmpunkt: fr\u00fches Abendessen auf der Clubveranda, bei angenehmer Temperatur. Stylisch aufgetischt und fein. Danke!<br \/>Da in der Nacht und am Morgen weiter Regen ohne Wind angek\u00fcndigt war, liess man uns am Sonntagmorgen erst auf halb elf wieder kommen. Grad rechtzeitig, denn auf dem See zeichnete etwas Wind aus S\u00fcdost. Das galt es auszun\u00fctzen. So richtig durchziehen tat dieses L\u00fcftchen jedoch nicht wirklich. Vor uns starteten zuerst die 15erSNS, die gleichzeitig ihre Klassenmeisterschaft abhielten. Einer war voraus, die anderen hinterher. Bis wir nach 5 Minuten starteten, waren sie schon um die Luvboje, so kurz war die Kreuz. 2 Runden galt es abzufahren.\u00a0 Venhoda K.\/S. Zaugg rundeten das Luvfass schon mit gutem Vorsprung, den sie bis zum Schluss noch ausbauten. Zwischendurch erschlaften die Spis ab und zu, trotz grosser Zuwendung der Crews. Hinter ihnen fuhren\u00a0 Ch. H\u00e4rdi\/Landerer C. ins Ziel, als Dritte Landerer R.\/Horvath, vor E. Landerer\/E. Schwab.<br \/>Nach kurzem Warten und Umsetzen der Startlinie &#8211; der Wind hatte inzwischen weiter auf Ost gedreht &#8211; wurde wieder gestartet. Den besten Riecher hatten diesmal Giovanolis, die sich nicht mehr einholen liessen bis zum Abk\u00fcrzungs-Ziel an der Leeboje. Als wieder Zweite \u00fcbernahmen Ch. H\u00e4rdi\/Landerer C. die F\u00fchrung vor Venhoda K.\/S. Zaugg, die Vierte wurden hinter Bacher\/M. Bacher.<br \/>\u00dcber Luzern waren die schwarzen Wolken von der angek\u00fcndigten Regenfront jetzt schon sehr nah. Wenig sp\u00e4ter\u00a0 drehte der Wind mit einsetzendem Starkregen auf West. Das gab doch noch etwas Action bis in den Hafen zur\u00fcck. Beim Zusammenr\u00e4umen der Boote wurde wieder kr\u00e4ftig geduscht&#8230;.<\/p><p>Danke dem Club f\u00fcr die Gastfreundschaft!<\/p>\t\t\t\t\t\t\t\t<\/div>\n\t\t\t\t<\/div>\n\t\t\t\t\t<\/div>\n\t\t<\/div>\n\t\t\t\t\t<\/div>\n\t\t<\/section>\n\t\t\t\t<section class=\"elementor-section elementor-top-section elementor-element elementor-element-0596446 elementor-section-boxed elementor-section-height-default elementor-section-height-default\" data-id=\"0596446\" data-element_type=\"section\">\n\t\t\t\t\t\t<div class=\"elementor-container elementor-column-gap-default\">\n\t\t\t\t\t<div class=\"elementor-column elementor-col-100 elementor-top-column elementor-element elementor-element-9c3a051\" data-id=\"9c3a051\" data-element_type=\"column\">\n\t\t\t<div class=\"elementor-widget-wrap elementor-element-populated\">\n\t\t\t\t\t\t<div class=\"elementor-element elementor-element-fadb207 elementor-widget elementor-widget-text-editor\" data-id=\"fadb207\" data-element_type=\"widget\" data-widget_type=\"text-editor.default\">\n\t\t\t\t<div class=\"elementor-widget-container\">\n\t\t\t\t\t\t\t\t\t<p><strong>Rangliste<\/strong><br \/><i>14 Teams, 2 L\u00e4ufe, Wind SO\/O 1-2 Bft.<\/i><\/p>\t\t\t\t\t\t\t\t<\/div>\n\t\t\t\t<\/div>\n\t\t\t\t<div class=\"elementor-element elementor-element-650cf8e elementor-widget elementor-widget-html\" data-id=\"650cf8e\" data-element_type=\"widget\" data-widget_type=\"html.default\">\n\t\t\t\t<div class=\"elementor-widget-container\">\n\t\t\t\t\t\r\n<table style=\"width: 30em;\">\r\n<tr>\r\n    <td><i>Rang<\/i><\/td>\r\n    <td><i>Team<\/i><\/td>\r\n    <td><i>Punkte<\/i><\/td>\r\n    <td><i>Total<\/i><\/td>\r\n<\/tr>\r\n   \r\n<tr>\r\n <td> 1.<br> SUI<\/td>\r\n <td> Ch. H\u00e4rdi<br>Landerer C.<\/td>\r\n <td> 2-2<\/td>\r\n <td> <b>4<\/b><\/td>\r\n<\/tr>\r\n<tr>\r\n <td> 2.<br>SUI<\/td>\r\n <td> Venhoda K. <br> S. Zaugg<\/td>\r\n <td> 1-4<\/td>\r\n <td> <b>5<\/b><\/td>\r\n<\/tr>\r\n<tr>\r\n <td> 3.<br>SUI<\/td>\r\n \r\n <td> Giovanoli G. <br> S. Giovanoli<\/td>\r\n <td> 8-1<\/td>\r\n <td> <b>9<\/b><\/td>\r\n<\/tr>\r\n<tr>\r\n <td> 4.<br>SUI<\/td>\r\n \r\n <td> Bacher H. <br>M. Bacher<\/td>\r\n <td> 7-3<\/td>\r\n <td> <b>10<\/b><\/td>\r\n<\/tr>\r\n<tr>\r\n <td> 5.<br>SUI<\/td>\r\n \r\n <td> Landerer R. <br> Horvath<\/td>\r\n <td> 3-9<\/td>\r\n <td> <b>12<\/b><\/td>\r\n<\/tr>\r\n<tr>\r\n <td> 6.<br>SUI<\/td>\r\n \r\n <td> Mermod<br> Moser<\/td>\r\n <td> 5-7<\/td>\r\n <td> <b>12<\/b><\/td>\r\n<\/tr>\r\n<tr>\r\n <td> 7.<br>SUI<\/td>\r\n \r\n <td> E. Landerer<br> E. Schwab<\/td>\r\n <td> 4-12<\/td>\r\n <td> <b>16<\/b><\/td>\r\n<\/tr>\r\n<tr>\r\n <td> 8.<br>SUI<\/td>\r\n\r\n <td> M. Erne<br> Haueterr<\/td>\r\n <td> 11-5<\/td>\r\n <td> <b>16<\/b><\/td>\r\n<\/tr>\r\n<tr>\r\n <td> 9.<br>SUI<\/td>\r\n\r\n <td> Ch. Suri <br> M. Liechti<\/td>\r\n <td> 6-11<\/td>\r\n <td> <b>17<\/b><\/td>\r\n<\/tr>\r\n\r\n<tr>\r\n <td> 10.<br>SUI<\/td>\r\n \r\n <td>Gonzenbach<br> Z. Sorman<\/td>\r\n <td> 12-6<\/td>\r\n <td> <b>18<\/b><\/td>\r\n<\/tr>\r\n\r\n<tr>\r\n <td> 11.<br>SUI<\/td>\r\n \r\n <td> L. Brugger <br> Leemann<\/td>\r\n <td> 10-8<\/td>\r\n <td> <b>18<\/b><\/td>\r\n<\/tr>\r\n\r\n<tr>\r\n <td> 12.<br>SUI<\/td>\r\n \r\n <td> D\u00fcscher <br>Venhoda T.<\/td>\r\n <td> 9-13<\/td>\r\n <td> <b>22<\/b><\/td>\r\n<\/tr>\r\n<tr>\r\n <td> 13.<br>SUI<\/td>\r\n\r\n <td> Landerer T. <br> Frank<\/td>\r\n <td> 13-10<\/td>\r\n <td> <b>23<\/b><\/td>\r\n<\/tr>\r\n<tr>\r\n <td> 14.<br>SUI<\/td>\r\n\r\n <td>F. Kramer <br> Sauer<\/td>\r\n <td>dnf-dns<\/td>\r\n <td> <b>34<\/b><\/td>\r\n<\/tr>\r\n<\/table>\t\t\t\t<\/div>\n\t\t\t\t<\/div>\n\t\t\t\t\t<\/div>\n\t\t<\/div>\n\t\t\t\t\t<\/div>\n\t\t<\/section>\n\t\t\t\t<section class=\"elementor-section elementor-top-section elementor-element elementor-element-1bfc96c elementor-section-boxed elementor-section-height-default elementor-section-height-default\" data-id=\"1bfc96c\" data-element_type=\"section\">\n\t\t\t\t\t\t<div class=\"elementor-container elementor-column-gap-default\">\n\t\t\t\t\t<div class=\"elementor-column elementor-col-100 elementor-top-column elementor-element elementor-element-cc24936\" data-id=\"cc24936\" data-element_type=\"column\">\n\t\t\t<div class=\"elementor-widget-wrap elementor-element-populated\">\n\t\t\t\t\t\t<div class=\"elementor-element elementor-element-87c97aa elementor-widget elementor-widget-text-editor\" data-id=\"87c97aa\" data-element_type=\"widget\" data-widget_type=\"text-editor.default\">\n\t\t\t\t<div class=\"elementor-widget-container\">\n\t\t\t\t\t\t\t\t\t<p style=\"text-align: center;\"><a href=\"#\">zur\u00fcck<\/a><\/p>\t\t\t\t\t\t\t\t<\/div>\n\t\t\t\t<\/div>\n\t\t\t\t\t<\/div>\n\t\t<\/div>\n\t\t\t\t\t<\/div>\n\t\t<\/section>\n\t\t\t\t<\/div>\n\t\t","protected":false},"excerpt":{"rendered":"<p>Swiss Cup Luzern, 17.\/18. August 2024 Wenig Wind, eher Regen. 14 Boote. 2 Zitterl\u00e4ufe. Das Podest: 1. Ch. H\u00e4rdi\/Landerer C., 2. Venhoda K.\/S. Zaugg, 3. Giovanoli \/S. Giovanoli. Schade um die sch\u00f6ne Landschaft rund um Luzern: Alles in Wolken versteckt. Beim Eintreffen Mitte Morgen gab es schon mal die erste Dusche.\u00a0 Dass die Wind- und [&hellip;]<\/p>\n","protected":false},"author":3,"featured_media":0,"parent":555,"menu_order":33,"comment_status":"closed","ping_status":"closed","template":"","meta":{"site-sidebar-layout":"no-sidebar","site-content-layout":"page-builder","ast-site-content-layout":"default","site-content-style":"default","site-sidebar-style":"default","ast-global-header-display":"","ast-banner-title-visibility":"","ast-main-header-display":"","ast-hfb-above-header-display":"","ast-hfb-below-header-display":"","ast-hfb-mobile-header-display":"","site-post-title":"disabled","ast-breadcrumbs-content":"","ast-featured-img":"disabled","footer-sml-layout":"","theme-transparent-header-meta":"default","adv-header-id-meta":"","stick-header-meta":"","header-above-stick-meta":"","header-main-stick-meta":"","header-below-stick-meta":"","astra-migrate-meta-layouts":"default","ast-page-background-enabled":"default","ast-page-background-meta":{"desktop":{"background-color":"var(--ast-global-color-4)","background-image":"","background-repeat":"repeat","background-position":"center center","background-size":"auto","background-attachment":"scroll","background-type":"","background-media":"","overlay-type":"","overlay-color":"","overlay-opacity":"","overlay-gradient":""},"tablet":{"background-color":"","background-image":"","background-repeat":"repeat","background-position":"center center","background-size":"auto","background-attachment":"scroll","background-type":"","background-media":"","overlay-type":"","overlay-color":"","overlay-opacity":"","overlay-gradient":""},"mobile":{"background-color":"","background-image":"","background-repeat":"repeat","background-position":"center center","background-size":"auto","background-attachment":"scroll","background-type":"","background-media":"","overlay-type":"","overlay-color":"","overlay-opacity":"","overlay-gradient":""}},"ast-content-background-meta":{"desktop":{"background-color":"var(--ast-global-color-5)","background-image":"","background-repeat":"repeat","background-position":"center center","background-size":"auto","background-attachment":"scroll","background-type":"","background-media":"","overlay-type":"","overlay-color":"","overlay-opacity":"","overlay-gradient":""},"tablet":{"background-color":"var(--ast-global-color-5)","background-image":"","background-repeat":"repeat","background-position":"center center","background-size":"auto","background-attachment":"scroll","background-type":"","background-media":"","overlay-type":"","overlay-color":"","overlay-opacity":"","overlay-gradient":""},"mobile":{"background-color":"var(--ast-global-color-5)","background-image":"","background-repeat":"repeat","background-position":"center center","background-size":"auto","background-attachment":"scroll","background-type":"","background-media":"","overlay-type":"","overlay-color":"","overlay-opacity":"","overlay-gradient":""}},"footnotes":""},"class_list":["post-16762","page","type-page","status-publish","hentry"],"yoast_head":"<!-- This site is optimized with the Yoast SEO plugin v27.5 - https:\/\/yoast.com\/product\/yoast-seo-wordpress\/ -->\r\n<title>Luzern 2024 -<\/title>\r\n<meta name=\"robots\" content=\"index, follow, max-snippet:-1, max-image-preview:large, max-video-preview:-1\" \/>\r\n<link rel=\"canonical\" href=\"https:\/\/fireball.ch\/index.php\/regatta\/resultate-und-berichte\/luzern-2024\/\" \/>\r\n<meta property=\"og:locale\" content=\"de_DE\" \/>\r\n<meta property=\"og:type\" content=\"article\" \/>\r\n<meta property=\"og:title\" content=\"Luzern 2024 -\" \/>\r\n<meta property=\"og:description\" content=\"Swiss Cup Luzern, 17.\/18. August 2024 Wenig Wind, eher Regen. 14 Boote. 2 Zitterl\u00e4ufe. Das Podest: 1. Ch. H\u00e4rdi\/Landerer C., 2. Venhoda K.\/S. Zaugg, 3. Giovanoli \/S. Giovanoli. Schade um die sch\u00f6ne Landschaft rund um Luzern: Alles in Wolken versteckt. Beim Eintreffen Mitte Morgen gab es schon mal die erste Dusche.\u00a0 Dass die Wind- und [&hellip;]\" \/>\r\n<meta property=\"og:url\" content=\"https:\/\/fireball.ch\/index.php\/regatta\/resultate-und-berichte\/luzern-2024\/\" \/>\r\n<meta property=\"article:modified_time\" content=\"2024-08-23T05:20:25+00:00\" \/>\r\n<meta property=\"og:image\" content=\"https:\/\/fireball.ch\/wp-content\/uploads\/2021\/04\/Bericht-2048x292.png\" \/>\r\n<meta name=\"twitter:card\" content=\"summary_large_image\" \/>\r\n<meta name=\"twitter:label1\" content=\"Gesch\u00e4tzte Lesezeit\" \/>\n\t<meta name=\"twitter:data1\" content=\"3\u00a0Minuten\" \/>\r\n<script type=\"application\/ld+json\" class=\"yoast-schema-graph\">{\"@context\":\"https:\\\/\\\/schema.org\",\"@graph\":[{\"@type\":\"WebPage\",\"@id\":\"https:\\\/\\\/fireball.ch\\\/index.php\\\/regatta\\\/resultate-und-berichte\\\/luzern-2024\\\/\",\"url\":\"https:\\\/\\\/fireball.ch\\\/index.php\\\/regatta\\\/resultate-und-berichte\\\/luzern-2024\\\/\",\"name\":\"Luzern 2024 -\",\"isPartOf\":{\"@id\":\"https:\\\/\\\/fireball.ch\\\/#website\"},\"primaryImageOfPage\":{\"@id\":\"https:\\\/\\\/fireball.ch\\\/index.php\\\/regatta\\\/resultate-und-berichte\\\/luzern-2024\\\/#primaryimage\"},\"image\":{\"@id\":\"https:\\\/\\\/fireball.ch\\\/index.php\\\/regatta\\\/resultate-und-berichte\\\/luzern-2024\\\/#primaryimage\"},\"thumbnailUrl\":\"https:\\\/\\\/fireball.ch\\\/wp-content\\\/uploads\\\/2021\\\/04\\\/Bericht-2048x292.png\",\"datePublished\":\"2024-08-18T20:22:57+00:00\",\"dateModified\":\"2024-08-23T05:20:25+00:00\",\"breadcrumb\":{\"@id\":\"https:\\\/\\\/fireball.ch\\\/index.php\\\/regatta\\\/resultate-und-berichte\\\/luzern-2024\\\/#breadcrumb\"},\"inLanguage\":\"de\",\"potentialAction\":[{\"@type\":\"ReadAction\",\"target\":[\"https:\\\/\\\/fireball.ch\\\/index.php\\\/regatta\\\/resultate-und-berichte\\\/luzern-2024\\\/\"]}]},{\"@type\":\"ImageObject\",\"inLanguage\":\"de\",\"@id\":\"https:\\\/\\\/fireball.ch\\\/index.php\\\/regatta\\\/resultate-und-berichte\\\/luzern-2024\\\/#primaryimage\",\"url\":\"https:\\\/\\\/fireball.ch\\\/wp-content\\\/uploads\\\/2021\\\/04\\\/Bericht.png\",\"contentUrl\":\"https:\\\/\\\/fireball.ch\\\/wp-content\\\/uploads\\\/2021\\\/04\\\/Bericht.png\",\"width\":2845,\"height\":405},{\"@type\":\"BreadcrumbList\",\"@id\":\"https:\\\/\\\/fireball.ch\\\/index.php\\\/regatta\\\/resultate-und-berichte\\\/luzern-2024\\\/#breadcrumb\",\"itemListElement\":[{\"@type\":\"ListItem\",\"position\":1,\"name\":\"Startseite\",\"item\":\"https:\\\/\\\/fireball.ch\\\/\"},{\"@type\":\"ListItem\",\"position\":2,\"name\":\"Regatta\",\"item\":\"https:\\\/\\\/fireball.ch\\\/index.php\\\/regatta\\\/\"},{\"@type\":\"ListItem\",\"position\":3,\"name\":\"Resultate und Berichte\",\"item\":\"https:\\\/\\\/fireball.ch\\\/index.php\\\/regatta\\\/resultate-und-berichte\\\/\"},{\"@type\":\"ListItem\",\"position\":4,\"name\":\"Luzern 2024\"}]},{\"@type\":\"WebSite\",\"@id\":\"https:\\\/\\\/fireball.ch\\\/#website\",\"url\":\"https:\\\/\\\/fireball.ch\\\/\",\"name\":\"Swiss Fireball\",\"description\":\"\",\"publisher\":{\"@id\":\"https:\\\/\\\/fireball.ch\\\/#organization\"},\"potentialAction\":[{\"@type\":\"SearchAction\",\"target\":{\"@type\":\"EntryPoint\",\"urlTemplate\":\"https:\\\/\\\/fireball.ch\\\/?s={search_term_string}\"},\"query-input\":{\"@type\":\"PropertyValueSpecification\",\"valueRequired\":true,\"valueName\":\"search_term_string\"}}],\"inLanguage\":\"de\"},{\"@type\":\"Organization\",\"@id\":\"https:\\\/\\\/fireball.ch\\\/#organization\",\"name\":\"Swiss Fireball\",\"url\":\"https:\\\/\\\/fireball.ch\\\/\",\"logo\":{\"@type\":\"ImageObject\",\"inLanguage\":\"de\",\"@id\":\"https:\\\/\\\/fireball.ch\\\/#\\\/schema\\\/logo\\\/image\\\/\",\"url\":\"https:\\\/\\\/fireball.ch\\\/wp-content\\\/uploads\\\/2021\\\/01\\\/cropped-logo_fireball.png\",\"contentUrl\":\"https:\\\/\\\/fireball.ch\\\/wp-content\\\/uploads\\\/2021\\\/01\\\/cropped-logo_fireball.png\",\"width\":220,\"height\":59,\"caption\":\"Swiss Fireball\"},\"image\":{\"@id\":\"https:\\\/\\\/fireball.ch\\\/#\\\/schema\\\/logo\\\/image\\\/\"}}]}<\/script>\r\n<!-- \/ Yoast SEO plugin. -->","yoast_head_json":{"title":"Luzern 2024 -","robots":{"index":"index","follow":"follow","max-snippet":"max-snippet:-1","max-image-preview":"max-image-preview:large","max-video-preview":"max-video-preview:-1"},"canonical":"https:\/\/fireball.ch\/index.php\/regatta\/resultate-und-berichte\/luzern-2024\/","og_locale":"de_DE","og_type":"article","og_title":"Luzern 2024 -","og_description":"Swiss Cup Luzern, 17.\/18. August 2024 Wenig Wind, eher Regen. 14 Boote. 2 Zitterl\u00e4ufe. Das Podest: 1. Ch. H\u00e4rdi\/Landerer C., 2. Venhoda K.\/S. Zaugg, 3. Giovanoli \/S. Giovanoli. Schade um die sch\u00f6ne Landschaft rund um Luzern: Alles in Wolken versteckt. Beim Eintreffen Mitte Morgen gab es schon mal die erste Dusche.\u00a0 Dass die Wind- und [&hellip;]","og_url":"https:\/\/fireball.ch\/index.php\/regatta\/resultate-und-berichte\/luzern-2024\/","article_modified_time":"2024-08-23T05:20:25+00:00","og_image":[{"url":"https:\/\/fireball.ch\/wp-content\/uploads\/2021\/04\/Bericht-2048x292.png","type":"","width":"","height":""}],"twitter_card":"summary_large_image","twitter_misc":{"Gesch\u00e4tzte Lesezeit":"3\u00a0Minuten"},"schema":{"@context":"https:\/\/schema.org","@graph":[{"@type":"WebPage","@id":"https:\/\/fireball.ch\/index.php\/regatta\/resultate-und-berichte\/luzern-2024\/","url":"https:\/\/fireball.ch\/index.php\/regatta\/resultate-und-berichte\/luzern-2024\/","name":"Luzern 2024 -","isPartOf":{"@id":"https:\/\/fireball.ch\/#website"},"primaryImageOfPage":{"@id":"https:\/\/fireball.ch\/index.php\/regatta\/resultate-und-berichte\/luzern-2024\/#primaryimage"},"image":{"@id":"https:\/\/fireball.ch\/index.php\/regatta\/resultate-und-berichte\/luzern-2024\/#primaryimage"},"thumbnailUrl":"https:\/\/fireball.ch\/wp-content\/uploads\/2021\/04\/Bericht-2048x292.png","datePublished":"2024-08-18T20:22:57+00:00","dateModified":"2024-08-23T05:20:25+00:00","breadcrumb":{"@id":"https:\/\/fireball.ch\/index.php\/regatta\/resultate-und-berichte\/luzern-2024\/#breadcrumb"},"inLanguage":"de","potentialAction":[{"@type":"ReadAction","target":["https:\/\/fireball.ch\/index.php\/regatta\/resultate-und-berichte\/luzern-2024\/"]}]},{"@type":"ImageObject","inLanguage":"de","@id":"https:\/\/fireball.ch\/index.php\/regatta\/resultate-und-berichte\/luzern-2024\/#primaryimage","url":"https:\/\/fireball.ch\/wp-content\/uploads\/2021\/04\/Bericht.png","contentUrl":"https:\/\/fireball.ch\/wp-content\/uploads\/2021\/04\/Bericht.png","width":2845,"height":405},{"@type":"BreadcrumbList","@id":"https:\/\/fireball.ch\/index.php\/regatta\/resultate-und-berichte\/luzern-2024\/#breadcrumb","itemListElement":[{"@type":"ListItem","position":1,"name":"Startseite","item":"https:\/\/fireball.ch\/"},{"@type":"ListItem","position":2,"name":"Regatta","item":"https:\/\/fireball.ch\/index.php\/regatta\/"},{"@type":"ListItem","position":3,"name":"Resultate und Berichte","item":"https:\/\/fireball.ch\/index.php\/regatta\/resultate-und-berichte\/"},{"@type":"ListItem","position":4,"name":"Luzern 2024"}]},{"@type":"WebSite","@id":"https:\/\/fireball.ch\/#website","url":"https:\/\/fireball.ch\/","name":"Swiss Fireball","description":"","publisher":{"@id":"https:\/\/fireball.ch\/#organization"},"potentialAction":[{"@type":"SearchAction","target":{"@type":"EntryPoint","urlTemplate":"https:\/\/fireball.ch\/?s={search_term_string}"},"query-input":{"@type":"PropertyValueSpecification","valueRequired":true,"valueName":"search_term_string"}}],"inLanguage":"de"},{"@type":"Organization","@id":"https:\/\/fireball.ch\/#organization","name":"Swiss Fireball","url":"https:\/\/fireball.ch\/","logo":{"@type":"ImageObject","inLanguage":"de","@id":"https:\/\/fireball.ch\/#\/schema\/logo\/image\/","url":"https:\/\/fireball.ch\/wp-content\/uploads\/2021\/01\/cropped-logo_fireball.png","contentUrl":"https:\/\/fireball.ch\/wp-content\/uploads\/2021\/01\/cropped-logo_fireball.png","width":220,"height":59,"caption":"Swiss Fireball"},"image":{"@id":"https:\/\/fireball.ch\/#\/schema\/logo\/image\/"}}]}},"_links":{"self":[{"href":"https:\/\/fireball.ch\/index.php\/wp-json\/wp\/v2\/pages\/16762","targetHints":{"allow":["GET"]}}],"collection":[{"href":"https:\/\/fireball.ch\/index.php\/wp-json\/wp\/v2\/pages"}],"about":[{"href":"https:\/\/fireball.ch\/index.php\/wp-json\/wp\/v2\/types\/page"}],"author":[{"embeddable":true,"href":"https:\/\/fireball.ch\/index.php\/wp-json\/wp\/v2\/users\/3"}],"replies":[{"embeddable":true,"href":"https:\/\/fireball.ch\/index.php\/wp-json\/wp\/v2\/comments?post=16762"}],"version-history":[{"count":11,"href":"https:\/\/fireball.ch\/index.php\/wp-json\/wp\/v2\/pages\/16762\/revisions"}],"predecessor-version":[{"id":16788,"href":"https:\/\/fireball.ch\/index.php\/wp-json\/wp\/v2\/pages\/16762\/revisions\/16788"}],"up":[{"embeddable":true,"href":"https:\/\/fireball.ch\/index.php\/wp-json\/wp\/v2\/pages\/555"}],"wp:attachment":[{"href":"https:\/\/fireball.ch\/index.php\/wp-json\/wp\/v2\/media?parent=16762"}],"curies":[{"name":"wp","href":"https:\/\/api.w.org\/{rel}","templated":true}]}}