{"id":16075,"date":"2024-04-28T20:07:44","date_gmt":"2024-04-28T20:07:44","guid":{"rendered":"https:\/\/fireball.ch\/?page_id=16075"},"modified":"2026-04-22T05:53:38","modified_gmt":"2026-04-22T05:53:38","slug":"mammern-2024","status":"publish","type":"page","link":"https:\/\/fireball.ch\/index.php\/regatta\/resultate-und-berichte\/mammern-2024\/","title":{"rendered":"Mammern 2024"},"content":{"rendered":"\t\t<div data-elementor-type=\"wp-page\" data-elementor-id=\"16075\" class=\"elementor elementor-16075\" data-elementor-post-type=\"page\">\n\t\t\t\t\t\t<section class=\"elementor-section elementor-top-section elementor-element elementor-element-f09bb20 elementor-section-full_width elementor-section-stretched elementor-section-height-default elementor-section-height-default\" data-id=\"f09bb20\" data-element_type=\"section\" data-settings=\"{&quot;stretch_section&quot;:&quot;section-stretched&quot;}\">\n\t\t\t\t\t\t<div class=\"elementor-container elementor-column-gap-default\">\n\t\t\t\t\t<div class=\"elementor-column elementor-col-100 elementor-top-column elementor-element elementor-element-1d86ee4\" data-id=\"1d86ee4\" data-element_type=\"column\">\n\t\t\t<div class=\"elementor-widget-wrap elementor-element-populated\">\n\t\t\t\t\t\t<div class=\"elementor-element elementor-element-337827b elementor-widget elementor-widget-image\" data-id=\"337827b\" data-element_type=\"widget\" data-widget_type=\"image.default\">\n\t\t\t\t<div class=\"elementor-widget-container\">\n\t\t\t\t\t\t\t\t\t\t\t\t\t\t\t<img fetchpriority=\"high\" decoding=\"async\" width=\"2048\" height=\"292\" src=\"https:\/\/fireball.ch\/wp-content\/uploads\/2021\/04\/Bericht-2048x292.png\" class=\"attachment-2048x2048 size-2048x2048 wp-image-7535\" alt=\"\" srcset=\"https:\/\/fireball.ch\/wp-content\/uploads\/2021\/04\/Bericht-2048x292.png 2048w, https:\/\/fireball.ch\/wp-content\/uploads\/2021\/04\/Bericht-300x43.png 300w, https:\/\/fireball.ch\/wp-content\/uploads\/2021\/04\/Bericht-1024x146.png 1024w, https:\/\/fireball.ch\/wp-content\/uploads\/2021\/04\/Bericht-768x109.png 768w, https:\/\/fireball.ch\/wp-content\/uploads\/2021\/04\/Bericht-1536x219.png 1536w\" sizes=\"(max-width: 2048px) 100vw, 2048px\" \/>\t\t\t\t\t\t\t\t\t\t\t\t\t\t\t<\/div>\n\t\t\t\t<\/div>\n\t\t\t\t\t<\/div>\n\t\t<\/div>\n\t\t\t\t\t<\/div>\n\t\t<\/section>\n\t\t\t\t<section class=\"elementor-section elementor-top-section elementor-element elementor-element-218a22d elementor-section-boxed elementor-section-height-default elementor-section-height-default\" data-id=\"218a22d\" data-element_type=\"section\">\n\t\t\t\t\t\t<div class=\"elementor-container elementor-column-gap-default\">\n\t\t\t\t\t<div class=\"elementor-column elementor-col-100 elementor-top-column elementor-element elementor-element-e88c154\" data-id=\"e88c154\" data-element_type=\"column\">\n\t\t\t<div class=\"elementor-widget-wrap elementor-element-populated\">\n\t\t\t\t\t\t<div class=\"elementor-element elementor-element-7250e78 elementor-widget elementor-widget-spacer\" data-id=\"7250e78\" data-element_type=\"widget\" data-widget_type=\"spacer.default\">\n\t\t\t\t<div class=\"elementor-widget-container\">\n\t\t\t\t\t\t\t<div class=\"elementor-spacer\">\n\t\t\t<div class=\"elementor-spacer-inner\"><\/div>\n\t\t<\/div>\n\t\t\t\t\t\t<\/div>\n\t\t\t\t<\/div>\n\t\t\t\t\t<\/div>\n\t\t<\/div>\n\t\t\t\t\t<\/div>\n\t\t<\/section>\n\t\t\t\t<section class=\"elementor-section elementor-top-section elementor-element elementor-element-36e1b65 elementor-section-boxed elementor-section-height-default elementor-section-height-default\" data-id=\"36e1b65\" data-element_type=\"section\">\n\t\t\t\t\t\t<div class=\"elementor-container elementor-column-gap-default\">\n\t\t\t\t\t<div class=\"elementor-column elementor-col-100 elementor-top-column elementor-element elementor-element-85a2a1c\" data-id=\"85a2a1c\" data-element_type=\"column\">\n\t\t\t<div class=\"elementor-widget-wrap elementor-element-populated\">\n\t\t\t\t\t\t<div class=\"elementor-element elementor-element-dce2f0d elementor-widget elementor-widget-heading\" data-id=\"dce2f0d\" data-element_type=\"widget\" data-widget_type=\"heading.default\">\n\t\t\t\t<div class=\"elementor-widget-container\">\n\t\t\t\t\t<h3 class=\"elementor-heading-title elementor-size-default\">Swiss Cup Mammern, 27.\/28.4.2024<\/h3>\t\t\t\t<\/div>\n\t\t\t\t<\/div>\n\t\t\t\t\t<\/div>\n\t\t<\/div>\n\t\t\t\t\t<\/div>\n\t\t<\/section>\n\t\t\t\t<section class=\"elementor-section elementor-top-section elementor-element elementor-element-0c419cc elementor-section-boxed elementor-section-height-default elementor-section-height-default\" data-id=\"0c419cc\" data-element_type=\"section\">\n\t\t\t\t\t\t<div class=\"elementor-container elementor-column-gap-default\">\n\t\t\t\t\t<div class=\"elementor-column elementor-col-100 elementor-top-column elementor-element elementor-element-53bbc9a\" data-id=\"53bbc9a\" data-element_type=\"column\">\n\t\t\t<div class=\"elementor-widget-wrap elementor-element-populated\">\n\t\t\t\t\t\t<div class=\"elementor-element elementor-element-c959b52 elementor-widget elementor-widget-text-editor\" data-id=\"c959b52\" data-element_type=\"widget\" data-widget_type=\"text-editor.default\">\n\t\t\t\t<div class=\"elementor-widget-container\">\n\t\t\t\t\t\t\t\t\t<p><strong><em>16 Teams. 5 L\u00e4ufe bei unterschiedlichem Wind. Mermod\/Moser mit Siegesserie. Dahinter Fight mit 3 Teams schliesslich punktgleich.<\/em><\/strong><\/p>\t\t\t\t\t\t\t\t<\/div>\n\t\t\t\t<\/div>\n\t\t\t\t\t<\/div>\n\t\t<\/div>\n\t\t\t\t\t<\/div>\n\t\t<\/section>\n\t\t\t\t<section class=\"elementor-section elementor-top-section elementor-element elementor-element-173cf4b elementor-section-boxed elementor-section-height-default elementor-section-height-default\" data-id=\"173cf4b\" data-element_type=\"section\">\n\t\t\t\t\t\t<div class=\"elementor-container elementor-column-gap-default\">\n\t\t\t\t\t<div class=\"elementor-column elementor-col-100 elementor-top-column elementor-element elementor-element-bcd780a\" data-id=\"bcd780a\" data-element_type=\"column\">\n\t\t\t<div class=\"elementor-widget-wrap elementor-element-populated\">\n\t\t\t\t\t\t<div class=\"elementor-element elementor-element-b5bc6e5 elementor-widget elementor-widget-text-editor\" data-id=\"b5bc6e5\" data-element_type=\"widget\" data-widget_type=\"text-editor.default\">\n\t\t\t\t<div class=\"elementor-widget-container\">\n\t\t\t\t\t\t\t\t\t<p>Zum Gl\u00fcck, nach w\u00f6chigem Winterintermezzo, zeigte sich der Fr\u00fchling wieder mit annehmbaren Temperaturen. Am Samstag spielte der F\u00f6hn mit, zuerst gut mit 3-4Bft. von Osten, nach 2 Rennen im sp\u00e4teren Nachmittag als Spielverderber mit B\u00f6en quer zum See. Da war ein vern\u00fcnftiges Auslegen eines Kurses nicht mehr m\u00f6glich. Mermod\/Moser legten mit zwei Laufsiegen einen guten Grundstein. Auf der Zwischenrangliste folgten am Ende des Tages Ch. H\u00e4rdi\/Landerer C. mit 2-5\u00a0 und Liechti K.\/G. Ernst (7-2) und Venhoda K.\/S. Zaugg (5-4).<\/p><p>Am Abend tischte der Club in der Turnhalle von Eschenz zum gemeinsamen Abendessen mit den Contendern und Finns auf.\u00a0<\/p><p>P\u00fcnktlich wie vorgesehen konnte am Sonntagmorgen ab 11 Uhr nun bei b\u00f6igem S\u00fcdwestwind mit 2-4 Bft. erneut gestartet werden. 3 weitere Rennen konnten gefahren werden. Mermod\/Moser holten alle Laufsiege. Dahinter wechselten die R\u00e4nge so, dass schliesslich gleich drei Teams punktgleich waren:\u00a0 2. Ch. H\u00e4rdi\/Landerer C., 3. Venhoda K.\/S. Zaugg und L. Markwalder\/Frey.<\/p><p>Mit der Ausbeute des Wochenendes k\u00f6nnen wir zufrieden sein. Die Wettfahrtleitung hatte einiges zu tun, den Kurs mehrmals neu zu richten. Sie taten das sehr tifig. Danke f\u00fcr den gelungenen Saisonauftakt!<\/p>\t\t\t\t\t\t\t\t<\/div>\n\t\t\t\t<\/div>\n\t\t\t\t\t<\/div>\n\t\t<\/div>\n\t\t\t\t\t<\/div>\n\t\t<\/section>\n\t\t\t\t<section class=\"elementor-section elementor-top-section elementor-element elementor-element-0596446 elementor-section-boxed elementor-section-height-default elementor-section-height-default\" data-id=\"0596446\" data-element_type=\"section\">\n\t\t\t\t\t\t<div class=\"elementor-container elementor-column-gap-default\">\n\t\t\t\t\t<div class=\"elementor-column elementor-col-100 elementor-top-column elementor-element elementor-element-9c3a051\" data-id=\"9c3a051\" data-element_type=\"column\">\n\t\t\t<div class=\"elementor-widget-wrap elementor-element-populated\">\n\t\t\t\t\t\t<div class=\"elementor-element elementor-element-fadb207 elementor-widget elementor-widget-text-editor\" data-id=\"fadb207\" data-element_type=\"widget\" data-widget_type=\"text-editor.default\">\n\t\t\t\t<div class=\"elementor-widget-container\">\n\t\t\t\t\t\t\t\t\t<p><strong>Rangliste<\/strong><br \/><i>16 Teams, 5 L\u00e4ufe, 1 Streicher, Wind O und W 2-4 Bft.<\/i><\/p>\t\t\t\t\t\t\t\t<\/div>\n\t\t\t\t<\/div>\n\t\t\t\t\t<\/div>\n\t\t<\/div>\n\t\t\t\t\t<\/div>\n\t\t<\/section>\n\t\t\t\t<section class=\"elementor-section elementor-top-section elementor-element elementor-element-1bfc96c elementor-section-boxed elementor-section-height-default elementor-section-height-default\" data-id=\"1bfc96c\" data-element_type=\"section\">\n\t\t\t\t\t\t<div class=\"elementor-container elementor-column-gap-default\">\n\t\t\t\t\t<div class=\"elementor-column elementor-col-100 elementor-top-column elementor-element elementor-element-cc24936\" data-id=\"cc24936\" data-element_type=\"column\">\n\t\t\t<div class=\"elementor-widget-wrap elementor-element-populated\">\n\t\t\t\t\t\t<div class=\"elementor-element elementor-element-650cf8e elementor-widget elementor-widget-html\" data-id=\"650cf8e\" data-element_type=\"widget\" data-widget_type=\"html.default\">\n\t\t\t\t<div class=\"elementor-widget-container\">\n\t\t\t\t\t\r\n<table style=\"width: 30em;\">\r\n<tr>\r\n    <td><i>Rang<\/i><\/td>\r\n    <td><i>Team<\/i><\/td>\r\n    <td><i>Punkte<\/i><\/td>\r\n    <td><i>Total<\/i><\/td>\r\n<\/tr>\r\n   \r\n<tr>\r\n <td> 1.<br> SUI<\/td>\r\n <td> Mermod<br>Moser<\/td>\r\n <td> 1-1-1-1-1<\/td>\r\n <td> <b>4<\/b><\/td>\r\n<\/tr>\r\n<tr>\r\n <td> 2.<br>SUI<\/td>\r\n <td> Ch. H\u00e4rdi <br> Landerer C.<\/td>\r\n <td> 2-5-4-4-2<\/td>\r\n <td> <b>12<\/b><\/td>\r\n<\/tr>\r\n<tr>\r\n <td> 3.<br>SUI<\/td>\r\n <td> Venhoda K. <br> S. Zaugg<\/td>\r\n <td> 5-4-3-2-3<\/td>\r\n <td> <b>12<\/b><\/td>\r\n<\/tr>\r\n\r\n<tr>\r\n <td> 4.<br>SUI<\/td>\r\n \r\n <td> L. Markwalder<br> Frey<\/td>\r\n <td> 3-8-2-3-4<\/td>\r\n <td> <b>12<\/b><\/td>\r\n<\/tr>\r\n<tr>\r\n <td> 5.<br>SUI<\/td>\r\n \r\n <td> R. Baumgartner <br> Sch\u00e4rer S.<\/td>\r\n <td> 6-3-5-5-12<\/td>\r\n <td> <b>19<\/b><\/td>\r\n<\/tr>\r\n<tr>\r\n <td> 6.<br>SUI<\/td>\r\n \r\n <td> Liechti K. <br> G. Ernst<\/td>\r\n <td> 7-2-6-7-6<\/td>\r\n <td> <b>22<\/b><\/td>\r\n<\/tr>\r\n<tr>\r\n <td> 7.<br>SUI<\/td>\r\n \r\n <td> Scheller <br> Eberle<\/td>\r\n <td> 8-6-8-9-10<\/td>\r\n <td> <b>31<\/b><\/td>\r\n<\/tr>\r\n<tr>\r\n <td> 8.<br>SUI<\/td>\r\n\r\n <td> Ch. Suri <br> M.Liechti<\/td>\r\n <td> 4-10-10-11-9<\/td>\r\n <td> <b>33<\/b><\/td>\r\n<\/tr>\r\n<tr>\r\n <td> 9.<br>SUI<\/td>\r\n\r\n <td> Landerer R. <br> Horvath<\/td>\r\n <td> 10-dsq-12-6-5<\/td>\r\n <td> <b>33<\/b><\/td>\r\n<\/tr>\r\n<tr>\r\n <td> 10.<br>SUI<\/td>\r\n \r\n <td> M. Venhoda <br> F. Sch\u00e4rer<\/td>\r\n <td> 9-12-7-12-6<\/td>\r\n <td> <b>34<\/b><\/td>\r\n<\/tr>\r\n<tr>\r\n <td> 11.<br>SUI<\/td>\r\n \r\n <td> Giovanoli<br> S. Givanolii<\/td>\r\n <td> dnc-9-9-8-11<\/td>\r\n <td> <b>37<\/b><\/td>\r\n<\/tr>\r\n<tr>\r\n <td> 12.<br>SUI<\/td>\r\n \r\n <td> Meinl <br> Haueter<\/td>\r\n <td> 14-7-11-10-13<\/td>\r\n <td> <b>41<\/b><\/td>\r\n<\/tr>\r\n<tr>\r\n <td> 13.<br>SUI<\/td>\r\n\r\n <td> M. Suter <br> Klierb<\/td>\r\n <td> 13-11-14-13-7<\/td>\r\n <td> <b>44<\/b><\/td>\r\n<\/tr>\r\n<tr>\r\n <td> 14.<br>SUI<\/td>\r\n\r\n <td> F. Kramer <br> Sauer<\/td>\r\n <td> 11-15-13-14-152<\/td>\r\n <td> <b>53<\/b><\/td>\r\n<\/tr>\r\n<tr>\r\n <td> 15.<br>SUI<\/td>\r\n\r\n <td> L. Brugger <br> Ciccardi<\/td>\r\n <td> 12-13-16-dnf-14<\/td>\r\n <td> <b>55<\/b><\/td>\r\n<\/tr>\r\n<tr>\r\n <td> 16.<br>SUI<\/td>\r\n\r\n <td> Schneider H. <br> Fl\u00fcck<\/td>\r\n <td> 15-14-15-15-16<\/td>\r\n <td> <b>59<\/b><\/td>\r\n<\/tr>\r\n<\/table>\t\t\t\t<\/div>\n\t\t\t\t<\/div>\n\t\t\t\t<div class=\"elementor-element elementor-element-87c97aa elementor-widget elementor-widget-text-editor\" data-id=\"87c97aa\" data-element_type=\"widget\" data-widget_type=\"text-editor.default\">\n\t\t\t\t<div class=\"elementor-widget-container\">\n\t\t\t\t\t\t\t\t\t<p style=\"text-align: center;\"><a href=\"#\">zur\u00fcck<\/a><\/p>\t\t\t\t\t\t\t\t<\/div>\n\t\t\t\t<\/div>\n\t\t\t\t\t<\/div>\n\t\t<\/div>\n\t\t\t\t\t<\/div>\n\t\t<\/section>\n\t\t\t\t<\/div>\n\t\t","protected":false},"excerpt":{"rendered":"<p>Swiss Cup Mammern, 27.\/28.4.2024 16 Teams. 5 L\u00e4ufe bei unterschiedlichem Wind. Mermod\/Moser mit Siegesserie. Dahinter Fight mit 3 Teams schliesslich punktgleich. Zum Gl\u00fcck, nach w\u00f6chigem Winterintermezzo, zeigte sich der Fr\u00fchling wieder mit annehmbaren Temperaturen. Am Samstag spielte der F\u00f6hn mit, zuerst gut mit 3-4Bft. von Osten, nach 2 Rennen im sp\u00e4teren Nachmittag als Spielverderber mit [&hellip;]<\/p>\n","protected":false},"author":3,"featured_media":0,"parent":555,"menu_order":60,"comment_status":"closed","ping_status":"closed","template":"","meta":{"site-sidebar-layout":"no-sidebar","site-content-layout":"page-builder","ast-site-content-layout":"default","site-content-style":"default","site-sidebar-style":"default","ast-global-header-display":"","ast-banner-title-visibility":"","ast-main-header-display":"","ast-hfb-above-header-display":"","ast-hfb-below-header-display":"","ast-hfb-mobile-header-display":"","site-post-title":"disabled","ast-breadcrumbs-content":"","ast-featured-img":"disabled","footer-sml-layout":"","theme-transparent-header-meta":"default","adv-header-id-meta":"","stick-header-meta":"","header-above-stick-meta":"","header-main-stick-meta":"","header-below-stick-meta":"","astra-migrate-meta-layouts":"default","ast-page-background-enabled":"default","ast-page-background-meta":{"desktop":{"background-color":"var(--ast-global-color-4)","background-image":"","background-repeat":"repeat","background-position":"center center","background-size":"auto","background-attachment":"scroll","background-type":"","background-media":"","overlay-type":"","overlay-color":"","overlay-opacity":"","overlay-gradient":""},"tablet":{"background-color":"","background-image":"","background-repeat":"repeat","background-position":"center center","background-size":"auto","background-attachment":"scroll","background-type":"","background-media":"","overlay-type":"","overlay-color":"","overlay-opacity":"","overlay-gradient":""},"mobile":{"background-color":"","background-image":"","background-repeat":"repeat","background-position":"center center","background-size":"auto","background-attachment":"scroll","background-type":"","background-media":"","overlay-type":"","overlay-color":"","overlay-opacity":"","overlay-gradient":""}},"ast-content-background-meta":{"desktop":{"background-color":"var(--ast-global-color-5)","background-image":"","background-repeat":"repeat","background-position":"center center","background-size":"auto","background-attachment":"scroll","background-type":"","background-media":"","overlay-type":"","overlay-color":"","overlay-opacity":"","overlay-gradient":""},"tablet":{"background-color":"var(--ast-global-color-5)","background-image":"","background-repeat":"repeat","background-position":"center center","background-size":"auto","background-attachment":"scroll","background-type":"","background-media":"","overlay-type":"","overlay-color":"","overlay-opacity":"","overlay-gradient":""},"mobile":{"background-color":"var(--ast-global-color-5)","background-image":"","background-repeat":"repeat","background-position":"center center","background-size":"auto","background-attachment":"scroll","background-type":"","background-media":"","overlay-type":"","overlay-color":"","overlay-opacity":"","overlay-gradient":""}},"footnotes":""},"class_list":["post-16075","page","type-page","status-publish","hentry"],"yoast_head":"<!-- This site is optimized with the Yoast SEO plugin v27.5 - https:\/\/yoast.com\/product\/yoast-seo-wordpress\/ -->\r\n<title>Mammern 2024 -<\/title>\r\n<meta name=\"robots\" content=\"index, follow, max-snippet:-1, max-image-preview:large, max-video-preview:-1\" \/>\r\n<link rel=\"canonical\" href=\"https:\/\/fireball.ch\/index.php\/regatta\/resultate-und-berichte\/mammern-2024\/\" \/>\r\n<meta property=\"og:locale\" content=\"de_DE\" \/>\r\n<meta property=\"og:type\" content=\"article\" \/>\r\n<meta property=\"og:title\" content=\"Mammern 2024 -\" \/>\r\n<meta property=\"og:description\" content=\"Swiss Cup Mammern, 27.\/28.4.2024 16 Teams. 5 L\u00e4ufe bei unterschiedlichem Wind. Mermod\/Moser mit Siegesserie. Dahinter Fight mit 3 Teams schliesslich punktgleich. Zum Gl\u00fcck, nach w\u00f6chigem Winterintermezzo, zeigte sich der Fr\u00fchling wieder mit annehmbaren Temperaturen. Am Samstag spielte der F\u00f6hn mit, zuerst gut mit 3-4Bft. von Osten, nach 2 Rennen im sp\u00e4teren Nachmittag als Spielverderber mit [&hellip;]\" \/>\r\n<meta property=\"og:url\" content=\"https:\/\/fireball.ch\/index.php\/regatta\/resultate-und-berichte\/mammern-2024\/\" \/>\r\n<meta property=\"article:modified_time\" content=\"2026-04-22T05:53:38+00:00\" \/>\r\n<meta property=\"og:image\" content=\"https:\/\/fireball.ch\/wp-content\/uploads\/2021\/04\/Bericht.png\" \/>\r\n\t<meta property=\"og:image:width\" content=\"2845\" \/>\r\n\t<meta property=\"og:image:height\" content=\"405\" \/>\r\n\t<meta property=\"og:image:type\" content=\"image\/png\" \/>\r\n<meta name=\"twitter:card\" content=\"summary_large_image\" \/>\r\n<meta name=\"twitter:label1\" content=\"Gesch\u00e4tzte Lesezeit\" \/>\n\t<meta name=\"twitter:data1\" content=\"3\u00a0Minuten\" \/>\r\n<script type=\"application\/ld+json\" class=\"yoast-schema-graph\">{\"@context\":\"https:\\\/\\\/schema.org\",\"@graph\":[{\"@type\":\"WebPage\",\"@id\":\"https:\\\/\\\/fireball.ch\\\/index.php\\\/regatta\\\/resultate-und-berichte\\\/mammern-2024\\\/\",\"url\":\"https:\\\/\\\/fireball.ch\\\/index.php\\\/regatta\\\/resultate-und-berichte\\\/mammern-2024\\\/\",\"name\":\"Mammern 2024 -\",\"isPartOf\":{\"@id\":\"https:\\\/\\\/fireball.ch\\\/#website\"},\"primaryImageOfPage\":{\"@id\":\"https:\\\/\\\/fireball.ch\\\/index.php\\\/regatta\\\/resultate-und-berichte\\\/mammern-2024\\\/#primaryimage\"},\"image\":{\"@id\":\"https:\\\/\\\/fireball.ch\\\/index.php\\\/regatta\\\/resultate-und-berichte\\\/mammern-2024\\\/#primaryimage\"},\"thumbnailUrl\":\"https:\\\/\\\/fireball.ch\\\/wp-content\\\/uploads\\\/2021\\\/04\\\/Bericht-2048x292.png\",\"datePublished\":\"2024-04-28T20:07:44+00:00\",\"dateModified\":\"2026-04-22T05:53:38+00:00\",\"breadcrumb\":{\"@id\":\"https:\\\/\\\/fireball.ch\\\/index.php\\\/regatta\\\/resultate-und-berichte\\\/mammern-2024\\\/#breadcrumb\"},\"inLanguage\":\"de\",\"potentialAction\":[{\"@type\":\"ReadAction\",\"target\":[\"https:\\\/\\\/fireball.ch\\\/index.php\\\/regatta\\\/resultate-und-berichte\\\/mammern-2024\\\/\"]}]},{\"@type\":\"ImageObject\",\"inLanguage\":\"de\",\"@id\":\"https:\\\/\\\/fireball.ch\\\/index.php\\\/regatta\\\/resultate-und-berichte\\\/mammern-2024\\\/#primaryimage\",\"url\":\"https:\\\/\\\/fireball.ch\\\/wp-content\\\/uploads\\\/2021\\\/04\\\/Bericht.png\",\"contentUrl\":\"https:\\\/\\\/fireball.ch\\\/wp-content\\\/uploads\\\/2021\\\/04\\\/Bericht.png\",\"width\":2845,\"height\":405},{\"@type\":\"BreadcrumbList\",\"@id\":\"https:\\\/\\\/fireball.ch\\\/index.php\\\/regatta\\\/resultate-und-berichte\\\/mammern-2024\\\/#breadcrumb\",\"itemListElement\":[{\"@type\":\"ListItem\",\"position\":1,\"name\":\"Startseite\",\"item\":\"https:\\\/\\\/fireball.ch\\\/\"},{\"@type\":\"ListItem\",\"position\":2,\"name\":\"Regatta\",\"item\":\"https:\\\/\\\/fireball.ch\\\/index.php\\\/regatta\\\/\"},{\"@type\":\"ListItem\",\"position\":3,\"name\":\"Resultate und Berichte\",\"item\":\"https:\\\/\\\/fireball.ch\\\/index.php\\\/regatta\\\/resultate-und-berichte\\\/\"},{\"@type\":\"ListItem\",\"position\":4,\"name\":\"Mammern 2024\"}]},{\"@type\":\"WebSite\",\"@id\":\"https:\\\/\\\/fireball.ch\\\/#website\",\"url\":\"https:\\\/\\\/fireball.ch\\\/\",\"name\":\"Swiss Fireball\",\"description\":\"\",\"publisher\":{\"@id\":\"https:\\\/\\\/fireball.ch\\\/#organization\"},\"potentialAction\":[{\"@type\":\"SearchAction\",\"target\":{\"@type\":\"EntryPoint\",\"urlTemplate\":\"https:\\\/\\\/fireball.ch\\\/?s={search_term_string}\"},\"query-input\":{\"@type\":\"PropertyValueSpecification\",\"valueRequired\":true,\"valueName\":\"search_term_string\"}}],\"inLanguage\":\"de\"},{\"@type\":\"Organization\",\"@id\":\"https:\\\/\\\/fireball.ch\\\/#organization\",\"name\":\"Swiss Fireball\",\"url\":\"https:\\\/\\\/fireball.ch\\\/\",\"logo\":{\"@type\":\"ImageObject\",\"inLanguage\":\"de\",\"@id\":\"https:\\\/\\\/fireball.ch\\\/#\\\/schema\\\/logo\\\/image\\\/\",\"url\":\"https:\\\/\\\/fireball.ch\\\/wp-content\\\/uploads\\\/2021\\\/01\\\/cropped-logo_fireball.png\",\"contentUrl\":\"https:\\\/\\\/fireball.ch\\\/wp-content\\\/uploads\\\/2021\\\/01\\\/cropped-logo_fireball.png\",\"width\":220,\"height\":59,\"caption\":\"Swiss Fireball\"},\"image\":{\"@id\":\"https:\\\/\\\/fireball.ch\\\/#\\\/schema\\\/logo\\\/image\\\/\"}}]}<\/script>\r\n<!-- \/ Yoast SEO plugin. -->","yoast_head_json":{"title":"Mammern 2024 -","robots":{"index":"index","follow":"follow","max-snippet":"max-snippet:-1","max-image-preview":"max-image-preview:large","max-video-preview":"max-video-preview:-1"},"canonical":"https:\/\/fireball.ch\/index.php\/regatta\/resultate-und-berichte\/mammern-2024\/","og_locale":"de_DE","og_type":"article","og_title":"Mammern 2024 -","og_description":"Swiss Cup Mammern, 27.\/28.4.2024 16 Teams. 5 L\u00e4ufe bei unterschiedlichem Wind. Mermod\/Moser mit Siegesserie. Dahinter Fight mit 3 Teams schliesslich punktgleich. Zum Gl\u00fcck, nach w\u00f6chigem Winterintermezzo, zeigte sich der Fr\u00fchling wieder mit annehmbaren Temperaturen. Am Samstag spielte der F\u00f6hn mit, zuerst gut mit 3-4Bft. von Osten, nach 2 Rennen im sp\u00e4teren Nachmittag als Spielverderber mit [&hellip;]","og_url":"https:\/\/fireball.ch\/index.php\/regatta\/resultate-und-berichte\/mammern-2024\/","article_modified_time":"2026-04-22T05:53:38+00:00","og_image":[{"width":2845,"height":405,"url":"https:\/\/fireball.ch\/wp-content\/uploads\/2021\/04\/Bericht.png","type":"image\/png"}],"twitter_card":"summary_large_image","twitter_misc":{"Gesch\u00e4tzte Lesezeit":"3\u00a0Minuten"},"schema":{"@context":"https:\/\/schema.org","@graph":[{"@type":"WebPage","@id":"https:\/\/fireball.ch\/index.php\/regatta\/resultate-und-berichte\/mammern-2024\/","url":"https:\/\/fireball.ch\/index.php\/regatta\/resultate-und-berichte\/mammern-2024\/","name":"Mammern 2024 -","isPartOf":{"@id":"https:\/\/fireball.ch\/#website"},"primaryImageOfPage":{"@id":"https:\/\/fireball.ch\/index.php\/regatta\/resultate-und-berichte\/mammern-2024\/#primaryimage"},"image":{"@id":"https:\/\/fireball.ch\/index.php\/regatta\/resultate-und-berichte\/mammern-2024\/#primaryimage"},"thumbnailUrl":"https:\/\/fireball.ch\/wp-content\/uploads\/2021\/04\/Bericht-2048x292.png","datePublished":"2024-04-28T20:07:44+00:00","dateModified":"2026-04-22T05:53:38+00:00","breadcrumb":{"@id":"https:\/\/fireball.ch\/index.php\/regatta\/resultate-und-berichte\/mammern-2024\/#breadcrumb"},"inLanguage":"de","potentialAction":[{"@type":"ReadAction","target":["https:\/\/fireball.ch\/index.php\/regatta\/resultate-und-berichte\/mammern-2024\/"]}]},{"@type":"ImageObject","inLanguage":"de","@id":"https:\/\/fireball.ch\/index.php\/regatta\/resultate-und-berichte\/mammern-2024\/#primaryimage","url":"https:\/\/fireball.ch\/wp-content\/uploads\/2021\/04\/Bericht.png","contentUrl":"https:\/\/fireball.ch\/wp-content\/uploads\/2021\/04\/Bericht.png","width":2845,"height":405},{"@type":"BreadcrumbList","@id":"https:\/\/fireball.ch\/index.php\/regatta\/resultate-und-berichte\/mammern-2024\/#breadcrumb","itemListElement":[{"@type":"ListItem","position":1,"name":"Startseite","item":"https:\/\/fireball.ch\/"},{"@type":"ListItem","position":2,"name":"Regatta","item":"https:\/\/fireball.ch\/index.php\/regatta\/"},{"@type":"ListItem","position":3,"name":"Resultate und Berichte","item":"https:\/\/fireball.ch\/index.php\/regatta\/resultate-und-berichte\/"},{"@type":"ListItem","position":4,"name":"Mammern 2024"}]},{"@type":"WebSite","@id":"https:\/\/fireball.ch\/#website","url":"https:\/\/fireball.ch\/","name":"Swiss Fireball","description":"","publisher":{"@id":"https:\/\/fireball.ch\/#organization"},"potentialAction":[{"@type":"SearchAction","target":{"@type":"EntryPoint","urlTemplate":"https:\/\/fireball.ch\/?s={search_term_string}"},"query-input":{"@type":"PropertyValueSpecification","valueRequired":true,"valueName":"search_term_string"}}],"inLanguage":"de"},{"@type":"Organization","@id":"https:\/\/fireball.ch\/#organization","name":"Swiss Fireball","url":"https:\/\/fireball.ch\/","logo":{"@type":"ImageObject","inLanguage":"de","@id":"https:\/\/fireball.ch\/#\/schema\/logo\/image\/","url":"https:\/\/fireball.ch\/wp-content\/uploads\/2021\/01\/cropped-logo_fireball.png","contentUrl":"https:\/\/fireball.ch\/wp-content\/uploads\/2021\/01\/cropped-logo_fireball.png","width":220,"height":59,"caption":"Swiss Fireball"},"image":{"@id":"https:\/\/fireball.ch\/#\/schema\/logo\/image\/"}}]}},"_links":{"self":[{"href":"https:\/\/fireball.ch\/index.php\/wp-json\/wp\/v2\/pages\/16075","targetHints":{"allow":["GET"]}}],"collection":[{"href":"https:\/\/fireball.ch\/index.php\/wp-json\/wp\/v2\/pages"}],"about":[{"href":"https:\/\/fireball.ch\/index.php\/wp-json\/wp\/v2\/types\/page"}],"author":[{"embeddable":true,"href":"https:\/\/fireball.ch\/index.php\/wp-json\/wp\/v2\/users\/3"}],"replies":[{"embeddable":true,"href":"https:\/\/fireball.ch\/index.php\/wp-json\/wp\/v2\/comments?post=16075"}],"version-history":[{"count":14,"href":"https:\/\/fireball.ch\/index.php\/wp-json\/wp\/v2\/pages\/16075\/revisions"}],"predecessor-version":[{"id":21321,"href":"https:\/\/fireball.ch\/index.php\/wp-json\/wp\/v2\/pages\/16075\/revisions\/21321"}],"up":[{"embeddable":true,"href":"https:\/\/fireball.ch\/index.php\/wp-json\/wp\/v2\/pages\/555"}],"wp:attachment":[{"href":"https:\/\/fireball.ch\/index.php\/wp-json\/wp\/v2\/media?parent=16075"}],"curies":[{"name":"wp","href":"https:\/\/api.w.org\/{rel}","templated":true}]}}