{"id":12783,"date":"2023-04-30T20:37:24","date_gmt":"2023-04-30T20:37:43","guid":{"rendered":"https:\/\/fireball.ch\/?page_id=12783"},"modified":"2023-05-02T14:00:53","modified_gmt":"2023-05-02T14:00:53","slug":"mammern-2023","status":"publish","type":"page","link":"https:\/\/fireball.ch\/index.php\/regatta\/resultate-und-berichte\/mammern-2023\/","title":{"rendered":"Mammern 2023"},"content":{"rendered":"\t\t<div data-elementor-type=\"wp-page\" data-elementor-id=\"12783\" class=\"elementor elementor-12783\" data-elementor-post-type=\"page\">\n\t\t\t\t\t\t<section class=\"elementor-section elementor-top-section elementor-element elementor-element-f09bb20 elementor-section-full_width elementor-section-stretched elementor-section-height-default elementor-section-height-default\" data-id=\"f09bb20\" data-element_type=\"section\" data-settings=\"{&quot;stretch_section&quot;:&quot;section-stretched&quot;}\">\n\t\t\t\t\t\t<div class=\"elementor-container elementor-column-gap-default\">\n\t\t\t\t\t<div class=\"elementor-column elementor-col-100 elementor-top-column elementor-element elementor-element-1d86ee4\" data-id=\"1d86ee4\" data-element_type=\"column\">\n\t\t\t<div class=\"elementor-widget-wrap\">\n\t\t\t\t\t\t\t<\/div>\n\t\t<\/div>\n\t\t\t\t\t<\/div>\n\t\t<\/section>\n\t\t\t\t<section class=\"elementor-section elementor-top-section elementor-element elementor-element-218a22d elementor-section-boxed elementor-section-height-default elementor-section-height-default\" data-id=\"218a22d\" data-element_type=\"section\">\n\t\t\t\t\t\t<div class=\"elementor-container elementor-column-gap-default\">\n\t\t\t\t\t<div class=\"elementor-column elementor-col-100 elementor-top-column elementor-element elementor-element-e88c154\" data-id=\"e88c154\" data-element_type=\"column\">\n\t\t\t<div class=\"elementor-widget-wrap elementor-element-populated\">\n\t\t\t\t\t\t<div class=\"elementor-element elementor-element-7250e78 elementor-widget elementor-widget-spacer\" data-id=\"7250e78\" data-element_type=\"widget\" data-widget_type=\"spacer.default\">\n\t\t\t\t<div class=\"elementor-widget-container\">\n\t\t\t\t\t\t\t<div class=\"elementor-spacer\">\n\t\t\t<div class=\"elementor-spacer-inner\"><\/div>\n\t\t<\/div>\n\t\t\t\t\t\t<\/div>\n\t\t\t\t<\/div>\n\t\t\t\t\t<\/div>\n\t\t<\/div>\n\t\t\t\t\t<\/div>\n\t\t<\/section>\n\t\t\t\t<section class=\"elementor-section elementor-top-section elementor-element elementor-element-36e1b65 elementor-section-boxed elementor-section-height-default elementor-section-height-default\" data-id=\"36e1b65\" data-element_type=\"section\">\n\t\t\t\t\t\t<div class=\"elementor-container elementor-column-gap-default\">\n\t\t\t\t\t<div class=\"elementor-column elementor-col-100 elementor-top-column elementor-element elementor-element-85a2a1c\" data-id=\"85a2a1c\" data-element_type=\"column\">\n\t\t\t<div class=\"elementor-widget-wrap elementor-element-populated\">\n\t\t\t\t\t\t<div class=\"elementor-element elementor-element-337827b elementor-widget elementor-widget-image\" data-id=\"337827b\" data-element_type=\"widget\" data-widget_type=\"image.default\">\n\t\t\t\t<div class=\"elementor-widget-container\">\n\t\t\t\t\t\t\t\t\t\t\t\t\t\t\t<img fetchpriority=\"high\" decoding=\"async\" width=\"2048\" height=\"292\" src=\"https:\/\/fireball.ch\/wp-content\/uploads\/2021\/04\/Bericht-2048x292.png\" class=\"attachment-2048x2048 size-2048x2048 wp-image-7535\" alt=\"\" srcset=\"https:\/\/fireball.ch\/wp-content\/uploads\/2021\/04\/Bericht-2048x292.png 2048w, https:\/\/fireball.ch\/wp-content\/uploads\/2021\/04\/Bericht-300x43.png 300w, https:\/\/fireball.ch\/wp-content\/uploads\/2021\/04\/Bericht-1024x146.png 1024w, https:\/\/fireball.ch\/wp-content\/uploads\/2021\/04\/Bericht-768x109.png 768w, https:\/\/fireball.ch\/wp-content\/uploads\/2021\/04\/Bericht-1536x219.png 1536w\" sizes=\"(max-width: 2048px) 100vw, 2048px\" \/>\t\t\t\t\t\t\t\t\t\t\t\t\t\t\t<\/div>\n\t\t\t\t<\/div>\n\t\t\t\t<div class=\"elementor-element elementor-element-dce2f0d elementor-widget elementor-widget-heading\" data-id=\"dce2f0d\" data-element_type=\"widget\" data-widget_type=\"heading.default\">\n\t\t\t\t<div class=\"elementor-widget-container\">\n\t\t\t\t\t<h3 class=\"elementor-heading-title elementor-size-default\"><br>Swiss Cup Mammern, 29.\/30. April 2023<\/h3>\t\t\t\t<\/div>\n\t\t\t\t<\/div>\n\t\t\t\t\t<\/div>\n\t\t<\/div>\n\t\t\t\t\t<\/div>\n\t\t<\/section>\n\t\t\t\t<section class=\"elementor-section elementor-top-section elementor-element elementor-element-0c419cc elementor-section-boxed elementor-section-height-default elementor-section-height-default\" data-id=\"0c419cc\" data-element_type=\"section\">\n\t\t\t\t\t\t<div class=\"elementor-container elementor-column-gap-default\">\n\t\t\t\t\t<div class=\"elementor-column elementor-col-100 elementor-top-column elementor-element elementor-element-53bbc9a\" data-id=\"53bbc9a\" data-element_type=\"column\">\n\t\t\t<div class=\"elementor-widget-wrap elementor-element-populated\">\n\t\t\t\t\t\t<div class=\"elementor-element elementor-element-c959b52 elementor-widget elementor-widget-text-editor\" data-id=\"c959b52\" data-element_type=\"widget\" data-widget_type=\"text-editor.default\">\n\t\t\t\t<div class=\"elementor-widget-container\">\n\t\t\t\t\t\t\t\t\t<p><strong><em>Mit 18 Teams auf der Startlinie war der Saisonauftakt gut besucht. Wetter und Wind spielten auch gut mit: 5 L\u00e4ufe die Ausbeute. Es war Mammern in gewohnt guter Manier.<\/em><\/strong><\/p>\t\t\t\t\t\t\t\t<\/div>\n\t\t\t\t<\/div>\n\t\t\t\t\t<\/div>\n\t\t<\/div>\n\t\t\t\t\t<\/div>\n\t\t<\/section>\n\t\t\t\t<section class=\"elementor-section elementor-top-section elementor-element elementor-element-173cf4b elementor-section-boxed elementor-section-height-default elementor-section-height-default\" data-id=\"173cf4b\" data-element_type=\"section\">\n\t\t\t\t\t\t<div class=\"elementor-container elementor-column-gap-default\">\n\t\t\t\t\t<div class=\"elementor-column elementor-col-100 elementor-top-column elementor-element elementor-element-bcd780a\" data-id=\"bcd780a\" data-element_type=\"column\">\n\t\t\t<div class=\"elementor-widget-wrap elementor-element-populated\">\n\t\t\t\t\t\t<div class=\"elementor-element elementor-element-b5bc6e5 elementor-widget elementor-widget-text-editor\" data-id=\"b5bc6e5\" data-element_type=\"widget\" data-widget_type=\"text-editor.default\">\n\t\t\t\t<div class=\"elementor-widget-container\">\n\t\t\t\t\t\t\t\t\t<p>Da zu dieser Regatte auch 40 Finns angemeldet waren, war mit hohem Verkehrsaufkommen, sowohl an Land wie auf dem Wasser zu rechnen. Die Organisatoren haben aber exzellente Arbeit geleistet, so dass alle Liege- und Parkpl\u00e4tze fanden.<br \/>Direkt nach dem Skippersmeeting am Mittag wurden wir am Samstag auf den See geschickt. Man war nicht ganz zuversichtlich, ob der Westwind noch lange halten w\u00fcrde. Er tat es f\u00fcr 3\/4 des 1. Laufs, um nach einer kurzen Pause nochmal zur\u00fcck zu kommen. Die Port Camargue Trainierten hatten das Feld im Griff: R. Baumgartner\/Sch\u00e4rer, Ch. H\u00e4rdi\/Landerer C. und Mermod\/Moser bildeten das Spitzentrio. Letztere waren schliesslich zuerst im Ziel vor Ch. H\u00e4rdi\/Landerer C. und R. Baumgartner\/Sch\u00e4rer. Nachher liess ein sehr station\u00e4rer Gewitterherd \u00fcber dem deutschen Seer\u00fccken den Wind nach Norden drehen, was quer zum See ist. Mit so vielen Booten liess sich da beim besten Willen kein\u00a0 vern\u00fcnftiger Kurs legen. So bretterte man beim Warten auf bessere Zeiten in den zum Teil starken B\u00f6en einfach hin und her. Der Regen liess diesen Wind nach\u00a0 16 Uhr sterben und machte dem Ostwind Platz. Die Wettfahrtleitung reagierte schnell mit Umlegen der Bojen. Der Oster blieb aber zu schwach f\u00fcr Starts. Nachdem sich auch dieses L\u00fcftchen verabschiedet hatte, schickte man uns an Land. Das erwies sich als die richtige Entscheidung. Der See blieb noch lange spiegelglatt&#8230;<\/p><p>Zum Abendessen traf man sich in der Mammerner Turnhalle. Danke f\u00fcr die Bewirtung. Auch hier brillierte die Organisations-Crew!<\/p><p>Die f\u00fcr Sonntag angek\u00fcndigte Bise stand schon fr\u00fch am Morgen. Um 10 Uhr sollte es wieder los gehen gehen. <br \/>Ziemlich konstant blies es mit gut 3 Bft. zum 1. Rennen. \u00dcbers deutsche Ufer gings etwas schneller zur Luvboje. Mermod\/Moser w\u00e4hlten diesen Weg und f\u00fchrten bis ins Ziel vor R. Baumgartner\/Sch\u00e4rer und Venhoda K.\/S. Zaugg. Drei weitere Rennen folgten in stetig auffrischender Brise. Ch. H\u00e4rdi\/Landerer C. gesellten sich auch noch zum vorherigen Spitzentrio und redeten ein W\u00f6rtchen mit um die Podestpl\u00e4tze. W\u00e4hrend Mermod\/Moser souver\u00e4n Gold ansteuerten, wechselten sich die anderen in den Platzierungen ab. Nach dem 4. Rennen des Tages war auch die Zeit abgelaufen. Wind h\u00e4tte es noch f\u00fcr mehr gehabt. In B\u00f6en blies es jetzt bis 5 Bft.<br \/>Mit je 11 Punkten platzierten sich\u00a0 Ch. H\u00e4rdi\/Landerer C. und Vehoda K.\/S. Zaugg auf den R\u00e4ngen 2 respektiv 3, dahinter R. Baumgartner\/Sch\u00e4rer mit 15 Punkten, zuoberst auf dem Treppchen Mermod\/Moser.<\/p><p>Herzlichen Dank den Mammerner f\u00fcr dieses sehr gelungene Wochenende. Wir hoffen auf noch viele mehr&#8230;<\/p>\t\t\t\t\t\t\t\t<\/div>\n\t\t\t\t<\/div>\n\t\t\t\t\t<\/div>\n\t\t<\/div>\n\t\t\t\t\t<\/div>\n\t\t<\/section>\n\t\t\t\t<section class=\"elementor-section elementor-top-section elementor-element elementor-element-0596446 elementor-section-boxed elementor-section-height-default elementor-section-height-default\" data-id=\"0596446\" data-element_type=\"section\">\n\t\t\t\t\t\t<div class=\"elementor-container elementor-column-gap-default\">\n\t\t\t\t\t<div class=\"elementor-column elementor-col-100 elementor-top-column elementor-element elementor-element-9c3a051\" data-id=\"9c3a051\" data-element_type=\"column\">\n\t\t\t<div class=\"elementor-widget-wrap elementor-element-populated\">\n\t\t\t\t\t\t<div class=\"elementor-element elementor-element-fadb207 elementor-widget elementor-widget-text-editor\" data-id=\"fadb207\" data-element_type=\"widget\" data-widget_type=\"text-editor.default\">\n\t\t\t\t<div class=\"elementor-widget-container\">\n\t\t\t\t\t\t\t\t\t<p><strong>Rangliste<\/strong><br \/><i>18 Teams, 5 L\u00e4ufe, 1 Streicher, Wind W und O 2-5 Bft.<\/i><\/p>\t\t\t\t\t\t\t\t<\/div>\n\t\t\t\t<\/div>\n\t\t\t\t\t<\/div>\n\t\t<\/div>\n\t\t\t\t\t<\/div>\n\t\t<\/section>\n\t\t\t\t<section class=\"elementor-section elementor-top-section elementor-element elementor-element-1bfc96c elementor-section-boxed elementor-section-height-default elementor-section-height-default\" data-id=\"1bfc96c\" data-element_type=\"section\">\n\t\t\t\t\t\t<div class=\"elementor-container elementor-column-gap-default\">\n\t\t\t\t\t<div class=\"elementor-column elementor-col-100 elementor-top-column elementor-element elementor-element-cc24936\" data-id=\"cc24936\" data-element_type=\"column\">\n\t\t\t<div class=\"elementor-widget-wrap elementor-element-populated\">\n\t\t\t\t\t\t<div class=\"elementor-element elementor-element-650cf8e elementor-widget elementor-widget-html\" data-id=\"650cf8e\" data-element_type=\"widget\" data-widget_type=\"html.default\">\n\t\t\t\t<div class=\"elementor-widget-container\">\n\t\t\t\t\t\r\n<table style=\"width: 30em;\">\r\n<tr>\r\n    <td><i>Rang<\/i><\/td>\r\n    <td><i>Team<\/i><\/td>\r\n    <td><i>Punkte<\/i><\/td>\r\n    <td><i>Total<\/i><\/td>\r\n<\/tr>\r\n   \r\n<tr>\r\n <td> 1.<br> SUI<\/td>\r\n <td> Mermod<br>Moser<\/td>\r\n <td> 1-1-1-1-1<\/td>\r\n <td> <b>4<\/b><\/td>\r\n<\/tr>\r\n<tr>\r\n <td> 2.<br>SUI<\/td>\r\n  <td> Ch. H\u00e4rdi <br> Landerer C.<\/td>\r\n <td> 2-4-2-3-4<\/td>\r\n <td> <b>11<\/b><\/td>\r\n\r\n<\/tr>\r\n<tr>\r\n <td> 3.<br>SUI<\/td>\r\n <td> Venhoda K. <br> S. Zaugg<\/td>\r\n <td> 4-3-3-2-3<\/td>\r\n <td> <b>11<\/b><\/td>\r\n<\/tr>\r\n<tr>\r\n <td> 4.<br>SUI<\/td>\r\n \r\n <td>R. Baumgartner <br> Sch\u00e4rer<\/td>\r\n <td> 3-2-4-7-6<\/td>\r\n <td> <b>15<\/b><\/td>\r\n<\/tr>\r\n<tr>\r\n <td> 5.<br>SUI<\/td>\r\n \r\n <td> L. Markwalder <br> Frey<\/td>\r\n <td> 6-7-6-4-5<\/td>\r\n <td> <b>21<\/b><\/td>\r\n<\/tr>\r\n\r\n<tr>\r\n <td> 6.<br>SUI<\/td>\r\n \r\n<td> D\u00fcscher <br> Venhoda T.<\/td>\r\n <td> 10-9-10-5-2<\/td>\r\n <td> <b>26<\/b><\/td>\r\n<\/tr>\r\n\r\n<tr>\r\n <td> 7.<br>SUI<\/td>\r\n \r\n  <td> M. Erne <br> S. K\u00f6hler<\/td>\r\n <td> 9-5-5-8-8<\/td>\r\n <td> <b>26<\/b><\/td>\r\n<\/tr>\r\n\r\n<tr>\r\n <td> 8.<br>SUI<\/td>\r\n\r\n <td> Ramon <br> Nolle<\/td>\r\n <td> 8-6-8-6-9<\/td>\r\n <td> <b>28<\/b><\/td>\r\n<\/tr>\r\n<tr>\r\n <td> 9.<br>SUI<\/td>\r\n \r\n <td> Liechti K. <br> G. Ernst<\/td>\r\n <td> 7-10-7-9-7<\/td>\r\n <td> <b>30<\/b><\/td>\r\n<\/tr>\r\n<tr>\r\n <td> 10.<br>SUI<\/td>\r\n \r\n <td> M. Venhoda <br> M. Liechti<\/td>\r\n <td> 5-11-12-10-13<\/td>\r\n <td> <b>38<\/b><\/td>\r\n<\/tr>\r\n\r\n<tr>\r\n <td> 11.<br>SUI<\/td>\r\n \r\n <td> Giovanoli <br> S. Giovanoli<\/td>\r\n <td> dnc-8-15-16-10<\/td>\r\n <td> <b>49<\/b><\/td>\r\n<\/tr>\r\n<tr>\r\n <td> 12.<br>SUI<\/td>\r\n \r\n <td> Landerer R. <br> F. Aubert<\/td>\r\n <td> 12-15-11-14-12<\/td>\r\n <td> <b>49<\/b><\/td>\r\n<\/tr>\r\n\r\n<tr>\r\n <td> 13.<br>SUI<\/td>\r\n \r\n <td> F. Kramer <br> Sauer<\/td>\r\n <td> 11-16-14-11-dnc<\/td>\r\n <td> <b>52<\/b><\/td>\r\n<\/tr>\r\n<tr>\r\n <td> 14.<br>SUI<\/td>\r\n\r\n <td> C. Spaccapaniccia <br>Horvath<\/td>\r\n <td> 15-17-9-12-dnc<\/td>\r\n <td> <b>53<\/b><\/td>\r\n<\/tr>\r\n\r\n<td> 15.<br>SUI<\/td>\r\n\r\n <td> H. Schneibel <br>Fl\u00fcck<\/td>\r\n <td> 15-17-9-12-dnc<\/td>\r\n <td> <b>54<\/b><\/td>\r\n<\/tr>\r\n\r\n<tr>\r\n <td> 16.<br>SUI<\/td>\r\n\r\n <td> Meinl <br> Haueter<\/td>\r\n <td> 17-13-17-15-11<\/td>\r\n <td> <b>56<\/b><\/td>\r\n<\/tr>\r\n\r\n<tr>\r\n <td> 17.<br>SUI<\/td>\r\n\r\n <td> L. Brugger <br> Bredenbals<\/td>\r\n <td> 13-12-dnc-dnc-dnc<\/td>\r\n <td> <b>63<\/b><\/td>\r\n<\/tr>\r\n\r\n<tr>\r\n <td> 18.<br>SUI<\/td>\r\n\r\n <td> E. Landerer <br> J. Giesler<\/td>\r\n <td> 16-18-16-dnc-dnc<\/td>\r\n <td> <b>69<\/b><\/td>\r\n<\/tr>\r\n\r\n<\/table>\t\t\t\t<\/div>\n\t\t\t\t<\/div>\n\t\t\t\t<div class=\"elementor-element elementor-element-87c97aa elementor-widget elementor-widget-text-editor\" data-id=\"87c97aa\" data-element_type=\"widget\" data-widget_type=\"text-editor.default\">\n\t\t\t\t<div class=\"elementor-widget-container\">\n\t\t\t\t\t\t\t\t\t<p style=\"text-align: center;\"><a href=\"#\">zur\u00fcck<\/a><\/p>\t\t\t\t\t\t\t\t<\/div>\n\t\t\t\t<\/div>\n\t\t\t\t\t<\/div>\n\t\t<\/div>\n\t\t\t\t\t<\/div>\n\t\t<\/section>\n\t\t\t\t<\/div>\n\t\t","protected":false},"excerpt":{"rendered":"<p>Swiss Cup Mammern, 29.\/30. April 2023 Mit 18 Teams auf der Startlinie war der Saisonauftakt gut besucht. Wetter und Wind spielten auch gut mit: 5 L\u00e4ufe die Ausbeute. Es war Mammern in gewohnt guter Manier. Da zu dieser Regatte auch 40 Finns angemeldet waren, war mit hohem Verkehrsaufkommen, sowohl an Land wie auf dem Wasser [&hellip;]<\/p>\n","protected":false},"author":3,"featured_media":0,"parent":555,"menu_order":71,"comment_status":"closed","ping_status":"closed","template":"","meta":{"site-sidebar-layout":"no-sidebar","site-content-layout":"page-builder","ast-site-content-layout":"default","site-content-style":"default","site-sidebar-style":"default","ast-global-header-display":"","ast-banner-title-visibility":"","ast-main-header-display":"","ast-hfb-above-header-display":"","ast-hfb-below-header-display":"","ast-hfb-mobile-header-display":"","site-post-title":"disabled","ast-breadcrumbs-content":"","ast-featured-img":"disabled","footer-sml-layout":"","theme-transparent-header-meta":"default","adv-header-id-meta":"","stick-header-meta":"","header-above-stick-meta":"","header-main-stick-meta":"","header-below-stick-meta":"","astra-migrate-meta-layouts":"default","ast-page-background-enabled":"default","ast-page-background-meta":{"desktop":{"background-color":"var(--ast-global-color-4)","background-image":"","background-repeat":"repeat","background-position":"center center","background-size":"auto","background-attachment":"scroll","background-type":"","background-media":"","overlay-type":"","overlay-color":"","overlay-opacity":"","overlay-gradient":""},"tablet":{"background-color":"","background-image":"","background-repeat":"repeat","background-position":"center center","background-size":"auto","background-attachment":"scroll","background-type":"","background-media":"","overlay-type":"","overlay-color":"","overlay-opacity":"","overlay-gradient":""},"mobile":{"background-color":"","background-image":"","background-repeat":"repeat","background-position":"center center","background-size":"auto","background-attachment":"scroll","background-type":"","background-media":"","overlay-type":"","overlay-color":"","overlay-opacity":"","overlay-gradient":""}},"ast-content-background-meta":{"desktop":{"background-color":"var(--ast-global-color-5)","background-image":"","background-repeat":"repeat","background-position":"center center","background-size":"auto","background-attachment":"scroll","background-type":"","background-media":"","overlay-type":"","overlay-color":"","overlay-opacity":"","overlay-gradient":""},"tablet":{"background-color":"var(--ast-global-color-5)","background-image":"","background-repeat":"repeat","background-position":"center center","background-size":"auto","background-attachment":"scroll","background-type":"","background-media":"","overlay-type":"","overlay-color":"","overlay-opacity":"","overlay-gradient":""},"mobile":{"background-color":"var(--ast-global-color-5)","background-image":"","background-repeat":"repeat","background-position":"center center","background-size":"auto","background-attachment":"scroll","background-type":"","background-media":"","overlay-type":"","overlay-color":"","overlay-opacity":"","overlay-gradient":""}},"footnotes":""},"class_list":["post-12783","page","type-page","status-publish","hentry"],"yoast_head":"<!-- This site is optimized with the Yoast SEO plugin v27.5 - https:\/\/yoast.com\/product\/yoast-seo-wordpress\/ -->\r\n<title>Mammern 2023 -<\/title>\r\n<meta name=\"robots\" content=\"index, follow, max-snippet:-1, max-image-preview:large, max-video-preview:-1\" \/>\r\n<link rel=\"canonical\" href=\"https:\/\/fireball.ch\/index.php\/regatta\/resultate-und-berichte\/mammern-2023\/\" \/>\r\n<meta property=\"og:locale\" content=\"de_DE\" \/>\r\n<meta property=\"og:type\" content=\"article\" \/>\r\n<meta property=\"og:title\" content=\"Mammern 2023 -\" \/>\r\n<meta property=\"og:description\" content=\"Swiss Cup Mammern, 29.\/30. April 2023 Mit 18 Teams auf der Startlinie war der Saisonauftakt gut besucht. Wetter und Wind spielten auch gut mit: 5 L\u00e4ufe die Ausbeute. Es war Mammern in gewohnt guter Manier. Da zu dieser Regatte auch 40 Finns angemeldet waren, war mit hohem Verkehrsaufkommen, sowohl an Land wie auf dem Wasser [&hellip;]\" \/>\r\n<meta property=\"og:url\" content=\"https:\/\/fireball.ch\/index.php\/regatta\/resultate-und-berichte\/mammern-2023\/\" \/>\r\n<meta property=\"article:modified_time\" content=\"2023-05-02T14:00:53+00:00\" \/>\r\n<meta property=\"og:image\" content=\"https:\/\/fireball.ch\/wp-content\/uploads\/2021\/04\/Bericht-2048x292.png\" \/>\r\n<meta name=\"twitter:card\" content=\"summary_large_image\" \/>\r\n<meta name=\"twitter:label1\" content=\"Gesch\u00e4tzte Lesezeit\" \/>\n\t<meta name=\"twitter:data1\" content=\"4\u00a0Minuten\" \/>\r\n<script type=\"application\/ld+json\" class=\"yoast-schema-graph\">{\"@context\":\"https:\\\/\\\/schema.org\",\"@graph\":[{\"@type\":\"WebPage\",\"@id\":\"https:\\\/\\\/fireball.ch\\\/index.php\\\/regatta\\\/resultate-und-berichte\\\/mammern-2023\\\/\",\"url\":\"https:\\\/\\\/fireball.ch\\\/index.php\\\/regatta\\\/resultate-und-berichte\\\/mammern-2023\\\/\",\"name\":\"Mammern 2023 -\",\"isPartOf\":{\"@id\":\"https:\\\/\\\/fireball.ch\\\/#website\"},\"primaryImageOfPage\":{\"@id\":\"https:\\\/\\\/fireball.ch\\\/index.php\\\/regatta\\\/resultate-und-berichte\\\/mammern-2023\\\/#primaryimage\"},\"image\":{\"@id\":\"https:\\\/\\\/fireball.ch\\\/index.php\\\/regatta\\\/resultate-und-berichte\\\/mammern-2023\\\/#primaryimage\"},\"thumbnailUrl\":\"https:\\\/\\\/fireball.ch\\\/wp-content\\\/uploads\\\/2021\\\/04\\\/Bericht-2048x292.png\",\"datePublished\":\"2023-04-30T20:37:43+00:00\",\"dateModified\":\"2023-05-02T14:00:53+00:00\",\"breadcrumb\":{\"@id\":\"https:\\\/\\\/fireball.ch\\\/index.php\\\/regatta\\\/resultate-und-berichte\\\/mammern-2023\\\/#breadcrumb\"},\"inLanguage\":\"de\",\"potentialAction\":[{\"@type\":\"ReadAction\",\"target\":[\"https:\\\/\\\/fireball.ch\\\/index.php\\\/regatta\\\/resultate-und-berichte\\\/mammern-2023\\\/\"]}]},{\"@type\":\"ImageObject\",\"inLanguage\":\"de\",\"@id\":\"https:\\\/\\\/fireball.ch\\\/index.php\\\/regatta\\\/resultate-und-berichte\\\/mammern-2023\\\/#primaryimage\",\"url\":\"https:\\\/\\\/fireball.ch\\\/wp-content\\\/uploads\\\/2021\\\/04\\\/Bericht.png\",\"contentUrl\":\"https:\\\/\\\/fireball.ch\\\/wp-content\\\/uploads\\\/2021\\\/04\\\/Bericht.png\",\"width\":2845,\"height\":405},{\"@type\":\"BreadcrumbList\",\"@id\":\"https:\\\/\\\/fireball.ch\\\/index.php\\\/regatta\\\/resultate-und-berichte\\\/mammern-2023\\\/#breadcrumb\",\"itemListElement\":[{\"@type\":\"ListItem\",\"position\":1,\"name\":\"Startseite\",\"item\":\"https:\\\/\\\/fireball.ch\\\/\"},{\"@type\":\"ListItem\",\"position\":2,\"name\":\"Regatta\",\"item\":\"https:\\\/\\\/fireball.ch\\\/index.php\\\/regatta\\\/\"},{\"@type\":\"ListItem\",\"position\":3,\"name\":\"Resultate und Berichte\",\"item\":\"https:\\\/\\\/fireball.ch\\\/index.php\\\/regatta\\\/resultate-und-berichte\\\/\"},{\"@type\":\"ListItem\",\"position\":4,\"name\":\"Mammern 2023\"}]},{\"@type\":\"WebSite\",\"@id\":\"https:\\\/\\\/fireball.ch\\\/#website\",\"url\":\"https:\\\/\\\/fireball.ch\\\/\",\"name\":\"Swiss Fireball\",\"description\":\"\",\"publisher\":{\"@id\":\"https:\\\/\\\/fireball.ch\\\/#organization\"},\"potentialAction\":[{\"@type\":\"SearchAction\",\"target\":{\"@type\":\"EntryPoint\",\"urlTemplate\":\"https:\\\/\\\/fireball.ch\\\/?s={search_term_string}\"},\"query-input\":{\"@type\":\"PropertyValueSpecification\",\"valueRequired\":true,\"valueName\":\"search_term_string\"}}],\"inLanguage\":\"de\"},{\"@type\":\"Organization\",\"@id\":\"https:\\\/\\\/fireball.ch\\\/#organization\",\"name\":\"Swiss Fireball\",\"url\":\"https:\\\/\\\/fireball.ch\\\/\",\"logo\":{\"@type\":\"ImageObject\",\"inLanguage\":\"de\",\"@id\":\"https:\\\/\\\/fireball.ch\\\/#\\\/schema\\\/logo\\\/image\\\/\",\"url\":\"https:\\\/\\\/fireball.ch\\\/wp-content\\\/uploads\\\/2021\\\/01\\\/cropped-logo_fireball.png\",\"contentUrl\":\"https:\\\/\\\/fireball.ch\\\/wp-content\\\/uploads\\\/2021\\\/01\\\/cropped-logo_fireball.png\",\"width\":220,\"height\":59,\"caption\":\"Swiss Fireball\"},\"image\":{\"@id\":\"https:\\\/\\\/fireball.ch\\\/#\\\/schema\\\/logo\\\/image\\\/\"}}]}<\/script>\r\n<!-- \/ Yoast SEO plugin. -->","yoast_head_json":{"title":"Mammern 2023 -","robots":{"index":"index","follow":"follow","max-snippet":"max-snippet:-1","max-image-preview":"max-image-preview:large","max-video-preview":"max-video-preview:-1"},"canonical":"https:\/\/fireball.ch\/index.php\/regatta\/resultate-und-berichte\/mammern-2023\/","og_locale":"de_DE","og_type":"article","og_title":"Mammern 2023 -","og_description":"Swiss Cup Mammern, 29.\/30. April 2023 Mit 18 Teams auf der Startlinie war der Saisonauftakt gut besucht. Wetter und Wind spielten auch gut mit: 5 L\u00e4ufe die Ausbeute. Es war Mammern in gewohnt guter Manier. Da zu dieser Regatte auch 40 Finns angemeldet waren, war mit hohem Verkehrsaufkommen, sowohl an Land wie auf dem Wasser [&hellip;]","og_url":"https:\/\/fireball.ch\/index.php\/regatta\/resultate-und-berichte\/mammern-2023\/","article_modified_time":"2023-05-02T14:00:53+00:00","og_image":[{"url":"https:\/\/fireball.ch\/wp-content\/uploads\/2021\/04\/Bericht-2048x292.png","type":"","width":"","height":""}],"twitter_card":"summary_large_image","twitter_misc":{"Gesch\u00e4tzte Lesezeit":"4\u00a0Minuten"},"schema":{"@context":"https:\/\/schema.org","@graph":[{"@type":"WebPage","@id":"https:\/\/fireball.ch\/index.php\/regatta\/resultate-und-berichte\/mammern-2023\/","url":"https:\/\/fireball.ch\/index.php\/regatta\/resultate-und-berichte\/mammern-2023\/","name":"Mammern 2023 -","isPartOf":{"@id":"https:\/\/fireball.ch\/#website"},"primaryImageOfPage":{"@id":"https:\/\/fireball.ch\/index.php\/regatta\/resultate-und-berichte\/mammern-2023\/#primaryimage"},"image":{"@id":"https:\/\/fireball.ch\/index.php\/regatta\/resultate-und-berichte\/mammern-2023\/#primaryimage"},"thumbnailUrl":"https:\/\/fireball.ch\/wp-content\/uploads\/2021\/04\/Bericht-2048x292.png","datePublished":"2023-04-30T20:37:43+00:00","dateModified":"2023-05-02T14:00:53+00:00","breadcrumb":{"@id":"https:\/\/fireball.ch\/index.php\/regatta\/resultate-und-berichte\/mammern-2023\/#breadcrumb"},"inLanguage":"de","potentialAction":[{"@type":"ReadAction","target":["https:\/\/fireball.ch\/index.php\/regatta\/resultate-und-berichte\/mammern-2023\/"]}]},{"@type":"ImageObject","inLanguage":"de","@id":"https:\/\/fireball.ch\/index.php\/regatta\/resultate-und-berichte\/mammern-2023\/#primaryimage","url":"https:\/\/fireball.ch\/wp-content\/uploads\/2021\/04\/Bericht.png","contentUrl":"https:\/\/fireball.ch\/wp-content\/uploads\/2021\/04\/Bericht.png","width":2845,"height":405},{"@type":"BreadcrumbList","@id":"https:\/\/fireball.ch\/index.php\/regatta\/resultate-und-berichte\/mammern-2023\/#breadcrumb","itemListElement":[{"@type":"ListItem","position":1,"name":"Startseite","item":"https:\/\/fireball.ch\/"},{"@type":"ListItem","position":2,"name":"Regatta","item":"https:\/\/fireball.ch\/index.php\/regatta\/"},{"@type":"ListItem","position":3,"name":"Resultate und Berichte","item":"https:\/\/fireball.ch\/index.php\/regatta\/resultate-und-berichte\/"},{"@type":"ListItem","position":4,"name":"Mammern 2023"}]},{"@type":"WebSite","@id":"https:\/\/fireball.ch\/#website","url":"https:\/\/fireball.ch\/","name":"Swiss Fireball","description":"","publisher":{"@id":"https:\/\/fireball.ch\/#organization"},"potentialAction":[{"@type":"SearchAction","target":{"@type":"EntryPoint","urlTemplate":"https:\/\/fireball.ch\/?s={search_term_string}"},"query-input":{"@type":"PropertyValueSpecification","valueRequired":true,"valueName":"search_term_string"}}],"inLanguage":"de"},{"@type":"Organization","@id":"https:\/\/fireball.ch\/#organization","name":"Swiss Fireball","url":"https:\/\/fireball.ch\/","logo":{"@type":"ImageObject","inLanguage":"de","@id":"https:\/\/fireball.ch\/#\/schema\/logo\/image\/","url":"https:\/\/fireball.ch\/wp-content\/uploads\/2021\/01\/cropped-logo_fireball.png","contentUrl":"https:\/\/fireball.ch\/wp-content\/uploads\/2021\/01\/cropped-logo_fireball.png","width":220,"height":59,"caption":"Swiss Fireball"},"image":{"@id":"https:\/\/fireball.ch\/#\/schema\/logo\/image\/"}}]}},"_links":{"self":[{"href":"https:\/\/fireball.ch\/index.php\/wp-json\/wp\/v2\/pages\/12783","targetHints":{"allow":["GET"]}}],"collection":[{"href":"https:\/\/fireball.ch\/index.php\/wp-json\/wp\/v2\/pages"}],"about":[{"href":"https:\/\/fireball.ch\/index.php\/wp-json\/wp\/v2\/types\/page"}],"author":[{"embeddable":true,"href":"https:\/\/fireball.ch\/index.php\/wp-json\/wp\/v2\/users\/3"}],"replies":[{"embeddable":true,"href":"https:\/\/fireball.ch\/index.php\/wp-json\/wp\/v2\/comments?post=12783"}],"version-history":[{"count":38,"href":"https:\/\/fireball.ch\/index.php\/wp-json\/wp\/v2\/pages\/12783\/revisions"}],"predecessor-version":[{"id":12851,"href":"https:\/\/fireball.ch\/index.php\/wp-json\/wp\/v2\/pages\/12783\/revisions\/12851"}],"up":[{"embeddable":true,"href":"https:\/\/fireball.ch\/index.php\/wp-json\/wp\/v2\/pages\/555"}],"wp:attachment":[{"href":"https:\/\/fireball.ch\/index.php\/wp-json\/wp\/v2\/media?parent=12783"}],"curies":[{"name":"wp","href":"https:\/\/api.w.org\/{rel}","templated":true}]}}