{"id":11796,"date":"2022-09-04T20:30:24","date_gmt":"2022-09-04T20:30:35","guid":{"rendered":"https:\/\/fireball.ch\/?page_id=11796"},"modified":"2022-09-27T19:41:15","modified_gmt":"2022-09-27T19:41:15","slug":"ita-nationals-2022","status":"publish","type":"page","link":"https:\/\/fireball.ch\/index.php\/regatta\/resultate-und-berichte\/ita-nationals-2022\/","title":{"rendered":"2022 ITA Nationals Rio Marina"},"content":{"rendered":"\t\t<div data-elementor-type=\"wp-page\" data-elementor-id=\"11796\" class=\"elementor elementor-11796\" data-elementor-post-type=\"page\">\n\t\t\t\t\t\t<section class=\"elementor-section elementor-top-section elementor-element elementor-element-f09bb20 elementor-section-full_width elementor-section-stretched elementor-section-height-default elementor-section-height-default\" data-id=\"f09bb20\" data-element_type=\"section\" data-settings=\"{&quot;stretch_section&quot;:&quot;section-stretched&quot;}\">\n\t\t\t\t\t\t<div class=\"elementor-container elementor-column-gap-default\">\n\t\t\t\t\t<div class=\"elementor-column elementor-col-100 elementor-top-column elementor-element elementor-element-1d86ee4\" data-id=\"1d86ee4\" data-element_type=\"column\">\n\t\t\t<div class=\"elementor-widget-wrap elementor-element-populated\">\n\t\t\t\t\t\t<div class=\"elementor-element elementor-element-337827b elementor-widget elementor-widget-image\" data-id=\"337827b\" data-element_type=\"widget\" data-widget_type=\"image.default\">\n\t\t\t\t<div class=\"elementor-widget-container\">\n\t\t\t\t\t\t\t\t\t\t\t\t\t\t\t<img fetchpriority=\"high\" decoding=\"async\" width=\"2048\" height=\"292\" src=\"https:\/\/fireball.ch\/wp-content\/uploads\/2021\/04\/Bericht-2048x292.png\" class=\"attachment-2048x2048 size-2048x2048 wp-image-7535\" alt=\"\" srcset=\"https:\/\/fireball.ch\/wp-content\/uploads\/2021\/04\/Bericht-2048x292.png 2048w, https:\/\/fireball.ch\/wp-content\/uploads\/2021\/04\/Bericht-300x43.png 300w, https:\/\/fireball.ch\/wp-content\/uploads\/2021\/04\/Bericht-1024x146.png 1024w, https:\/\/fireball.ch\/wp-content\/uploads\/2021\/04\/Bericht-768x109.png 768w, https:\/\/fireball.ch\/wp-content\/uploads\/2021\/04\/Bericht-1536x219.png 1536w\" sizes=\"(max-width: 2048px) 100vw, 2048px\" \/>\t\t\t\t\t\t\t\t\t\t\t\t\t\t\t<\/div>\n\t\t\t\t<\/div>\n\t\t\t\t\t<\/div>\n\t\t<\/div>\n\t\t\t\t\t<\/div>\n\t\t<\/section>\n\t\t\t\t<section class=\"elementor-section elementor-top-section elementor-element elementor-element-218a22d elementor-section-boxed elementor-section-height-default elementor-section-height-default\" data-id=\"218a22d\" data-element_type=\"section\">\n\t\t\t\t\t\t<div class=\"elementor-container elementor-column-gap-default\">\n\t\t\t\t\t<div class=\"elementor-column elementor-col-100 elementor-top-column elementor-element elementor-element-e88c154\" data-id=\"e88c154\" data-element_type=\"column\">\n\t\t\t<div class=\"elementor-widget-wrap elementor-element-populated\">\n\t\t\t\t\t\t<div class=\"elementor-element elementor-element-7250e78 elementor-widget elementor-widget-spacer\" data-id=\"7250e78\" data-element_type=\"widget\" data-widget_type=\"spacer.default\">\n\t\t\t\t<div class=\"elementor-widget-container\">\n\t\t\t\t\t\t\t<div class=\"elementor-spacer\">\n\t\t\t<div class=\"elementor-spacer-inner\"><\/div>\n\t\t<\/div>\n\t\t\t\t\t\t<\/div>\n\t\t\t\t<\/div>\n\t\t\t\t\t<\/div>\n\t\t<\/div>\n\t\t\t\t\t<\/div>\n\t\t<\/section>\n\t\t\t\t<section class=\"elementor-section elementor-top-section elementor-element elementor-element-36e1b65 elementor-section-boxed elementor-section-height-default elementor-section-height-default\" data-id=\"36e1b65\" data-element_type=\"section\">\n\t\t\t\t\t\t<div class=\"elementor-container elementor-column-gap-default\">\n\t\t\t\t\t<div class=\"elementor-column elementor-col-100 elementor-top-column elementor-element elementor-element-85a2a1c\" data-id=\"85a2a1c\" data-element_type=\"column\">\n\t\t\t<div class=\"elementor-widget-wrap elementor-element-populated\">\n\t\t\t\t\t\t<div class=\"elementor-element elementor-element-dce2f0d elementor-widget elementor-widget-heading\" data-id=\"dce2f0d\" data-element_type=\"widget\" data-widget_type=\"heading.default\">\n\t\t\t\t<div class=\"elementor-widget-container\">\n\t\t\t\t\t<h3 class=\"elementor-heading-title elementor-size-default\">ITA Nationals Rio Marina \/ Elba, 23. - 25. September 2022<\/h3>\t\t\t\t<\/div>\n\t\t\t\t<\/div>\n\t\t\t\t\t<\/div>\n\t\t<\/div>\n\t\t\t\t\t<\/div>\n\t\t<\/section>\n\t\t\t\t<section class=\"elementor-section elementor-top-section elementor-element elementor-element-0c419cc elementor-section-boxed elementor-section-height-default elementor-section-height-default\" data-id=\"0c419cc\" data-element_type=\"section\">\n\t\t\t\t\t\t<div class=\"elementor-container elementor-column-gap-default\">\n\t\t\t\t\t<div class=\"elementor-column elementor-col-100 elementor-top-column elementor-element elementor-element-53bbc9a\" data-id=\"53bbc9a\" data-element_type=\"column\">\n\t\t\t<div class=\"elementor-widget-wrap elementor-element-populated\">\n\t\t\t\t\t\t<div class=\"elementor-element elementor-element-c959b52 elementor-widget elementor-widget-text-editor\" data-id=\"c959b52\" data-element_type=\"widget\" data-widget_type=\"text-editor.default\">\n\t\t\t\t<div class=\"elementor-widget-container\">\n\t\t\t\t\t\t\t\t\t<p><strong><em>19 Teams am Start. 3 SUI. Von null bis Sturm &#8211; alles dabei. Und ITA Ambiente. Stefanini\/Borzani gewinnen, Ch. H\u00e4rdi\/Landerer C. werden Dritte.<\/em><\/strong><\/p>\t\t\t\t\t\t\t\t<\/div>\n\t\t\t\t<\/div>\n\t\t\t\t\t<\/div>\n\t\t<\/div>\n\t\t\t\t\t<\/div>\n\t\t<\/section>\n\t\t\t\t<section class=\"elementor-section elementor-top-section elementor-element elementor-element-173cf4b elementor-section-boxed elementor-section-height-default elementor-section-height-default\" data-id=\"173cf4b\" data-element_type=\"section\">\n\t\t\t\t\t\t<div class=\"elementor-container elementor-column-gap-default\">\n\t\t\t\t\t<div class=\"elementor-column elementor-col-100 elementor-top-column elementor-element elementor-element-bcd780a\" data-id=\"bcd780a\" data-element_type=\"column\">\n\t\t\t<div class=\"elementor-widget-wrap elementor-element-populated\">\n\t\t\t\t\t\t<div class=\"elementor-element elementor-element-b5bc6e5 elementor-widget elementor-widget-text-editor\" data-id=\"b5bc6e5\" data-element_type=\"widget\" data-widget_type=\"text-editor.default\">\n\t\t\t\t<div class=\"elementor-widget-container\">\n\t\t\t\t\t\t\t\t\t<p>Freitag Morgen um 10:00 standen 19 Fireballs im Hafen bereit, davon 3 SUI, die schon am Vortag am Mittag angekommen waren. Leider wurde gleich eine Startverschiebung versprochen, da die Aussichten auf Wind allenfalls f\u00fcr den sp\u00e4teren Nachmittag vorausgesagt wurden. Tats\u00e4chlich lief die Flotte etwa um 15:00 unter Spi Richtung Norden aus. Bei Ankunft beim Startschiff hatte sich das L\u00fcftchen dann aber ersch\u00f6pft. D\u00fcmpeln und Baden war angesagt, bis dann alle gemeinsam wieder heimgeschleppt wurden.<\/p><p>Am Samstag dann eine ganz andere Szenerie: bedeckter Himmel, \u00fcber 20kn Wind aus S\u00fcdost und hohe Wellen t\u00fcrmten sich vor dem Hafen. Nach langem Z\u00f6gern liess uns das Komitee auslaufen, und nach weiteren 2 Stunden und abflauendem Wind von S\u00fcden wurde endlich gestartet. Mitte 1. Kreuz frischte es dann wieder auf und viele absolvierten Dreieck, Banane, Dreieck massiv \u00fcberpowert und mit einigen Kenterungen. Im 2. Lauf blies es dann konstant mit 22 bis 25kn, im korrekten Rake war das nun ein herrliches Segel-Vergn\u00fcgen. Ein 3. Lauf wurde dann aber aufgrund des nun massiv zunehmenden Windes abgebrochen. Die stark verkleinerte Flotte wurde nach Hause geschickt. Ein Mastbruch, ein Ruderschaden und ein Loch in der Schale zeugten von den Gewalten draussen.<\/p><p>Trotz letzter Startm\u00f6glichkeit um 12:00 lag die Hoffnung nun auf dem Sonntag. Wiederum etwas verz\u00f6gert erfolgte der Start in starker D\u00fchnung die vom Gewell des heute ganz zahmen S\u00fcdostwinds (8 bis 12kn) \u00fcberlagert wurde. Das Feld blieb kompakter und es kam zu unsanften Begegnungen und entsprechend auch einigen Protesten. Viele Italiener reisten infolge des Wahlsonntags bereits vor der Preisverteilung ab. Dennoch wurden die Sieger Stefanini\/Borzani lautstark beklatscht. Ein grosser Applaus galt aber auch dem gastfreundlichen Club, der neben der t\u00e4glichen Pasta nach dem Einlaufen am Samstag auch ein grossartiges Dreigang-Menu aus der Mini-K\u00fcche im Club zauberte. Wir Schweizer waren begeistert von der herzlichen Aufnahme durch den immer pr\u00e4senten, herzlichen Pr\u00e4sidenten Corrado und seiner Crew vom Centro Velico Elbano und freuen uns auf das n\u00e4chste Mal Elba.<\/p><p>\u00a0<\/p><table width=\"607\"><tbody><tr><td width=\"39\">1<\/td><td width=\"37\">ITA<\/td><td width=\"50\">14895<\/td><td width=\"299\">Stefanini Luca, Borzani Stefano<\/td><td width=\"42\"><strong>4<\/strong><\/td><td width=\"35\">1<\/td><td width=\"35\">2<\/td><td width=\"35\">1<\/td><td width=\"35\">(dsq)<\/td><\/tr><tr><td>2<\/td><td>ITA<\/td><td>14986<\/td><td>Zorzi Carlo, Bordon Mattia<\/td><td><strong>6<\/strong><\/td><td>2<\/td><td>1<\/td><td>(3)<\/td><td>3<\/td><\/tr><tr><td>3<\/td><td>SUI<\/td><td>14859<\/td><td>Haerdi Cristina, Landerer Cedric<\/td><td><strong>9<\/strong><\/td><td>(8)<\/td><td>3<\/td><td>4<\/td><td>2<\/td><\/tr><tr><td>4<\/td><td>ITA<\/td><td>15054<\/td><td>Palermi Fabio, Curcio Adriana<\/td><td><strong>10<\/strong><\/td><td>4<\/td><td>(7)<\/td><td>5<\/td><td>1<\/td><\/tr><tr><td>5<\/td><td>SUI<\/td><td>14987<\/td><td>Landerer Ralph, K\u00f6hler Simone<\/td><td><strong>18<\/strong><\/td><td>5<\/td><td>4<\/td><td>(nsc)<\/td><td>9<\/td><\/tr><tr><td>6<\/td><td>ITA<\/td><td>14670<\/td><td>Maero Alberto, Maero Marco<\/td><td><strong>18<\/strong><\/td><td>6<\/td><td>(dns)<\/td><td>6<\/td><td>6<\/td><\/tr><tr><td>7<\/td><td>ITA<\/td><td>14246<\/td><td>Mori Federico, Rosato Giorgio<\/td><td><strong>20<\/strong><\/td><td>10<\/td><td>5<\/td><td>(nsc)<\/td><td>5<\/td><\/tr><tr><td>8<\/td><td>ITA<\/td><td>14380<\/td><td>Emprim Gastone, Cocuzza Tommaso<\/td><td><strong>24<\/strong><\/td><td>7<\/td><td>6<\/td><td>11<\/td><td>(bfd)<\/td><\/tr><tr><td>9<\/td><td>ITA<\/td><td>15057<\/td><td>Minoni Andrea, Gillone Beatrice<\/td><td><strong>27<\/strong><\/td><td>(dns)<\/td><td>dns<\/td><td>2<\/td><td>4<\/td><\/tr><tr><td>10<\/td><td>SUI<\/td><td>14921<\/td><td>Suter Maja, Thomas Boehm<\/td><td><strong>28<\/strong><\/td><td>9<\/td><td>9.<\/td><td>(nsc)<\/td><td>10<\/td><\/tr><tr><td>11<\/td><td>ITA<\/td><td>13119<\/td><td>Tentoni Alberto, Cocuzza Irene<\/td><td><strong>31<\/strong><\/td><td>(11)<\/td><td>11<\/td><td>9<\/td><td>11<\/td><\/tr><tr><td>12<\/td><td>ITA<\/td><td>14919<\/td><td>Dagnino Giovanni, Cocuzza Umberto<\/td><td><strong>32<\/strong><\/td><td>3<\/td><td>8<\/td><td>(nsc)<\/td><td>\u00a0 dsq<\/td><\/tr><tr><td>13<\/td><td>ITA<\/td><td>14541<\/td><td>Fiore Giacomo, Dellacasa Jacopo<\/td><td><strong>36<\/strong><\/td><td>(dns)<\/td><td>dns<\/td><td>7<\/td><td>8<\/td><\/tr><tr><td>14<\/td><td>ITA<\/td><td>14491<\/td><td>Monosilio Maria Letizia, Ganimede Francesco<\/td><td><strong>49<\/strong><\/td><td>(dns)<\/td><td>dns<\/td><td>nsc<\/td><td>7<\/td><\/tr><tr><td>15<\/td><td>ITA<\/td><td>14715<\/td><td>Mileto Edoardo, Bevilacqua Matteo<\/td><td><strong>50<\/strong><\/td><td>(dns)<\/td><td>dns<\/td><td>8<\/td><td>ret<\/td><\/tr><tr><td>16<\/td><td>ITA<\/td><td>14762<\/td><td>Pecchenino Stefano, Rondelli Lorenzo<\/td><td><strong>52<\/strong><\/td><td>(dns)<\/td><td>dns<\/td><td>10<\/td><td>dsq<\/td><\/tr><tr><td>17<\/td><td>ITA<\/td><td>14858<\/td><td>Colapietro De Maria Dani, Tonelli Angelo<\/td><td><strong>52<\/strong><\/td><td>(dns)<\/td><td>dns<\/td><td>dns<\/td><td>dns<\/td><\/tr><tr><td>18<\/td><td>FRA<\/td><td>14123<\/td><td>Hemandez Esteban<\/td><td><strong>63<\/strong><\/td><td>(dns)<\/td><td>dns<\/td><td>dns<\/td><td>dns<\/td><\/tr><tr><td>18<\/td><td>ITA<\/td><td>14856<\/td><td>Dinale Massimo, Campo Erik<\/td><td><strong>63<\/strong><\/td><td>(dns)<\/td><td>dns<\/td><td>dns<\/td><td>dns<\/td><\/tr><tr><td>18<\/td><td>ITA<\/td><td>14998<\/td><td>Manzi Luca Maria, Annese Alfredo<\/td><td><strong>63<\/strong><\/td><td>(dns)<\/td><td>dns<\/td><td>dns<\/td><td>dns<\/td><\/tr><\/tbody><\/table>\t\t\t\t\t\t\t\t<\/div>\n\t\t\t\t<\/div>\n\t\t\t\t\t<\/div>\n\t\t<\/div>\n\t\t\t\t\t<\/div>\n\t\t<\/section>\n\t\t\t\t<section class=\"elementor-section elementor-top-section elementor-element elementor-element-1bfc96c elementor-section-boxed elementor-section-height-default elementor-section-height-default\" data-id=\"1bfc96c\" data-element_type=\"section\">\n\t\t\t\t\t\t<div class=\"elementor-container elementor-column-gap-default\">\n\t\t\t\t\t<div class=\"elementor-column elementor-col-100 elementor-top-column elementor-element elementor-element-cc24936\" data-id=\"cc24936\" data-element_type=\"column\">\n\t\t\t<div class=\"elementor-widget-wrap elementor-element-populated\">\n\t\t\t\t\t\t<div class=\"elementor-element elementor-element-87c97aa elementor-widget elementor-widget-text-editor\" data-id=\"87c97aa\" data-element_type=\"widget\" data-widget_type=\"text-editor.default\">\n\t\t\t\t<div class=\"elementor-widget-container\">\n\t\t\t\t\t\t\t\t\t<p style=\"text-align: center;\"><a href=\"#\">zur\u00fcck<\/a><\/p>\t\t\t\t\t\t\t\t<\/div>\n\t\t\t\t<\/div>\n\t\t\t\t\t<\/div>\n\t\t<\/div>\n\t\t\t\t\t<\/div>\n\t\t<\/section>\n\t\t\t\t<\/div>\n\t\t","protected":false},"excerpt":{"rendered":"<p>ITA Nationals Rio Marina \/ Elba, 23. &#8211; 25. September 2022 19 Teams am Start. 3 SUI. Von null bis Sturm &#8211; alles dabei. Und ITA Ambiente. Stefanini\/Borzani gewinnen, Ch. H\u00e4rdi\/Landerer C. werden Dritte. Freitag Morgen um 10:00 standen 19 Fireballs im Hafen bereit, davon 3 SUI, die schon am Vortag am Mittag angekommen waren. [&hellip;]<\/p>\n","protected":false},"author":3,"featured_media":0,"parent":555,"menu_order":8,"comment_status":"closed","ping_status":"closed","template":"","meta":{"site-sidebar-layout":"no-sidebar","site-content-layout":"page-builder","ast-site-content-layout":"default","site-content-style":"default","site-sidebar-style":"default","ast-global-header-display":"","ast-banner-title-visibility":"","ast-main-header-display":"","ast-hfb-above-header-display":"","ast-hfb-below-header-display":"","ast-hfb-mobile-header-display":"","site-post-title":"disabled","ast-breadcrumbs-content":"","ast-featured-img":"disabled","footer-sml-layout":"","theme-transparent-header-meta":"default","adv-header-id-meta":"","stick-header-meta":"","header-above-stick-meta":"","header-main-stick-meta":"","header-below-stick-meta":"","astra-migrate-meta-layouts":"default","ast-page-background-enabled":"default","ast-page-background-meta":{"desktop":{"background-color":"var(--ast-global-color-4)","background-image":"","background-repeat":"repeat","background-position":"center center","background-size":"auto","background-attachment":"scroll","background-type":"","background-media":"","overlay-type":"","overlay-color":"","overlay-opacity":"","overlay-gradient":""},"tablet":{"background-color":"","background-image":"","background-repeat":"repeat","background-position":"center center","background-size":"auto","background-attachment":"scroll","background-type":"","background-media":"","overlay-type":"","overlay-color":"","overlay-opacity":"","overlay-gradient":""},"mobile":{"background-color":"","background-image":"","background-repeat":"repeat","background-position":"center center","background-size":"auto","background-attachment":"scroll","background-type":"","background-media":"","overlay-type":"","overlay-color":"","overlay-opacity":"","overlay-gradient":""}},"ast-content-background-meta":{"desktop":{"background-color":"var(--ast-global-color-5)","background-image":"","background-repeat":"repeat","background-position":"center center","background-size":"auto","background-attachment":"scroll","background-type":"","background-media":"","overlay-type":"","overlay-color":"","overlay-opacity":"","overlay-gradient":""},"tablet":{"background-color":"var(--ast-global-color-5)","background-image":"","background-repeat":"repeat","background-position":"center center","background-size":"auto","background-attachment":"scroll","background-type":"","background-media":"","overlay-type":"","overlay-color":"","overlay-opacity":"","overlay-gradient":""},"mobile":{"background-color":"var(--ast-global-color-5)","background-image":"","background-repeat":"repeat","background-position":"center center","background-size":"auto","background-attachment":"scroll","background-type":"","background-media":"","overlay-type":"","overlay-color":"","overlay-opacity":"","overlay-gradient":""}},"footnotes":""},"class_list":["post-11796","page","type-page","status-publish","hentry"],"yoast_head":"<!-- This site is optimized with the Yoast SEO plugin v27.5 - https:\/\/yoast.com\/product\/yoast-seo-wordpress\/ -->\r\n<title>2022 ITA Nationals Rio Marina -<\/title>\r\n<meta name=\"robots\" content=\"index, follow, max-snippet:-1, max-image-preview:large, max-video-preview:-1\" \/>\r\n<link rel=\"canonical\" href=\"https:\/\/fireball.ch\/index.php\/regatta\/resultate-und-berichte\/ita-nationals-2022\/\" \/>\r\n<meta property=\"og:locale\" content=\"de_DE\" \/>\r\n<meta property=\"og:type\" content=\"article\" \/>\r\n<meta property=\"og:title\" content=\"2022 ITA Nationals Rio Marina -\" \/>\r\n<meta property=\"og:description\" content=\"ITA Nationals Rio Marina \/ Elba, 23. &#8211; 25. September 2022 19 Teams am Start. 3 SUI. Von null bis Sturm &#8211; alles dabei. Und ITA Ambiente. Stefanini\/Borzani gewinnen, Ch. H\u00e4rdi\/Landerer C. werden Dritte. Freitag Morgen um 10:00 standen 19 Fireballs im Hafen bereit, davon 3 SUI, die schon am Vortag am Mittag angekommen waren. [&hellip;]\" \/>\r\n<meta property=\"og:url\" content=\"https:\/\/fireball.ch\/index.php\/regatta\/resultate-und-berichte\/ita-nationals-2022\/\" \/>\r\n<meta property=\"article:modified_time\" content=\"2022-09-27T19:41:15+00:00\" \/>\r\n<meta property=\"og:image\" content=\"https:\/\/fireball.ch\/wp-content\/uploads\/2021\/04\/Bericht-2048x292.png\" \/>\r\n<meta name=\"twitter:card\" content=\"summary_large_image\" \/>\r\n<meta name=\"twitter:label1\" content=\"Gesch\u00e4tzte Lesezeit\" \/>\n\t<meta name=\"twitter:data1\" content=\"1\u00a0Minute\" \/>\r\n<script type=\"application\/ld+json\" class=\"yoast-schema-graph\">{\"@context\":\"https:\\\/\\\/schema.org\",\"@graph\":[{\"@type\":\"WebPage\",\"@id\":\"https:\\\/\\\/fireball.ch\\\/index.php\\\/regatta\\\/resultate-und-berichte\\\/ita-nationals-2022\\\/\",\"url\":\"https:\\\/\\\/fireball.ch\\\/index.php\\\/regatta\\\/resultate-und-berichte\\\/ita-nationals-2022\\\/\",\"name\":\"2022 ITA Nationals Rio Marina -\",\"isPartOf\":{\"@id\":\"https:\\\/\\\/fireball.ch\\\/#website\"},\"primaryImageOfPage\":{\"@id\":\"https:\\\/\\\/fireball.ch\\\/index.php\\\/regatta\\\/resultate-und-berichte\\\/ita-nationals-2022\\\/#primaryimage\"},\"image\":{\"@id\":\"https:\\\/\\\/fireball.ch\\\/index.php\\\/regatta\\\/resultate-und-berichte\\\/ita-nationals-2022\\\/#primaryimage\"},\"thumbnailUrl\":\"https:\\\/\\\/fireball.ch\\\/wp-content\\\/uploads\\\/2021\\\/04\\\/Bericht-2048x292.png\",\"datePublished\":\"2022-09-04T20:30:35+00:00\",\"dateModified\":\"2022-09-27T19:41:15+00:00\",\"breadcrumb\":{\"@id\":\"https:\\\/\\\/fireball.ch\\\/index.php\\\/regatta\\\/resultate-und-berichte\\\/ita-nationals-2022\\\/#breadcrumb\"},\"inLanguage\":\"de\",\"potentialAction\":[{\"@type\":\"ReadAction\",\"target\":[\"https:\\\/\\\/fireball.ch\\\/index.php\\\/regatta\\\/resultate-und-berichte\\\/ita-nationals-2022\\\/\"]}]},{\"@type\":\"ImageObject\",\"inLanguage\":\"de\",\"@id\":\"https:\\\/\\\/fireball.ch\\\/index.php\\\/regatta\\\/resultate-und-berichte\\\/ita-nationals-2022\\\/#primaryimage\",\"url\":\"https:\\\/\\\/fireball.ch\\\/wp-content\\\/uploads\\\/2021\\\/04\\\/Bericht.png\",\"contentUrl\":\"https:\\\/\\\/fireball.ch\\\/wp-content\\\/uploads\\\/2021\\\/04\\\/Bericht.png\",\"width\":2845,\"height\":405},{\"@type\":\"BreadcrumbList\",\"@id\":\"https:\\\/\\\/fireball.ch\\\/index.php\\\/regatta\\\/resultate-und-berichte\\\/ita-nationals-2022\\\/#breadcrumb\",\"itemListElement\":[{\"@type\":\"ListItem\",\"position\":1,\"name\":\"Startseite\",\"item\":\"https:\\\/\\\/fireball.ch\\\/\"},{\"@type\":\"ListItem\",\"position\":2,\"name\":\"Regatta\",\"item\":\"https:\\\/\\\/fireball.ch\\\/index.php\\\/regatta\\\/\"},{\"@type\":\"ListItem\",\"position\":3,\"name\":\"Resultate und Berichte\",\"item\":\"https:\\\/\\\/fireball.ch\\\/index.php\\\/regatta\\\/resultate-und-berichte\\\/\"},{\"@type\":\"ListItem\",\"position\":4,\"name\":\"2022 ITA Nationals Rio Marina\"}]},{\"@type\":\"WebSite\",\"@id\":\"https:\\\/\\\/fireball.ch\\\/#website\",\"url\":\"https:\\\/\\\/fireball.ch\\\/\",\"name\":\"Swiss Fireball\",\"description\":\"\",\"publisher\":{\"@id\":\"https:\\\/\\\/fireball.ch\\\/#organization\"},\"potentialAction\":[{\"@type\":\"SearchAction\",\"target\":{\"@type\":\"EntryPoint\",\"urlTemplate\":\"https:\\\/\\\/fireball.ch\\\/?s={search_term_string}\"},\"query-input\":{\"@type\":\"PropertyValueSpecification\",\"valueRequired\":true,\"valueName\":\"search_term_string\"}}],\"inLanguage\":\"de\"},{\"@type\":\"Organization\",\"@id\":\"https:\\\/\\\/fireball.ch\\\/#organization\",\"name\":\"Swiss Fireball\",\"url\":\"https:\\\/\\\/fireball.ch\\\/\",\"logo\":{\"@type\":\"ImageObject\",\"inLanguage\":\"de\",\"@id\":\"https:\\\/\\\/fireball.ch\\\/#\\\/schema\\\/logo\\\/image\\\/\",\"url\":\"https:\\\/\\\/fireball.ch\\\/wp-content\\\/uploads\\\/2021\\\/01\\\/cropped-logo_fireball.png\",\"contentUrl\":\"https:\\\/\\\/fireball.ch\\\/wp-content\\\/uploads\\\/2021\\\/01\\\/cropped-logo_fireball.png\",\"width\":220,\"height\":59,\"caption\":\"Swiss Fireball\"},\"image\":{\"@id\":\"https:\\\/\\\/fireball.ch\\\/#\\\/schema\\\/logo\\\/image\\\/\"}}]}<\/script>\r\n<!-- \/ Yoast SEO plugin. -->","yoast_head_json":{"title":"2022 ITA Nationals Rio Marina -","robots":{"index":"index","follow":"follow","max-snippet":"max-snippet:-1","max-image-preview":"max-image-preview:large","max-video-preview":"max-video-preview:-1"},"canonical":"https:\/\/fireball.ch\/index.php\/regatta\/resultate-und-berichte\/ita-nationals-2022\/","og_locale":"de_DE","og_type":"article","og_title":"2022 ITA Nationals Rio Marina -","og_description":"ITA Nationals Rio Marina \/ Elba, 23. &#8211; 25. September 2022 19 Teams am Start. 3 SUI. Von null bis Sturm &#8211; alles dabei. Und ITA Ambiente. Stefanini\/Borzani gewinnen, Ch. H\u00e4rdi\/Landerer C. werden Dritte. Freitag Morgen um 10:00 standen 19 Fireballs im Hafen bereit, davon 3 SUI, die schon am Vortag am Mittag angekommen waren. [&hellip;]","og_url":"https:\/\/fireball.ch\/index.php\/regatta\/resultate-und-berichte\/ita-nationals-2022\/","article_modified_time":"2022-09-27T19:41:15+00:00","og_image":[{"url":"https:\/\/fireball.ch\/wp-content\/uploads\/2021\/04\/Bericht-2048x292.png","type":"","width":"","height":""}],"twitter_card":"summary_large_image","twitter_misc":{"Gesch\u00e4tzte Lesezeit":"1\u00a0Minute"},"schema":{"@context":"https:\/\/schema.org","@graph":[{"@type":"WebPage","@id":"https:\/\/fireball.ch\/index.php\/regatta\/resultate-und-berichte\/ita-nationals-2022\/","url":"https:\/\/fireball.ch\/index.php\/regatta\/resultate-und-berichte\/ita-nationals-2022\/","name":"2022 ITA Nationals Rio Marina -","isPartOf":{"@id":"https:\/\/fireball.ch\/#website"},"primaryImageOfPage":{"@id":"https:\/\/fireball.ch\/index.php\/regatta\/resultate-und-berichte\/ita-nationals-2022\/#primaryimage"},"image":{"@id":"https:\/\/fireball.ch\/index.php\/regatta\/resultate-und-berichte\/ita-nationals-2022\/#primaryimage"},"thumbnailUrl":"https:\/\/fireball.ch\/wp-content\/uploads\/2021\/04\/Bericht-2048x292.png","datePublished":"2022-09-04T20:30:35+00:00","dateModified":"2022-09-27T19:41:15+00:00","breadcrumb":{"@id":"https:\/\/fireball.ch\/index.php\/regatta\/resultate-und-berichte\/ita-nationals-2022\/#breadcrumb"},"inLanguage":"de","potentialAction":[{"@type":"ReadAction","target":["https:\/\/fireball.ch\/index.php\/regatta\/resultate-und-berichte\/ita-nationals-2022\/"]}]},{"@type":"ImageObject","inLanguage":"de","@id":"https:\/\/fireball.ch\/index.php\/regatta\/resultate-und-berichte\/ita-nationals-2022\/#primaryimage","url":"https:\/\/fireball.ch\/wp-content\/uploads\/2021\/04\/Bericht.png","contentUrl":"https:\/\/fireball.ch\/wp-content\/uploads\/2021\/04\/Bericht.png","width":2845,"height":405},{"@type":"BreadcrumbList","@id":"https:\/\/fireball.ch\/index.php\/regatta\/resultate-und-berichte\/ita-nationals-2022\/#breadcrumb","itemListElement":[{"@type":"ListItem","position":1,"name":"Startseite","item":"https:\/\/fireball.ch\/"},{"@type":"ListItem","position":2,"name":"Regatta","item":"https:\/\/fireball.ch\/index.php\/regatta\/"},{"@type":"ListItem","position":3,"name":"Resultate und Berichte","item":"https:\/\/fireball.ch\/index.php\/regatta\/resultate-und-berichte\/"},{"@type":"ListItem","position":4,"name":"2022 ITA Nationals Rio Marina"}]},{"@type":"WebSite","@id":"https:\/\/fireball.ch\/#website","url":"https:\/\/fireball.ch\/","name":"Swiss Fireball","description":"","publisher":{"@id":"https:\/\/fireball.ch\/#organization"},"potentialAction":[{"@type":"SearchAction","target":{"@type":"EntryPoint","urlTemplate":"https:\/\/fireball.ch\/?s={search_term_string}"},"query-input":{"@type":"PropertyValueSpecification","valueRequired":true,"valueName":"search_term_string"}}],"inLanguage":"de"},{"@type":"Organization","@id":"https:\/\/fireball.ch\/#organization","name":"Swiss Fireball","url":"https:\/\/fireball.ch\/","logo":{"@type":"ImageObject","inLanguage":"de","@id":"https:\/\/fireball.ch\/#\/schema\/logo\/image\/","url":"https:\/\/fireball.ch\/wp-content\/uploads\/2021\/01\/cropped-logo_fireball.png","contentUrl":"https:\/\/fireball.ch\/wp-content\/uploads\/2021\/01\/cropped-logo_fireball.png","width":220,"height":59,"caption":"Swiss Fireball"},"image":{"@id":"https:\/\/fireball.ch\/#\/schema\/logo\/image\/"}}]}},"_links":{"self":[{"href":"https:\/\/fireball.ch\/index.php\/wp-json\/wp\/v2\/pages\/11796","targetHints":{"allow":["GET"]}}],"collection":[{"href":"https:\/\/fireball.ch\/index.php\/wp-json\/wp\/v2\/pages"}],"about":[{"href":"https:\/\/fireball.ch\/index.php\/wp-json\/wp\/v2\/types\/page"}],"author":[{"embeddable":true,"href":"https:\/\/fireball.ch\/index.php\/wp-json\/wp\/v2\/users\/3"}],"replies":[{"embeddable":true,"href":"https:\/\/fireball.ch\/index.php\/wp-json\/wp\/v2\/comments?post=11796"}],"version-history":[{"count":19,"href":"https:\/\/fireball.ch\/index.php\/wp-json\/wp\/v2\/pages\/11796\/revisions"}],"predecessor-version":[{"id":11951,"href":"https:\/\/fireball.ch\/index.php\/wp-json\/wp\/v2\/pages\/11796\/revisions\/11951"}],"up":[{"embeddable":true,"href":"https:\/\/fireball.ch\/index.php\/wp-json\/wp\/v2\/pages\/555"}],"wp:attachment":[{"href":"https:\/\/fireball.ch\/index.php\/wp-json\/wp\/v2\/media?parent=11796"}],"curies":[{"name":"wp","href":"https:\/\/api.w.org\/{rel}","templated":true}]}}