{"id":11174,"date":"2022-04-24T18:02:09","date_gmt":"2022-04-24T18:02:09","guid":{"rendered":"https:\/\/fireball.ch\/?page_id=11174"},"modified":"2022-05-01T06:35:30","modified_gmt":"2022-05-01T06:35:30","slug":"mammern-2022","status":"publish","type":"page","link":"https:\/\/fireball.ch\/index.php\/regatta\/resultate-und-berichte\/mammern-2022\/","title":{"rendered":"Mammern 2022"},"content":{"rendered":"\t\t<div data-elementor-type=\"wp-page\" data-elementor-id=\"11174\" class=\"elementor elementor-11174\" data-elementor-post-type=\"page\">\n\t\t\t\t\t\t<section class=\"elementor-section elementor-top-section elementor-element elementor-element-f09bb20 elementor-section-full_width elementor-section-stretched elementor-section-height-default elementor-section-height-default\" data-id=\"f09bb20\" data-element_type=\"section\" data-settings=\"{&quot;stretch_section&quot;:&quot;section-stretched&quot;}\">\n\t\t\t\t\t\t<div class=\"elementor-container elementor-column-gap-default\">\n\t\t\t\t\t<div class=\"elementor-column elementor-col-100 elementor-top-column elementor-element elementor-element-1d86ee4\" data-id=\"1d86ee4\" data-element_type=\"column\">\n\t\t\t<div class=\"elementor-widget-wrap elementor-element-populated\">\n\t\t\t\t\t\t<div class=\"elementor-element elementor-element-337827b elementor-widget elementor-widget-image\" data-id=\"337827b\" data-element_type=\"widget\" data-widget_type=\"image.default\">\n\t\t\t\t<div class=\"elementor-widget-container\">\n\t\t\t\t\t\t\t\t\t\t\t\t\t\t\t<img fetchpriority=\"high\" decoding=\"async\" width=\"2048\" height=\"292\" src=\"https:\/\/fireball.ch\/wp-content\/uploads\/2021\/04\/Bericht-2048x292.png\" class=\"attachment-2048x2048 size-2048x2048 wp-image-7535\" alt=\"\" srcset=\"https:\/\/fireball.ch\/wp-content\/uploads\/2021\/04\/Bericht-2048x292.png 2048w, https:\/\/fireball.ch\/wp-content\/uploads\/2021\/04\/Bericht-300x43.png 300w, https:\/\/fireball.ch\/wp-content\/uploads\/2021\/04\/Bericht-1024x146.png 1024w, https:\/\/fireball.ch\/wp-content\/uploads\/2021\/04\/Bericht-768x109.png 768w, https:\/\/fireball.ch\/wp-content\/uploads\/2021\/04\/Bericht-1536x219.png 1536w\" sizes=\"(max-width: 2048px) 100vw, 2048px\" \/>\t\t\t\t\t\t\t\t\t\t\t\t\t\t\t<\/div>\n\t\t\t\t<\/div>\n\t\t\t\t\t<\/div>\n\t\t<\/div>\n\t\t\t\t\t<\/div>\n\t\t<\/section>\n\t\t\t\t<section class=\"elementor-section elementor-top-section elementor-element elementor-element-218a22d elementor-section-boxed elementor-section-height-default elementor-section-height-default\" data-id=\"218a22d\" data-element_type=\"section\">\n\t\t\t\t\t\t<div class=\"elementor-container elementor-column-gap-default\">\n\t\t\t\t\t<div class=\"elementor-column elementor-col-100 elementor-top-column elementor-element elementor-element-e88c154\" data-id=\"e88c154\" data-element_type=\"column\">\n\t\t\t<div class=\"elementor-widget-wrap elementor-element-populated\">\n\t\t\t\t\t\t<div class=\"elementor-element elementor-element-7250e78 elementor-widget elementor-widget-spacer\" data-id=\"7250e78\" data-element_type=\"widget\" data-widget_type=\"spacer.default\">\n\t\t\t\t<div class=\"elementor-widget-container\">\n\t\t\t\t\t\t\t<div class=\"elementor-spacer\">\n\t\t\t<div class=\"elementor-spacer-inner\"><\/div>\n\t\t<\/div>\n\t\t\t\t\t\t<\/div>\n\t\t\t\t<\/div>\n\t\t\t\t\t<\/div>\n\t\t<\/div>\n\t\t\t\t\t<\/div>\n\t\t<\/section>\n\t\t\t\t<section class=\"elementor-section elementor-top-section elementor-element elementor-element-36e1b65 elementor-section-boxed elementor-section-height-default elementor-section-height-default\" data-id=\"36e1b65\" data-element_type=\"section\">\n\t\t\t\t\t\t<div class=\"elementor-container elementor-column-gap-default\">\n\t\t\t\t\t<div class=\"elementor-column elementor-col-100 elementor-top-column elementor-element elementor-element-85a2a1c\" data-id=\"85a2a1c\" data-element_type=\"column\">\n\t\t\t<div class=\"elementor-widget-wrap elementor-element-populated\">\n\t\t\t\t\t\t<div class=\"elementor-element elementor-element-dce2f0d elementor-widget elementor-widget-heading\" data-id=\"dce2f0d\" data-element_type=\"widget\" data-widget_type=\"heading.default\">\n\t\t\t\t<div class=\"elementor-widget-container\">\n\t\t\t\t\t<h3 class=\"elementor-heading-title elementor-size-default\">Swiss Cup Mammern, 23.\/24. April 2022<\/h3>\t\t\t\t<\/div>\n\t\t\t\t<\/div>\n\t\t\t\t\t<\/div>\n\t\t<\/div>\n\t\t\t\t\t<\/div>\n\t\t<\/section>\n\t\t\t\t<section class=\"elementor-section elementor-top-section elementor-element elementor-element-0c419cc elementor-section-boxed elementor-section-height-default elementor-section-height-default\" data-id=\"0c419cc\" data-element_type=\"section\">\n\t\t\t\t\t\t<div class=\"elementor-container elementor-column-gap-default\">\n\t\t\t\t\t<div class=\"elementor-column elementor-col-100 elementor-top-column elementor-element elementor-element-53bbc9a\" data-id=\"53bbc9a\" data-element_type=\"column\">\n\t\t\t<div class=\"elementor-widget-wrap elementor-element-populated\">\n\t\t\t\t\t\t<div class=\"elementor-element elementor-element-c959b52 elementor-widget elementor-widget-text-editor\" data-id=\"c959b52\" data-element_type=\"widget\" data-widget_type=\"text-editor.default\">\n\t\t\t\t<div class=\"elementor-widget-container\">\n\t\t\t\t\t\t\t\t\t<p><strong><em>2 Jahre Ausfall wegen Corona und jetzt die erste Swiss Cup Regatte in der Saison 2022. Mit 16 Teams gut besucht. 6 Rennen bei sehr unterschiedlichen Windbedingungen. Auf dem Podest Ch.\u00a0 H\u00e4rdi \/ Landerer C, Venhoda K.\/S. Zaugg und zuoberst Mermod\/Moser.<\/em><\/strong><\/p>\t\t\t\t\t\t\t\t<\/div>\n\t\t\t\t<\/div>\n\t\t\t\t\t<\/div>\n\t\t<\/div>\n\t\t\t\t\t<\/div>\n\t\t<\/section>\n\t\t\t\t<section class=\"elementor-section elementor-top-section elementor-element elementor-element-173cf4b elementor-section-boxed elementor-section-height-default elementor-section-height-default\" data-id=\"173cf4b\" data-element_type=\"section\">\n\t\t\t\t\t\t<div class=\"elementor-container elementor-column-gap-default\">\n\t\t\t\t\t<div class=\"elementor-column elementor-col-100 elementor-top-column elementor-element elementor-element-bcd780a\" data-id=\"bcd780a\" data-element_type=\"column\">\n\t\t\t<div class=\"elementor-widget-wrap elementor-element-populated\">\n\t\t\t\t\t\t<div class=\"elementor-element elementor-element-b5bc6e5 elementor-widget elementor-widget-text-editor\" data-id=\"b5bc6e5\" data-element_type=\"widget\" data-widget_type=\"text-editor.default\">\n\t\t\t\t<div class=\"elementor-widget-container\">\n\t\t\t\t\t\t\t\t\t<p>Angereist waren Fireballs, Finns und Contenders, wobei Finn mit 30 Booten die gr\u00f6sste Flotte stellte.<br \/>F\u00f6hn auf dem Unterseee ist nicht gerade die Kr\u00f6nung. Er kommt aus \u00f6stlicher Richtung. Unstete B\u00f6en mit abrupten Richtungswechseln sind dann zu erwarten. Und so war es denn bei tr\u00fcbem, herbstlich anmutendem Wetter am Samstagnachmittag eine diffizile Angelegenheit immer vorne zu sein. Der 1. Lauf wurde streckenweise zum Abbruchkandidat &#8211; aber man liess laufen mit dem Motto: Was man hat, das hat man. Es war ja \u00fcberhaupt nicht sicher, ob das das einzige Rennen des Wochenendes werden w\u00fcrde&#8230;<br \/>Nach l\u00e4ngerer D\u00fcmpelpause konnten dennoch Lauf 2 und 3 stattfinden, zum Gl\u00fcck bei etwas stabileren Bedingungen. Die starken Dreher blieben aber weiterhin.<br \/>Am besten meisterten Venhoda K.\/S. Zaugg den schwierigen Wind. Mit 1\/2\/2 waren sie die logischen \u00dcbernacht-Leader. Mermod\/Moser und Giovanoli\/S. Giovanoli folgten mit auch je einem Laufsieg.<\/p><p>Da es das Restaurant Hecht in Mammern nicht mehr gibt, war die neue Lokalit\u00e4t f\u00fcrs Nachtessen die Turnhalle im Schulhaus. Geht auch. Die Organisatoren tun wirklich alles, damit es uns wohl ist, z.B. mit der Dekoration der Tische. Einfach sch\u00f6n.<\/p><p>Weil auf den Sonntagmorgen Westwind angesagt war, wollte man uns schon fr\u00fch wieder auf dem Wasser haben. Daraus wurde aber vorerst nichts. \u00c4olus war noch nicht wach. Nach kurzer Verschiebung wars aber trotzdem besser, die Boote geschwind ins Wasser zu schieben. Heute gings nun gestreckt im Trapez zum Start.\u00a0<br \/>3 Rennen konnten bei zunehmendem S\u00fcdwestwind gefahren werden. Zum Gl\u00fcck noch ohne Regen. Auch dieser Wind ist auf dem Untersee b\u00f6ig und drehend. Aber kein Vergleich zum Vortag. So waren es nun Mermod\/Moser, die es immer wieder schafften, an die Spitze zu gelangen. Genauso konstant fuhren auch Venhoda K.\/S. Zaugg auf die Pl\u00e4tze 2. Damit tauschten diese beiden Teams die R\u00e4nge in der Endabrechnung. Ch. H\u00e4rdi \/ Landerer C. kamen auch besser in Schwung und holten sich den Bronze Platz. Das Damenteam Ch. Suri\/M. Liechti konnte im Training Port Camargue Gelerntes hervorragend umsetzen. Sie sch\u00fcttelten mit gutem Finish die restlichen Verfolger ab und platzieren sich auf Rang 4.<br \/>So endete das Wochenende doch noch mit ein paar Spass-Ritten mit Spi. Beim Zusammenr\u00e4umen und bei der Preisverteilung erreichte uns der Regen auch noch. Aber das war nun egal.<\/p><p>Mit 3 Klassen mit starken Feldern waren mit den Helfern gut 100 Leute zusammen gekommen. Toll. Den Organisatoren gefiel es, auch wenn es dadurch ein paar organisatorische H\u00fcrden gab, die aber gut gemeistert wurden. Danke. Mammern, wir kommen gerne wieder!<\/p>\t\t\t\t\t\t\t\t<\/div>\n\t\t\t\t<\/div>\n\t\t\t\t\t<\/div>\n\t\t<\/div>\n\t\t\t\t\t<\/div>\n\t\t<\/section>\n\t\t\t\t<section class=\"elementor-section elementor-top-section elementor-element elementor-element-0596446 elementor-section-boxed elementor-section-height-default elementor-section-height-default\" data-id=\"0596446\" data-element_type=\"section\">\n\t\t\t\t\t\t<div class=\"elementor-container elementor-column-gap-default\">\n\t\t\t\t\t<div class=\"elementor-column elementor-col-100 elementor-top-column elementor-element elementor-element-9c3a051\" data-id=\"9c3a051\" data-element_type=\"column\">\n\t\t\t<div class=\"elementor-widget-wrap elementor-element-populated\">\n\t\t\t\t\t\t<div class=\"elementor-element elementor-element-fadb207 elementor-widget elementor-widget-text-editor\" data-id=\"fadb207\" data-element_type=\"widget\" data-widget_type=\"text-editor.default\">\n\t\t\t\t<div class=\"elementor-widget-container\">\n\t\t\t\t\t\t\t\t\t<p><strong>Rangliste<\/strong><br \/><i>16 Teams, 6 L\u00e4ufe, 1 Streicher, Wind: Sa O 1-3 Bft. So W 3-5 Bft.<\/i><\/p>\t\t\t\t\t\t\t\t<\/div>\n\t\t\t\t<\/div>\n\t\t\t\t<div class=\"elementor-element elementor-element-650cf8e elementor-widget elementor-widget-html\" data-id=\"650cf8e\" data-element_type=\"widget\" data-widget_type=\"html.default\">\n\t\t\t\t<div class=\"elementor-widget-container\">\n\t\t\t\t\t\r\n<table style=\"width: 24em;\">\r\n<tr>\r\n    <td><i>Rang<\/i><\/td>\r\n    <td><i>Team<\/i><\/td>\r\n    <td><i>Punkte<\/i><\/td>\r\n    <td><i>Total<\/i><\/td>\r\n<\/tr>\r\n   \r\n<tr>\r\n <td> 1.<br> SUI<\/td>\r\n <td> Mermod<br>Moser<\/td>\r\n <td> 2-3-1-1-1-1<\/td>\r\n <td> <b>6<\/b><\/td>\r\n<\/tr>\r\n<tr>\r\n <td> 2.<br>SUI<\/td>\r\n <td> Venhoda K. <br> S. Zaugg<\/td>\r\n <td> 1-2-2-2-2-2<\/td>\r\n <td> <b>9<\/b><\/td>\r\n<\/tr>\r\n<tr>\r\n <td> 3.<br>SUI<\/td>\r\n <td> Ch. H\u00e4rdi <br> Landerer C.<\/td>\r\n <td> 3-5-5-3-4-3<\/td>\r\n <td> <b>18<\/b><\/td>\r\n<\/tr>\r\n\r\n<tr>\r\n <td> 4.<br>SUI<\/td>\r\n<td> Ch. Suri <br> M. Liechti<\/td>\r\n <td> 6-12-4-7-3-5<\/td>\r\n <td> <b>25<\/b><\/td>\r\n<\/tr>\r\n\r\n<tr>\r\n <td> 5.<br>SUI<\/td>\r\n <td> Giovanoli <br> S. Giovanoli<\/td>\r\n <td> 4-1-8-9-6-9<\/td>\r\n <td> <b>28<\/b><\/td>\r\n<\/tr>\r\n\r\n<tr>\r\n <td> 6.<br>SUI<\/td>\r\n <td> Nolle <br> Leemann<\/td>\r\n <td> 9-4-12-4-5-6<\/td>\r\n <td> <b>28<\/b><\/td>\r\n<\/tr>\r\n\r\n<tr>\r\n <td> 7.<br>SUI<\/td>\r\n <td> R. Baumgartner <br> Sch\u00e4rer<\/td>\r\n <td> 8-9-6-5-ocs-4<\/td>\r\n <td> <b>32<\/b><\/td>\r\n<\/tr>\r\n\r\n<tr>\r\n <td> 8.<br>SUI<\/td>\r\n <td> D\u00fcscher <br> Venhoda T.<\/td>\r\n <td> 10-8-3-8-14-7<\/td>\r\n <td> <b>36<\/b><\/td>\r\n<\/tr>\r\n\r\n<tr>\r\n <td> 9.<br>SUI<\/td>\r\n <td> L. Brugger <br> Bredenbals<\/td>\r\n <td> 5-13-7-15-7-8<\/td>\r\n <td> <b>40<\/b><\/td>\r\n<\/tr>\r\n\r\n <td> 10.<br>SUI<\/td>\r\n <td> M. Erne <br> Horvath<\/td>\r\n <td> 7-6-11-12-8-12<\/td>\r\n <td> <b>44<\/b><\/td>\r\n<\/tr>\r\n\r\n <td> 11.<br>SUI<\/td>\r\n \r\n <td> M. Suter <br> B\u00f6hm<\/td>\r\n <td> 11-7-9-11-9-11<\/td>\r\n <td> <b>47<\/b><\/td>\r\n<\/tr>\r\n\r\n <td> 12.<br>SUI<\/td>\r\n \r\n <td> M. Venhoda <br> Klier<\/td>\r\n <td> 15-14-10-6-10-13<\/td>\r\n <td> <b>53<\/b><\/td>\r\n<\/tr>\r\n\r\n <td> 13.<br>SUI<\/td>\r\n \r\n <td> Gautschi <br> S. Kramer<\/td>\r\n <td> 16-11-13-13-11-10<\/td>\r\n <td> <b>58<\/b><\/td>\r\n<\/tr>\r\n\r\n<tr>\r\n <td> 14.<br>SUI<\/td>\r\n <td> F. Kramer<br> Sauer<\/td>\r\n <td> 13-10-14-10-12-dns<\/td>\r\n <td> <b>59<\/b><\/td>\r\n<\/tr>\r\n\r\n<tr>\r\n <td> 15.<br>SUI<\/td>\r\n <td> Schneibel H.<br> Fl\u00fcck<\/td>\r\n <td> 14-15-15-14-13-15<\/td>\r\n <td> <b>71<\/b><\/td>\r\n<\/tr>\r\n<tr>\r\n<td> 16.<br>SUI<\/td>\r\n <td> Meinl <br> Haueter<\/td>\r\n <td> 12-16-16-dns-15-14<\/td>\r\n <td> <b>73<\/b><\/td>\r\n<\/tr>\r\n<\/table>\t\t\t\t<\/div>\n\t\t\t\t<\/div>\n\t\t\t\t\t<\/div>\n\t\t<\/div>\n\t\t\t\t\t<\/div>\n\t\t<\/section>\n\t\t\t\t<section class=\"elementor-section elementor-top-section elementor-element elementor-element-1bfc96c elementor-section-boxed elementor-section-height-default elementor-section-height-default\" data-id=\"1bfc96c\" data-element_type=\"section\">\n\t\t\t\t\t\t<div class=\"elementor-container elementor-column-gap-default\">\n\t\t\t\t\t<div class=\"elementor-column elementor-col-100 elementor-top-column elementor-element elementor-element-cc24936\" data-id=\"cc24936\" data-element_type=\"column\">\n\t\t\t<div class=\"elementor-widget-wrap elementor-element-populated\">\n\t\t\t\t\t\t<div class=\"elementor-element elementor-element-87c97aa elementor-widget elementor-widget-text-editor\" data-id=\"87c97aa\" data-element_type=\"widget\" data-widget_type=\"text-editor.default\">\n\t\t\t\t<div class=\"elementor-widget-container\">\n\t\t\t\t\t\t\t\t\t<p style=\"text-align: center;\"><a href=\"#\">zur\u00fcck<\/a><\/p>\t\t\t\t\t\t\t\t<\/div>\n\t\t\t\t<\/div>\n\t\t\t\t\t<\/div>\n\t\t<\/div>\n\t\t\t\t\t<\/div>\n\t\t<\/section>\n\t\t\t\t<\/div>\n\t\t","protected":false},"excerpt":{"rendered":"<p>Swiss Cup Mammern, 23.\/24. April 2022 2 Jahre Ausfall wegen Corona und jetzt die erste Swiss Cup Regatte in der Saison 2022. Mit 16 Teams gut besucht. 6 Rennen bei sehr unterschiedlichen Windbedingungen. Auf dem Podest Ch.\u00a0 H\u00e4rdi \/ Landerer C, Venhoda K.\/S. Zaugg und zuoberst Mermod\/Moser. Angereist waren Fireballs, Finns und Contenders, wobei Finn [&hellip;]<\/p>\n","protected":false},"author":3,"featured_media":0,"parent":555,"menu_order":43,"comment_status":"closed","ping_status":"closed","template":"","meta":{"site-sidebar-layout":"no-sidebar","site-content-layout":"page-builder","ast-site-content-layout":"default","site-content-style":"default","site-sidebar-style":"default","ast-global-header-display":"","ast-banner-title-visibility":"","ast-main-header-display":"","ast-hfb-above-header-display":"","ast-hfb-below-header-display":"","ast-hfb-mobile-header-display":"","site-post-title":"disabled","ast-breadcrumbs-content":"","ast-featured-img":"disabled","footer-sml-layout":"","theme-transparent-header-meta":"default","adv-header-id-meta":"","stick-header-meta":"","header-above-stick-meta":"","header-main-stick-meta":"","header-below-stick-meta":"","astra-migrate-meta-layouts":"default","ast-page-background-enabled":"default","ast-page-background-meta":{"desktop":{"background-color":"var(--ast-global-color-4)","background-image":"","background-repeat":"repeat","background-position":"center center","background-size":"auto","background-attachment":"scroll","background-type":"","background-media":"","overlay-type":"","overlay-color":"","overlay-opacity":"","overlay-gradient":""},"tablet":{"background-color":"","background-image":"","background-repeat":"repeat","background-position":"center center","background-size":"auto","background-attachment":"scroll","background-type":"","background-media":"","overlay-type":"","overlay-color":"","overlay-opacity":"","overlay-gradient":""},"mobile":{"background-color":"","background-image":"","background-repeat":"repeat","background-position":"center center","background-size":"auto","background-attachment":"scroll","background-type":"","background-media":"","overlay-type":"","overlay-color":"","overlay-opacity":"","overlay-gradient":""}},"ast-content-background-meta":{"desktop":{"background-color":"var(--ast-global-color-5)","background-image":"","background-repeat":"repeat","background-position":"center center","background-size":"auto","background-attachment":"scroll","background-type":"","background-media":"","overlay-type":"","overlay-color":"","overlay-opacity":"","overlay-gradient":""},"tablet":{"background-color":"var(--ast-global-color-5)","background-image":"","background-repeat":"repeat","background-position":"center center","background-size":"auto","background-attachment":"scroll","background-type":"","background-media":"","overlay-type":"","overlay-color":"","overlay-opacity":"","overlay-gradient":""},"mobile":{"background-color":"var(--ast-global-color-5)","background-image":"","background-repeat":"repeat","background-position":"center center","background-size":"auto","background-attachment":"scroll","background-type":"","background-media":"","overlay-type":"","overlay-color":"","overlay-opacity":"","overlay-gradient":""}},"footnotes":""},"class_list":["post-11174","page","type-page","status-publish","hentry"],"yoast_head":"<!-- This site is optimized with the Yoast SEO plugin v27.5 - https:\/\/yoast.com\/product\/yoast-seo-wordpress\/ -->\r\n<title>Mammern 2022 -<\/title>\r\n<meta name=\"robots\" content=\"index, follow, max-snippet:-1, max-image-preview:large, max-video-preview:-1\" \/>\r\n<link rel=\"canonical\" href=\"https:\/\/fireball.ch\/index.php\/regatta\/resultate-und-berichte\/mammern-2022\/\" \/>\r\n<meta property=\"og:locale\" content=\"de_DE\" \/>\r\n<meta property=\"og:type\" content=\"article\" \/>\r\n<meta property=\"og:title\" content=\"Mammern 2022 -\" \/>\r\n<meta property=\"og:description\" content=\"Swiss Cup Mammern, 23.\/24. April 2022 2 Jahre Ausfall wegen Corona und jetzt die erste Swiss Cup Regatte in der Saison 2022. Mit 16 Teams gut besucht. 6 Rennen bei sehr unterschiedlichen Windbedingungen. Auf dem Podest Ch.\u00a0 H\u00e4rdi \/ Landerer C, Venhoda K.\/S. Zaugg und zuoberst Mermod\/Moser. Angereist waren Fireballs, Finns und Contenders, wobei Finn [&hellip;]\" \/>\r\n<meta property=\"og:url\" content=\"https:\/\/fireball.ch\/index.php\/regatta\/resultate-und-berichte\/mammern-2022\/\" \/>\r\n<meta property=\"article:modified_time\" content=\"2022-05-01T06:35:30+00:00\" \/>\r\n<meta property=\"og:image\" content=\"https:\/\/fireball.ch\/wp-content\/uploads\/2021\/04\/Bericht-2048x292.png\" \/>\r\n<meta name=\"twitter:card\" content=\"summary_large_image\" \/>\r\n<meta name=\"twitter:label1\" content=\"Gesch\u00e4tzte Lesezeit\" \/>\n\t<meta name=\"twitter:data1\" content=\"1\u00a0Minute\" \/>\r\n<script type=\"application\/ld+json\" class=\"yoast-schema-graph\">{\"@context\":\"https:\\\/\\\/schema.org\",\"@graph\":[{\"@type\":\"WebPage\",\"@id\":\"https:\\\/\\\/fireball.ch\\\/index.php\\\/regatta\\\/resultate-und-berichte\\\/mammern-2022\\\/\",\"url\":\"https:\\\/\\\/fireball.ch\\\/index.php\\\/regatta\\\/resultate-und-berichte\\\/mammern-2022\\\/\",\"name\":\"Mammern 2022 -\",\"isPartOf\":{\"@id\":\"https:\\\/\\\/fireball.ch\\\/#website\"},\"primaryImageOfPage\":{\"@id\":\"https:\\\/\\\/fireball.ch\\\/index.php\\\/regatta\\\/resultate-und-berichte\\\/mammern-2022\\\/#primaryimage\"},\"image\":{\"@id\":\"https:\\\/\\\/fireball.ch\\\/index.php\\\/regatta\\\/resultate-und-berichte\\\/mammern-2022\\\/#primaryimage\"},\"thumbnailUrl\":\"https:\\\/\\\/fireball.ch\\\/wp-content\\\/uploads\\\/2021\\\/04\\\/Bericht-2048x292.png\",\"datePublished\":\"2022-04-24T18:02:09+00:00\",\"dateModified\":\"2022-05-01T06:35:30+00:00\",\"breadcrumb\":{\"@id\":\"https:\\\/\\\/fireball.ch\\\/index.php\\\/regatta\\\/resultate-und-berichte\\\/mammern-2022\\\/#breadcrumb\"},\"inLanguage\":\"de\",\"potentialAction\":[{\"@type\":\"ReadAction\",\"target\":[\"https:\\\/\\\/fireball.ch\\\/index.php\\\/regatta\\\/resultate-und-berichte\\\/mammern-2022\\\/\"]}]},{\"@type\":\"ImageObject\",\"inLanguage\":\"de\",\"@id\":\"https:\\\/\\\/fireball.ch\\\/index.php\\\/regatta\\\/resultate-und-berichte\\\/mammern-2022\\\/#primaryimage\",\"url\":\"https:\\\/\\\/fireball.ch\\\/wp-content\\\/uploads\\\/2021\\\/04\\\/Bericht.png\",\"contentUrl\":\"https:\\\/\\\/fireball.ch\\\/wp-content\\\/uploads\\\/2021\\\/04\\\/Bericht.png\",\"width\":2845,\"height\":405},{\"@type\":\"BreadcrumbList\",\"@id\":\"https:\\\/\\\/fireball.ch\\\/index.php\\\/regatta\\\/resultate-und-berichte\\\/mammern-2022\\\/#breadcrumb\",\"itemListElement\":[{\"@type\":\"ListItem\",\"position\":1,\"name\":\"Startseite\",\"item\":\"https:\\\/\\\/fireball.ch\\\/\"},{\"@type\":\"ListItem\",\"position\":2,\"name\":\"Regatta\",\"item\":\"https:\\\/\\\/fireball.ch\\\/index.php\\\/regatta\\\/\"},{\"@type\":\"ListItem\",\"position\":3,\"name\":\"Resultate und Berichte\",\"item\":\"https:\\\/\\\/fireball.ch\\\/index.php\\\/regatta\\\/resultate-und-berichte\\\/\"},{\"@type\":\"ListItem\",\"position\":4,\"name\":\"Mammern 2022\"}]},{\"@type\":\"WebSite\",\"@id\":\"https:\\\/\\\/fireball.ch\\\/#website\",\"url\":\"https:\\\/\\\/fireball.ch\\\/\",\"name\":\"Swiss Fireball\",\"description\":\"\",\"publisher\":{\"@id\":\"https:\\\/\\\/fireball.ch\\\/#organization\"},\"potentialAction\":[{\"@type\":\"SearchAction\",\"target\":{\"@type\":\"EntryPoint\",\"urlTemplate\":\"https:\\\/\\\/fireball.ch\\\/?s={search_term_string}\"},\"query-input\":{\"@type\":\"PropertyValueSpecification\",\"valueRequired\":true,\"valueName\":\"search_term_string\"}}],\"inLanguage\":\"de\"},{\"@type\":\"Organization\",\"@id\":\"https:\\\/\\\/fireball.ch\\\/#organization\",\"name\":\"Swiss Fireball\",\"url\":\"https:\\\/\\\/fireball.ch\\\/\",\"logo\":{\"@type\":\"ImageObject\",\"inLanguage\":\"de\",\"@id\":\"https:\\\/\\\/fireball.ch\\\/#\\\/schema\\\/logo\\\/image\\\/\",\"url\":\"https:\\\/\\\/fireball.ch\\\/wp-content\\\/uploads\\\/2021\\\/01\\\/cropped-logo_fireball.png\",\"contentUrl\":\"https:\\\/\\\/fireball.ch\\\/wp-content\\\/uploads\\\/2021\\\/01\\\/cropped-logo_fireball.png\",\"width\":220,\"height\":59,\"caption\":\"Swiss Fireball\"},\"image\":{\"@id\":\"https:\\\/\\\/fireball.ch\\\/#\\\/schema\\\/logo\\\/image\\\/\"}}]}<\/script>\r\n<!-- \/ Yoast SEO plugin. -->","yoast_head_json":{"title":"Mammern 2022 -","robots":{"index":"index","follow":"follow","max-snippet":"max-snippet:-1","max-image-preview":"max-image-preview:large","max-video-preview":"max-video-preview:-1"},"canonical":"https:\/\/fireball.ch\/index.php\/regatta\/resultate-und-berichte\/mammern-2022\/","og_locale":"de_DE","og_type":"article","og_title":"Mammern 2022 -","og_description":"Swiss Cup Mammern, 23.\/24. April 2022 2 Jahre Ausfall wegen Corona und jetzt die erste Swiss Cup Regatte in der Saison 2022. Mit 16 Teams gut besucht. 6 Rennen bei sehr unterschiedlichen Windbedingungen. Auf dem Podest Ch.\u00a0 H\u00e4rdi \/ Landerer C, Venhoda K.\/S. Zaugg und zuoberst Mermod\/Moser. Angereist waren Fireballs, Finns und Contenders, wobei Finn [&hellip;]","og_url":"https:\/\/fireball.ch\/index.php\/regatta\/resultate-und-berichte\/mammern-2022\/","article_modified_time":"2022-05-01T06:35:30+00:00","og_image":[{"url":"https:\/\/fireball.ch\/wp-content\/uploads\/2021\/04\/Bericht-2048x292.png","type":"","width":"","height":""}],"twitter_card":"summary_large_image","twitter_misc":{"Gesch\u00e4tzte Lesezeit":"1\u00a0Minute"},"schema":{"@context":"https:\/\/schema.org","@graph":[{"@type":"WebPage","@id":"https:\/\/fireball.ch\/index.php\/regatta\/resultate-und-berichte\/mammern-2022\/","url":"https:\/\/fireball.ch\/index.php\/regatta\/resultate-und-berichte\/mammern-2022\/","name":"Mammern 2022 -","isPartOf":{"@id":"https:\/\/fireball.ch\/#website"},"primaryImageOfPage":{"@id":"https:\/\/fireball.ch\/index.php\/regatta\/resultate-und-berichte\/mammern-2022\/#primaryimage"},"image":{"@id":"https:\/\/fireball.ch\/index.php\/regatta\/resultate-und-berichte\/mammern-2022\/#primaryimage"},"thumbnailUrl":"https:\/\/fireball.ch\/wp-content\/uploads\/2021\/04\/Bericht-2048x292.png","datePublished":"2022-04-24T18:02:09+00:00","dateModified":"2022-05-01T06:35:30+00:00","breadcrumb":{"@id":"https:\/\/fireball.ch\/index.php\/regatta\/resultate-und-berichte\/mammern-2022\/#breadcrumb"},"inLanguage":"de","potentialAction":[{"@type":"ReadAction","target":["https:\/\/fireball.ch\/index.php\/regatta\/resultate-und-berichte\/mammern-2022\/"]}]},{"@type":"ImageObject","inLanguage":"de","@id":"https:\/\/fireball.ch\/index.php\/regatta\/resultate-und-berichte\/mammern-2022\/#primaryimage","url":"https:\/\/fireball.ch\/wp-content\/uploads\/2021\/04\/Bericht.png","contentUrl":"https:\/\/fireball.ch\/wp-content\/uploads\/2021\/04\/Bericht.png","width":2845,"height":405},{"@type":"BreadcrumbList","@id":"https:\/\/fireball.ch\/index.php\/regatta\/resultate-und-berichte\/mammern-2022\/#breadcrumb","itemListElement":[{"@type":"ListItem","position":1,"name":"Startseite","item":"https:\/\/fireball.ch\/"},{"@type":"ListItem","position":2,"name":"Regatta","item":"https:\/\/fireball.ch\/index.php\/regatta\/"},{"@type":"ListItem","position":3,"name":"Resultate und Berichte","item":"https:\/\/fireball.ch\/index.php\/regatta\/resultate-und-berichte\/"},{"@type":"ListItem","position":4,"name":"Mammern 2022"}]},{"@type":"WebSite","@id":"https:\/\/fireball.ch\/#website","url":"https:\/\/fireball.ch\/","name":"Swiss Fireball","description":"","publisher":{"@id":"https:\/\/fireball.ch\/#organization"},"potentialAction":[{"@type":"SearchAction","target":{"@type":"EntryPoint","urlTemplate":"https:\/\/fireball.ch\/?s={search_term_string}"},"query-input":{"@type":"PropertyValueSpecification","valueRequired":true,"valueName":"search_term_string"}}],"inLanguage":"de"},{"@type":"Organization","@id":"https:\/\/fireball.ch\/#organization","name":"Swiss Fireball","url":"https:\/\/fireball.ch\/","logo":{"@type":"ImageObject","inLanguage":"de","@id":"https:\/\/fireball.ch\/#\/schema\/logo\/image\/","url":"https:\/\/fireball.ch\/wp-content\/uploads\/2021\/01\/cropped-logo_fireball.png","contentUrl":"https:\/\/fireball.ch\/wp-content\/uploads\/2021\/01\/cropped-logo_fireball.png","width":220,"height":59,"caption":"Swiss Fireball"},"image":{"@id":"https:\/\/fireball.ch\/#\/schema\/logo\/image\/"}}]}},"_links":{"self":[{"href":"https:\/\/fireball.ch\/index.php\/wp-json\/wp\/v2\/pages\/11174","targetHints":{"allow":["GET"]}}],"collection":[{"href":"https:\/\/fireball.ch\/index.php\/wp-json\/wp\/v2\/pages"}],"about":[{"href":"https:\/\/fireball.ch\/index.php\/wp-json\/wp\/v2\/types\/page"}],"author":[{"embeddable":true,"href":"https:\/\/fireball.ch\/index.php\/wp-json\/wp\/v2\/users\/3"}],"replies":[{"embeddable":true,"href":"https:\/\/fireball.ch\/index.php\/wp-json\/wp\/v2\/comments?post=11174"}],"version-history":[{"count":23,"href":"https:\/\/fireball.ch\/index.php\/wp-json\/wp\/v2\/pages\/11174\/revisions"}],"predecessor-version":[{"id":11274,"href":"https:\/\/fireball.ch\/index.php\/wp-json\/wp\/v2\/pages\/11174\/revisions\/11274"}],"up":[{"embeddable":true,"href":"https:\/\/fireball.ch\/index.php\/wp-json\/wp\/v2\/pages\/555"}],"wp:attachment":[{"href":"https:\/\/fireball.ch\/index.php\/wp-json\/wp\/v2\/media?parent=11174"}],"curies":[{"name":"wp","href":"https:\/\/api.w.org\/{rel}","templated":true}]}}